{"id":2566,"date":"2023-10-30T12:45:51","date_gmt":"2023-10-30T11:45:51","guid":{"rendered":"https:\/\/oeco.si\/?page_id=2566"},"modified":"2023-10-30T12:49:22","modified_gmt":"2023-10-30T11:49:22","slug":"evropski-projekti","status":"publish","type":"page","link":"https:\/\/oeco.si\/sl\/evropski-projekti\/","title":{"rendered":"Evropski projekti"},"content":{"rendered":"[vc_row][vc_column][vc_custom_heading text=&#8221;PROJEKT VZPOSTAVITEV NOVE POSLOVNE ENOTE PODJETJA OECO&#8221; font_container=&#8221;tag:h1|font_size:30px|text_align:center|color:%23000000&#8243; use_theme_fonts=&#8221;yes&#8221;][vc_column_text css=&#8221;.vc_custom_1698666554156{margin-top: 50px !important;margin-bottom: 60px !important;}&#8221;]Projekt zajema izgradnjo nove energetsko u\u010dinkovite proizvodne hale in nakup novih obdelovalnih strojev, za vzpostavitev proizvodnega procesa. Nabavljeni bodo stroji kot so 5-osni CNC obdelovalni stroj, \u017ei\u010dna in potopna elektroerozija, ploskovni brusilni stroj, stroj za lasersko varjenje ter mostno dvigalo.<\/p>\n<p>Namen projekta je prispevati k pove\u010danju investicij z vi\u0161jo dodano vrednostjo v dele\u017eu BDP, pove\u010danju dele\u017ea trajnostno naravnanih investicij, ki imajo v strukturi stro\u0161kov zelene in digitalne re\u0161itve, ki izbolj\u0161ujejo konkuren\u010dni polo\u017eaj podjetij in zmanj\u0161evanju razvojnih razlik obmejnih problemskih obmo\u010dij napram preostali Sloveniji.<\/p>\n<p>Cilji projekta je, da se z izvedbo investicije dose\u017ee pove\u010danje dodane vrednosti na zaposlenega in zmanj\u0161a poraba energije ter surovin pri proizvodnji izdelkov.<\/p>\n<p>Nalo\u017eba je del ukrepov slovenskega na\u010drta, ki ga financira mehanizem.[\/vc_column_text][vc_column_text css=&#8221;.vc_custom_1698666562203{margin-bottom: 60px !important;}&#8221;]Trajanje projekta: 08\/2022 \u2013 09\/2024<\/p>\n<p>Celotni prora\u010dun: 1.639.239,33 EUR<\/p>\n<p>EU-financiranje: 499.996,91 EUR[\/vc_column_text][vc_column_text css=&#8221;.vc_custom_1698666409832{margin-bottom: 50px !important;}&#8221;]Povezava do <a href=\"https:\/\/www.gov.si\/zbirke\/projekti-in-programi\/nacrt-za-okrevanje-in-odpornost\/\" target=\"_blank\" rel=\"noopener\">Na\u010drt za okrevanje in odpornost<\/a><\/p>\n<p>Povezava portala <a href=\"https:\/\/evropskasredstva.si\/\" target=\"_blank\" rel=\"noopener\">Evropska sredstva<\/a>[\/vc_column_text][vc_single_image image=&#8221;2560&#8243; img_size=&#8221;400&#215;113&#8243; alignment=&#8221;center&#8221;][\/vc_column][\/vc_row]\n","protected":false},"excerpt":{"rendered":"<p>[vc_row][vc_column][vc_custom_heading text=&#8221;PROJEKT VZPOSTAVITEV NOVE POSLOVNE ENOTE PODJETJA OECO&#8221; font_container=&#8221;tag:h1|font_size:30px|text_align:center|color:%23000000&#8243; use_theme_fonts=&#8221;yes&#8221;][vc_column_text css=&#8221;.vc_custom_1698666554156{margin-top: 50px !important;margin-bottom: 60px !important;}&#8221;]Projekt zajema izgradnjo nove energetsko u\u010dinkovite proizvodne hale in nakup novih obdelovalnih strojev, za vzpostavitev proizvodnega procesa. Nabavljeni bodo stroji kot so 5-osni CNC obdelovalni stroj, \u017ei\u010dna in potopna elektroerozija, ploskovni brusilni stroj, stroj za lasersko varjenje ter mostno dvigalo. Namen [&hellip;]<\/p>\n","protected":false},"author":1,"featured_media":0,"parent":0,"menu_order":0,"comment_status":"closed","ping_status":"closed","template":"","meta":[],"yoast_head":"<!-- This site is optimized with the Yoast SEO plugin v16.1.1 - https:\/\/yoast.com\/wordpress\/plugins\/seo\/ -->\n<title>Evropski projekti - OECO d.o.o.<\/title>\n<meta name=\"robots\" content=\"index, follow, max-snippet:-1, max-image-preview:large, max-video-preview:-1\" \/>\n<link rel=\"canonical\" href=\"https:\/\/oeco.si\/sl\/evropski-projekti\/\" \/>\n<meta property=\"og:locale\" content=\"sl_SI\" \/>\n<meta property=\"og:type\" content=\"article\" \/>\n<meta property=\"og:title\" content=\"Evropski projekti - OECO d.o.o.\" \/>\n<meta property=\"og:description\" content=\"[vc_row][vc_column][vc_custom_heading text=&#8221;PROJEKT VZPOSTAVITEV NOVE POSLOVNE ENOTE PODJETJA OECO&#8221; font_container=&#8221;tag:h1|font_size:30px|text_align:center|color:%23000000&#8243; use_theme_fonts=&#8221;yes&#8221;][vc_column_text css=&#8221;.vc_custom_1698666554156{margin-top: 50px !important;margin-bottom: 60px !important;}&#8221;]Projekt zajema izgradnjo nove energetsko u\u010dinkovite proizvodne hale in nakup novih obdelovalnih strojev, za vzpostavitev proizvodnega procesa. Nabavljeni bodo stroji kot so 5-osni CNC obdelovalni stroj, \u017ei\u010dna in potopna elektroerozija, ploskovni brusilni stroj, stroj za lasersko varjenje ter mostno dvigalo. Namen [&hellip;]\" \/>\n<meta property=\"og:url\" content=\"https:\/\/oeco.si\/sl\/evropski-projekti\/\" \/>\n<meta property=\"og:site_name\" content=\"OECO d.o.o.\" \/>\n<meta property=\"article:modified_time\" content=\"2023-10-30T11:49:22+00:00\" \/>\n<meta name=\"twitter:card\" content=\"summary_large_image\" \/>\n<meta name=\"twitter:label1\" content=\"Est. reading time\">\n\t<meta name=\"twitter:data1\" content=\"1 minuta\">\n<script type=\"application\/ld+json\" class=\"yoast-schema-graph\">{\"@context\":\"https:\/\/schema.org\",\"@graph\":[{\"@type\":\"WebSite\",\"@id\":\"https:\/\/oeco.si\/#website\",\"url\":\"https:\/\/oeco.si\/\",\"name\":\"OECO d.o.o.\",\"description\":\"Tooling solutions\",\"potentialAction\":[{\"@type\":\"SearchAction\",\"target\":\"https:\/\/oeco.si\/?s={search_term_string}\",\"query-input\":\"required name=search_term_string\"}],\"inLanguage\":\"sl-SI\"},{\"@type\":\"WebPage\",\"@id\":\"https:\/\/oeco.si\/sl\/evropski-projekti\/#webpage\",\"url\":\"https:\/\/oeco.si\/sl\/evropski-projekti\/\",\"name\":\"Evropski projekti - OECO d.o.o.\",\"isPartOf\":{\"@id\":\"https:\/\/oeco.si\/#website\"},\"datePublished\":\"2023-10-30T11:45:51+00:00\",\"dateModified\":\"2023-10-30T11:49:22+00:00\",\"breadcrumb\":{\"@id\":\"https:\/\/oeco.si\/sl\/evropski-projekti\/#breadcrumb\"},\"inLanguage\":\"sl-SI\",\"potentialAction\":[{\"@type\":\"ReadAction\",\"target\":[\"https:\/\/oeco.si\/sl\/evropski-projekti\/\"]}]},{\"@type\":\"BreadcrumbList\",\"@id\":\"https:\/\/oeco.si\/sl\/evropski-projekti\/#breadcrumb\",\"itemListElement\":[{\"@type\":\"ListItem\",\"position\":1,\"item\":{\"@type\":\"WebPage\",\"@id\":\"https:\/\/oeco.si\/sl\/\",\"url\":\"https:\/\/oeco.si\/sl\/\",\"name\":\"Home\"}},{\"@type\":\"ListItem\",\"position\":2,\"item\":{\"@type\":\"WebPage\",\"@id\":\"https:\/\/oeco.si\/sl\/evropski-projekti\/\",\"url\":\"https:\/\/oeco.si\/sl\/evropski-projekti\/\",\"name\":\"Evropski projekti\"}}]}]}<\/script>\n<!-- \/ Yoast SEO plugin. -->","_links":{"self":[{"href":"https:\/\/oeco.si\/sl\/wp-json\/wp\/v2\/pages\/2566"}],"collection":[{"href":"https:\/\/oeco.si\/sl\/wp-json\/wp\/v2\/pages"}],"about":[{"href":"https:\/\/oeco.si\/sl\/wp-json\/wp\/v2\/types\/page"}],"author":[{"embeddable":true,"href":"https:\/\/oeco.si\/sl\/wp-json\/wp\/v2\/users\/1"}],"replies":[{"embeddable":true,"href":"https:\/\/oeco.si\/sl\/wp-json\/wp\/v2\/comments?post=2566"}],"version-history":[{"count":7,"href":"https:\/\/oeco.si\/sl\/wp-json\/wp\/v2\/pages\/2566\/revisions"}],"predecessor-version":[{"id":2574,"href":"https:\/\/oeco.si\/sl\/wp-json\/wp\/v2\/pages\/2566\/revisions\/2574"}],"wp:attachment":[{"href":"https:\/\/oeco.si\/sl\/wp-json\/wp\/v2\/media?parent=2566"}],"curies":[{"name":"wp","href":"https:\/\/api.w.org\/{rel}","templated":true}]}}