{"id":2495,"date":"2022-04-21T14:04:13","date_gmt":"2022-04-21T12:04:13","guid":{"rendered":"https:\/\/oeco.si\/javni-razpis\/"},"modified":"2022-04-21T14:04:55","modified_gmt":"2022-04-21T12:04:55","slug":"javni-razpis","status":"publish","type":"page","link":"https:\/\/oeco.si\/sl\/javni-razpis\/","title":{"rendered":"Javni razpis"},"content":{"rendered":"[vc_row css=&#8221;.vc_custom_1650542497664{padding-top: 80px !important;padding-bottom: 70px !important;}&#8221;][vc_column][vc_column_text css=&#8221;.vc_custom_1650542526752{padding-bottom: 20px !important;}&#8221;]\n<p style=\"text-align: center;\"><strong>Javni razpis<\/strong><\/p>\n<p style=\"text-align: center;\"><strong>Krepitev tr\u017eenja blagovnih znamk na tujih trgih prek showroomov v tujini<\/strong><\/p>\n<p>OECO d.o.o. je na javnem razpisu Krepitev tr\u017eenja blagovnih znamk na tujih trgih prek showroomov v tujini uspe\u0161no pridobilo sofinanciranje za projekt \u00bbKrepitev tr\u017eenja blagovnih znam na tujih trgih preko showroomov\u00ab.<\/p>\n<p>Cilj javnega razpisa z vidika Operativnega programa za izvajanje evropske kohezijske politike v obdobju 2014-2020 (v nadaljevanju: operativni program) je prispevati k specifi\u010dnemu cilju \u00bbPove\u010devanje mednarodne konkuren\u010dnosti MSP\u00ab v okviru prednostne nalo\u017ebe \u00bbRazvoj in izvajanje novih poslovnih modelov za MSP, zlasti v zvezi z internacionalizacijo\u00ab.<\/p>\n<p>Namen javnega razpisa je podpreti podjetja, ki \u017eelijo krepiti tr\u017eenje blagovnih znamk na tujih trgih in na ta na\u010din na trgu dosegati vi\u0161jo dodano vrednost in konkuren\u010dno prednost, tako pri pozicioniranju kon\u010dnih produktov na tujem trgu kot tudi pri vklju\u010devanju v globalne verige vrednosti na razli\u010dnih nivojih. Z javnim razpisom se \u017eeli pove\u010dati stro\u0161kovna konkuren\u010dnost slovenskega gospodarstva in zmanj\u0161ati morebitne cenovne pritiske na slovenske dobavitelje vmesnih proizvodov v globalnih verigah vrednosti.<\/p>\n<p>Nalo\u017ebo sofinancirata Republika Slovenija in Evropska unija iz Evropskega sklada za regionalni razvoj. Povezava na spletno stran EKP v Sloveniji: <a href=\"https:\/\/www.eu-skladi.si\/\" target=\"_blank\" rel=\"noopener\">www.eu-skladi.si<\/a>.[\/vc_column_text][vc_single_image image=&#8221;2483&#8243; img_size=&#8221;full&#8221; alignment=&#8221;center&#8221;][\/vc_column][\/vc_row]\n","protected":false},"excerpt":{"rendered":"<p>[vc_row css=&#8221;.vc_custom_1650542497664{padding-top: 80px !important;padding-bottom: 70px !important;}&#8221;][vc_column][vc_column_text css=&#8221;.vc_custom_1650542526752{padding-bottom: 20px !important;}&#8221;] Javni razpis Krepitev tr\u017eenja blagovnih znamk na tujih trgih prek showroomov v tujini OECO d.o.o. je na javnem razpisu Krepitev tr\u017eenja blagovnih znamk na tujih trgih prek showroomov v tujini uspe\u0161no pridobilo sofinanciranje za projekt \u00bbKrepitev tr\u017eenja blagovnih znam na tujih trgih preko showroomov\u00ab. Cilj javnega [&hellip;]<\/p>\n","protected":false},"author":1,"featured_media":0,"parent":0,"menu_order":0,"comment_status":"closed","ping_status":"closed","template":"","meta":[],"yoast_head":"<!-- This site is optimized with the Yoast SEO plugin v16.1.1 - https:\/\/yoast.com\/wordpress\/plugins\/seo\/ -->\n<title>Javni razpis - OECO d.o.o.<\/title>\n<meta name=\"robots\" content=\"index, follow, max-snippet:-1, max-image-preview:large, max-video-preview:-1\" \/>\n<link rel=\"canonical\" href=\"https:\/\/oeco.si\/sl\/javni-razpis\/\" \/>\n<meta property=\"og:locale\" content=\"sl_SI\" \/>\n<meta property=\"og:type\" content=\"article\" \/>\n<meta property=\"og:title\" content=\"Javni razpis - OECO d.o.o.\" \/>\n<meta property=\"og:description\" content=\"[vc_row css=&#8221;.vc_custom_1650542497664{padding-top: 80px !important;padding-bottom: 70px !important;}&#8221;][vc_column][vc_column_text css=&#8221;.vc_custom_1650542526752{padding-bottom: 20px !important;}&#8221;] Javni razpis Krepitev tr\u017eenja blagovnih znamk na tujih trgih prek showroomov v tujini OECO d.o.o. je na javnem razpisu Krepitev tr\u017eenja blagovnih znamk na tujih trgih prek showroomov v tujini uspe\u0161no pridobilo sofinanciranje za projekt \u00bbKrepitev tr\u017eenja blagovnih znam na tujih trgih preko showroomov\u00ab. Cilj javnega [&hellip;]\" \/>\n<meta property=\"og:url\" content=\"https:\/\/oeco.si\/sl\/javni-razpis\/\" \/>\n<meta property=\"og:site_name\" content=\"OECO d.o.o.\" \/>\n<meta property=\"article:modified_time\" content=\"2022-04-21T12:04:55+00:00\" \/>\n<meta name=\"twitter:card\" content=\"summary_large_image\" \/>\n<meta name=\"twitter:label1\" content=\"Est. reading time\">\n\t<meta name=\"twitter:data1\" content=\"1 minuta\">\n<script type=\"application\/ld+json\" class=\"yoast-schema-graph\">{\"@context\":\"https:\/\/schema.org\",\"@graph\":[{\"@type\":\"WebSite\",\"@id\":\"https:\/\/oeco.si\/#website\",\"url\":\"https:\/\/oeco.si\/\",\"name\":\"OECO d.o.o.\",\"description\":\"Tooling solutions\",\"potentialAction\":[{\"@type\":\"SearchAction\",\"target\":\"https:\/\/oeco.si\/?s={search_term_string}\",\"query-input\":\"required name=search_term_string\"}],\"inLanguage\":\"sl-SI\"},{\"@type\":\"WebPage\",\"@id\":\"https:\/\/oeco.si\/sl\/javni-razpis\/#webpage\",\"url\":\"https:\/\/oeco.si\/sl\/javni-razpis\/\",\"name\":\"Javni razpis - OECO d.o.o.\",\"isPartOf\":{\"@id\":\"https:\/\/oeco.si\/#website\"},\"datePublished\":\"2022-04-21T12:04:13+00:00\",\"dateModified\":\"2022-04-21T12:04:55+00:00\",\"breadcrumb\":{\"@id\":\"https:\/\/oeco.si\/sl\/javni-razpis\/#breadcrumb\"},\"inLanguage\":\"sl-SI\",\"potentialAction\":[{\"@type\":\"ReadAction\",\"target\":[\"https:\/\/oeco.si\/sl\/javni-razpis\/\"]}]},{\"@type\":\"BreadcrumbList\",\"@id\":\"https:\/\/oeco.si\/sl\/javni-razpis\/#breadcrumb\",\"itemListElement\":[{\"@type\":\"ListItem\",\"position\":1,\"item\":{\"@type\":\"WebPage\",\"@id\":\"https:\/\/oeco.si\/sl\/\",\"url\":\"https:\/\/oeco.si\/sl\/\",\"name\":\"Home\"}},{\"@type\":\"ListItem\",\"position\":2,\"item\":{\"@type\":\"WebPage\",\"@id\":\"https:\/\/oeco.si\/sl\/javni-razpis\/\",\"url\":\"https:\/\/oeco.si\/sl\/javni-razpis\/\",\"name\":\"Javni razpis\"}}]}]}<\/script>\n<!-- \/ Yoast SEO plugin. -->","_links":{"self":[{"href":"https:\/\/oeco.si\/sl\/wp-json\/wp\/v2\/pages\/2495"}],"collection":[{"href":"https:\/\/oeco.si\/sl\/wp-json\/wp\/v2\/pages"}],"about":[{"href":"https:\/\/oeco.si\/sl\/wp-json\/wp\/v2\/types\/page"}],"author":[{"embeddable":true,"href":"https:\/\/oeco.si\/sl\/wp-json\/wp\/v2\/users\/1"}],"replies":[{"embeddable":true,"href":"https:\/\/oeco.si\/sl\/wp-json\/wp\/v2\/comments?post=2495"}],"version-history":[{"count":3,"href":"https:\/\/oeco.si\/sl\/wp-json\/wp\/v2\/pages\/2495\/revisions"}],"predecessor-version":[{"id":2499,"href":"https:\/\/oeco.si\/sl\/wp-json\/wp\/v2\/pages\/2495\/revisions\/2499"}],"wp:attachment":[{"href":"https:\/\/oeco.si\/sl\/wp-json\/wp\/v2\/media?parent=2495"}],"curies":[{"name":"wp","href":"https:\/\/api.w.org\/{rel}","templated":true}]}}