{"id":1733,"date":"2019-07-15T03:26:27","date_gmt":"2019-07-15T01:26:27","guid":{"rendered":"https:\/\/oeco.si\/contact\/"},"modified":"2025-02-24T10:11:58","modified_gmt":"2025-02-24T09:11:58","slug":"kontakt","status":"publish","type":"page","link":"https:\/\/oeco.si\/sl\/kontakt\/","title":{"rendered":"Kontakt"},"content":{"rendered":"[vc_row css=&#8221;.vc_custom_1731059037630{padding-top: 100px !important;padding-bottom: 40px !important;}&#8221;][vc_column width=&#8221;4\/12&#8243;][vc_custom_heading text=&#8221;Kontaktni podatki&#8221; font_container=&#8221;tag:h5|text_align:left|color:%230070b9|line_height:27px&#8221; use_theme_fonts=&#8221;yes&#8221; css=&#8221;.vc_custom_1612359178832{margin-bottom: 0px !important;}&#8221;][vc_column_text css=&#8221;.vc_custom_1726822105175{margin-bottom: 25px !important;padding-top: 25px !important;}&#8221;]<strong>OECO d.o.o.<\/strong><br \/>\nSede\u017e: Neverke 71<br \/>\nSI-6256 Ko\u0161ana<br \/>\nE: <a href=\"mailto:info@oeco.si\">info@oeco.si<\/a><br \/>\nS: <a href=\"https:\/\/oeco.si\/sl\/\">www.oeco.si<\/a><\/p>\n<p><strong>Odpiralni \u010das<\/strong><br \/>\nPonedeljek\u2013petek 08:00 \u2013 17:00<br \/>\nOb sobotah in nedeljah zaprto[\/vc_column_text][\/vc_column][vc_column width=&#8221;8\/12&#8243;][vc_custom_heading text=&#8221;Kontakti&#8221; font_container=&#8221;tag:h5|text_align:left|color:%230070b9|line_height:27px&#8221; use_theme_fonts=&#8221;yes&#8221; css=&#8221;.vc_custom_1612359251438{margin-bottom: 0px !important;}&#8221;][vc_row_inner][vc_column_inner width=&#8221;1\/3&#8243; css=&#8221;.vc_custom_1606167352885{padding-top: 30px !important;}&#8221;][vc_column_text css=&#8221;.vc_custom_1612359333582{margin-bottom: 0px !important;}&#8221;]<a href=\"https:\/\/www.linkedin.com\/in\/milan-sebalj\/\" target=\"_blank\" rel=\"noopener\">Milan \u0160ebalj<\/a>,<br \/>\nDIREKTOR<br \/>\nT: <a href=\"tel:+38670879481\">+386 70 87 94 81<\/a><br \/>\nE: <a href=\"mailto:milan@oeco.si\">milan@oeco.si<\/a>[\/vc_column_text][\/vc_column_inner][vc_column_inner width=&#8221;1\/3&#8243; css=&#8221;.vc_custom_1606167358171{padding-top: 30px !important;}&#8221;][vc_column_text css=&#8221;.vc_custom_1631804182238{margin-bottom: 0px !important;}&#8221;]<a href=\"https:\/\/www.linkedin.com\/in\/ana-lucia-s\u00e1nchez-ben\u00edtez-529690123\" target=\"_blank\" rel=\"noopener\">Ana Lucia Sanchez<\/a>,<br \/>\nVodja finan\u010dnega in upravnega oddelka<br \/>\nT: <a href=\"tel:+38670879482\">+386 70 87 94 82<\/a><br \/>\nE: <a href=\"mailto:ana.lucia@oeco.si\">ana.lucia@oeco.si<\/a>[\/vc_column_text][\/vc_column_inner][vc_column_inner width=&#8221;1\/3&#8243; css=&#8221;.vc_custom_1606167363083{padding-top: 30px !important;}&#8221;][vc_column_text css=&#8221;.vc_custom_1729494001551{margin-bottom: 0px !important;}&#8221;]Sladjana Fina<br \/>\nProjektno vodenje in logistika<br \/>\nT: <a href=\"tel:+38664223560\">+386 64 22 35 60<\/a><br \/>\nE: <a href=\"mailto:sladjana@oeco.si\">sladjana@oeco.si<\/a>[\/vc_column_text][\/vc_column_inner][\/vc_row_inner][vc_row_inner][vc_column_inner width=&#8221;1\/3&#8243; css=&#8221;.vc_custom_1731059043194{padding-top: 30px !important;}&#8221;][vc_column_text css=&#8221;.vc_custom_1731059061115{margin-bottom: 0px !important;}&#8221;]Drago Klun<br \/>\nTehni\u010dni direktor<br \/>\nT: <a href=\"tel:+38664229929\">+386 64 22 99 29<\/a><br \/>\nE: <a href=\"mailto:drago@oeco.si\">drago@oeco.si<\/a>[\/vc_column_text][\/vc_column_inner][vc_column_inner width=&#8221;1\/3&#8243; css=&#8221;.vc_custom_1606167370643{padding-top: 30px !important;}&#8221;][vc_column_text css=&#8221;.vc_custom_1740388316214{margin-bottom: 0px !important;}&#8221;]Janez Sussa<br \/>\nVodja konstrukcije<br \/>\nE: <a href=\"mailto:janez@oeco.si\">janez@oeco.si<\/a>[\/vc_column_text][\/vc_column_inner][\/vc_row_inner][\/vc_column][\/vc_row][vc_row css=&#8221;.vc_custom_1606167011773{padding-bottom: 120px !important;}&#8221;][vc_column][vc_custom_heading text=&#8221;Po\u0161ljite povpra\u0161evanje&#8221; font_container=&#8221;tag:h5|text_align:left|color:%230070b9|line_height:27px&#8221; use_theme_fonts=&#8221;yes&#8221; css=&#8221;.vc_custom_1612359385358{margin-bottom: 0px !important;}&#8221;][vc_column_text css=&#8221;.vc_custom_1612359394877{margin-bottom: 0px !important;padding-top: 15px !important;}&#8221;]Za ve\u010d informacij o na\u0161ih orodjih nas lahko kontaktirate in izvedeli boste, kaj vse lahko na\u0161e podjetje stori za vas![\/vc_column_text][vc_empty_space height=&#8221;30&#8243;][cms_contact_form id=&#8221;5&#8243;][\/vc_column][\/vc_row]\n","protected":false},"excerpt":{"rendered":"<p>[vc_row css=&#8221;.vc_custom_1731059037630{padding-top: 100px !important;padding-bottom: 40px !important;}&#8221;][vc_column width=&#8221;4\/12&#8243;][vc_custom_heading text=&#8221;Kontaktni podatki&#8221; font_container=&#8221;tag:h5|text_align:left|color:%230070b9|line_height:27px&#8221; use_theme_fonts=&#8221;yes&#8221; css=&#8221;.vc_custom_1612359178832{margin-bottom: 0px !important;}&#8221;][vc_column_text css=&#8221;.vc_custom_1726822105175{margin-bottom: 25px !important;padding-top: 25px !important;}&#8221;]OECO d.o.o. Sede\u017e: Neverke 71 SI-6256 Ko\u0161ana E: info@oeco.si S: www.oeco.si Odpiralni \u010das Ponedeljek\u2013petek 08:00 \u2013 17:00 Ob sobotah in nedeljah zaprto[\/vc_column_text][\/vc_column][vc_column width=&#8221;8\/12&#8243;][vc_custom_heading text=&#8221;Kontakti&#8221; font_container=&#8221;tag:h5|text_align:left|color:%230070b9|line_height:27px&#8221; use_theme_fonts=&#8221;yes&#8221; css=&#8221;.vc_custom_1612359251438{margin-bottom: 0px !important;}&#8221;][vc_row_inner][vc_column_inner width=&#8221;1\/3&#8243; css=&#8221;.vc_custom_1606167352885{padding-top: 30px !important;}&#8221;][vc_column_text css=&#8221;.vc_custom_1612359333582{margin-bottom: 0px !important;}&#8221;]Milan \u0160ebalj, [&hellip;]<\/p>\n","protected":false},"author":1,"featured_media":0,"parent":0,"menu_order":0,"comment_status":"closed","ping_status":"closed","template":"","meta":[],"yoast_head":"<!-- This site is optimized with the Yoast SEO plugin v16.1.1 - https:\/\/yoast.com\/wordpress\/plugins\/seo\/ -->\n<title>Kontakt - OECO d.o.o.<\/title>\n<meta name=\"robots\" content=\"index, follow, max-snippet:-1, max-image-preview:large, max-video-preview:-1\" \/>\n<link rel=\"canonical\" href=\"https:\/\/oeco.si\/sl\/kontakt\/\" \/>\n<meta property=\"og:locale\" content=\"sl_SI\" \/>\n<meta property=\"og:type\" content=\"article\" \/>\n<meta property=\"og:title\" content=\"Kontakt - OECO d.o.o.\" \/>\n<meta property=\"og:description\" content=\"[vc_row css=&#8221;.vc_custom_1731059037630{padding-top: 100px !important;padding-bottom: 40px !important;}&#8221;][vc_column width=&#8221;4\/12&#8243;][vc_custom_heading text=&#8221;Kontaktni podatki&#8221; font_container=&#8221;tag:h5|text_align:left|color:%230070b9|line_height:27px&#8221; use_theme_fonts=&#8221;yes&#8221; css=&#8221;.vc_custom_1612359178832{margin-bottom: 0px !important;}&#8221;][vc_column_text css=&#8221;.vc_custom_1726822105175{margin-bottom: 25px !important;padding-top: 25px !important;}&#8221;]OECO d.o.o. Sede\u017e: Neverke 71 SI-6256 Ko\u0161ana E: info@oeco.si S: www.oeco.si Odpiralni \u010das Ponedeljek\u2013petek 08:00 \u2013 17:00 Ob sobotah in nedeljah zaprto[\/vc_column_text][\/vc_column][vc_column width=&#8221;8\/12&#8243;][vc_custom_heading text=&#8221;Kontakti&#8221; font_container=&#8221;tag:h5|text_align:left|color:%230070b9|line_height:27px&#8221; use_theme_fonts=&#8221;yes&#8221; css=&#8221;.vc_custom_1612359251438{margin-bottom: 0px !important;}&#8221;][vc_row_inner][vc_column_inner width=&#8221;1\/3&#8243; css=&#8221;.vc_custom_1606167352885{padding-top: 30px !important;}&#8221;][vc_column_text css=&#8221;.vc_custom_1612359333582{margin-bottom: 0px !important;}&#8221;]Milan \u0160ebalj, [&hellip;]\" \/>\n<meta property=\"og:url\" content=\"https:\/\/oeco.si\/sl\/kontakt\/\" \/>\n<meta property=\"og:site_name\" content=\"OECO d.o.o.\" \/>\n<meta property=\"article:modified_time\" content=\"2025-02-24T09:11:58+00:00\" \/>\n<meta name=\"twitter:card\" content=\"summary_large_image\" \/>\n<meta name=\"twitter:label1\" content=\"Est. reading time\">\n\t<meta name=\"twitter:data1\" content=\"1 minuta\">\n<script type=\"application\/ld+json\" class=\"yoast-schema-graph\">{\"@context\":\"https:\/\/schema.org\",\"@graph\":[{\"@type\":\"WebSite\",\"@id\":\"https:\/\/oeco.si\/#website\",\"url\":\"https:\/\/oeco.si\/\",\"name\":\"OECO d.o.o.\",\"description\":\"Tooling solutions\",\"potentialAction\":[{\"@type\":\"SearchAction\",\"target\":\"https:\/\/oeco.si\/?s={search_term_string}\",\"query-input\":\"required name=search_term_string\"}],\"inLanguage\":\"sl-SI\"},{\"@type\":\"WebPage\",\"@id\":\"https:\/\/oeco.si\/sl\/kontakt\/#webpage\",\"url\":\"https:\/\/oeco.si\/sl\/kontakt\/\",\"name\":\"Kontakt - OECO d.o.o.\",\"isPartOf\":{\"@id\":\"https:\/\/oeco.si\/#website\"},\"datePublished\":\"2019-07-15T01:26:27+00:00\",\"dateModified\":\"2025-02-24T09:11:58+00:00\",\"breadcrumb\":{\"@id\":\"https:\/\/oeco.si\/sl\/kontakt\/#breadcrumb\"},\"inLanguage\":\"sl-SI\",\"potentialAction\":[{\"@type\":\"ReadAction\",\"target\":[\"https:\/\/oeco.si\/sl\/kontakt\/\"]}]},{\"@type\":\"BreadcrumbList\",\"@id\":\"https:\/\/oeco.si\/sl\/kontakt\/#breadcrumb\",\"itemListElement\":[{\"@type\":\"ListItem\",\"position\":1,\"item\":{\"@type\":\"WebPage\",\"@id\":\"https:\/\/oeco.si\/sl\/\",\"url\":\"https:\/\/oeco.si\/sl\/\",\"name\":\"Home\"}},{\"@type\":\"ListItem\",\"position\":2,\"item\":{\"@type\":\"WebPage\",\"@id\":\"https:\/\/oeco.si\/sl\/kontakt\/\",\"url\":\"https:\/\/oeco.si\/sl\/kontakt\/\",\"name\":\"Kontakt\"}}]}]}<\/script>\n<!-- \/ Yoast SEO plugin. -->","_links":{"self":[{"href":"https:\/\/oeco.si\/sl\/wp-json\/wp\/v2\/pages\/1733"}],"collection":[{"href":"https:\/\/oeco.si\/sl\/wp-json\/wp\/v2\/pages"}],"about":[{"href":"https:\/\/oeco.si\/sl\/wp-json\/wp\/v2\/types\/page"}],"author":[{"embeddable":true,"href":"https:\/\/oeco.si\/sl\/wp-json\/wp\/v2\/users\/1"}],"replies":[{"embeddable":true,"href":"https:\/\/oeco.si\/sl\/wp-json\/wp\/v2\/comments?post=1733"}],"version-history":[{"count":23,"href":"https:\/\/oeco.si\/sl\/wp-json\/wp\/v2\/pages\/1733\/revisions"}],"predecessor-version":[{"id":2664,"href":"https:\/\/oeco.si\/sl\/wp-json\/wp\/v2\/pages\/1733\/revisions\/2664"}],"wp:attachment":[{"href":"https:\/\/oeco.si\/sl\/wp-json\/wp\/v2\/media?parent=1733"}],"curies":[{"name":"wp","href":"https:\/\/api.w.org\/{rel}","templated":true}]}}