{"id":1726,"date":"2020-11-10T16:39:06","date_gmt":"2020-11-10T15:39:06","guid":{"rendered":"https:\/\/oeco.si\/five-golden-rules\/"},"modified":"2021-02-04T10:53:57","modified_gmt":"2021-02-04T09:53:57","slug":"5-zlatih-vodil","status":"publish","type":"page","link":"https:\/\/oeco.si\/sl\/5-zlatih-vodil\/","title":{"rendered":"5 zlatih vodil"},"content":{"rendered":"[vc_row][vc_column][vc_single_image image=&#8221;1491&#8243; img_size=&#8221;full&#8221; onclick=&#8221;custom_link&#8221; img_link_target=&#8221;_blank&#8221; link=&#8221;https:\/\/www.sbc.si\/&#8221; el_class=&#8221;oeco__sbc_img&#8221;][cms_heading text=&#8221;5 zlatih vodil&#8221; tag=&#8221;h2&#8243; margin_top=&#8221;60&#8243;][cms_heading text=&#8221;SBC \u2013 Kluba slovenskih podjetnikov&#8221; tag=&#8221;h2&#8243; font_weight=&#8221;400&#8243; margin_bottom=&#8221;80&#8243; margin_top=&#8221;20&#8243;][cms_heading text=&#8221;1. Nadpovpre\u010dnost, odgovornost, po\u0161tenost.&#8221; tag=&#8221;h6&#8243; align_lg=&#8221;align-left&#8221; align_md=&#8221;align-left-md&#8221; align_sm=&#8221;align-left-sm&#8221; align_xs=&#8221;align-left-xs&#8221; font_size=&#8221;17&#8243; font_size_md=&#8221;17&#8243; font_size_sm=&#8221;17&#8243; font_size_xs=&#8221;17&#8243; font_weight=&#8221;600&#8243; margin_bottom=&#8221;10&#8243;][cms_text_block]V SBC \u2013 Klub slovenskih podjetnikov se zdru\u017eujemo nadpovpre\u010dno uspe\u0161ni slovenski podjetniki, ki smo za\u010deli svojo podjetni\u0161ko pot z lastno idejo in\/ali izhajamo iz dru\u017einskih podjetij, obenem pa nismo sodelovali v tajkunskih zgodbah, zlasti tistih povezanih s politiko. Vsakdo, ki se pridru\u017ei, se mora izkazovati tudi s pla\u010dilom vseh dajatev dr\u017eavi in nekaznovanostjo.[\/cms_text_block][cms_heading text=&#8221;2. Politi\u010dna nevtralnost&#8221; tag=&#8221;h6&#8243; align_lg=&#8221;align-left&#8221; align_md=&#8221;align-left-md&#8221; align_sm=&#8221;align-left-sm&#8221; align_xs=&#8221;align-left-xs&#8221; font_size=&#8221;17&#8243; font_size_md=&#8221;17&#8243; font_size_sm=&#8221;17&#8243; font_size_xs=&#8221;17&#8243; font_weight=&#8221;600&#8243; margin_bottom=&#8221;10&#8243; margin_top=&#8221;15&#8243;][cms_text_block]\u010clani SBC \u2013 Kluba slovenskih podjetnikov nismo \u010dlani nobene politi\u010dne stranke in podpiramo apoliti\u010dnost kluba, to je nevtralnost do vseh politi\u010dnih strank v Sloveniji. \u017delimo in pri\u010dakujemo, da slovenske politi\u010dne stranke ne bodo le poslu\u0161ale na\u0161ih strokovnih argumentov na podlagi na\u0161ih izku\u0161enj, ampak da bodo tudi uresni\u010dile na\u0161e predloge in zahteve.[\/cms_text_block][cms_heading text=&#8221;3. ZA razvojni preboj in podjetni\u0161ko Slovenijo&#8221; tag=&#8221;h6&#8243; align_lg=&#8221;align-left&#8221; align_md=&#8221;align-left-md&#8221; align_sm=&#8221;align-left-sm&#8221; align_xs=&#8221;align-left-xs&#8221; font_size=&#8221;17&#8243; font_size_md=&#8221;17&#8243; font_size_sm=&#8221;17&#8243; font_size_xs=&#8221;17&#8243; font_weight=&#8221;600&#8243; margin_bottom=&#8221;10&#8243; margin_top=&#8221;15&#8243;][cms_text_block]Zato zlasti na gospodarskem in javnofina\u010dnem podo\u010dju prek kluba intenzivno komuniciramo z vsemi politi\u010dnimi strankami zahtevajo\u010d, da skupaj oblikujemo ukrepe za mo\u010dan razvojni preboj Slovenije. Ta razvoj bo kakovosten le, \u010de bo temeljil na hrbtenici njenega gospodarstva, to pa so odgovorni in nadpovpre\u010dno uspe\u0161ni doma\u010di podjetniki. \u010clani prek SBC \u2013 Kluba slovenskih podjetnikov \u017eelimo tako prispevati tudi k prijaznej\u0161emu podjetni\u0161kemu okolju v Sloveniji.[\/cms_text_block][cms_heading text=&#8221;4. Medsebojno poslovno prijateljstvo in krepitev prepoznavnosti Slovenije.&#8221; tag=&#8221;h6&#8243; align_lg=&#8221;align-left&#8221; align_md=&#8221;align-left-md&#8221; align_sm=&#8221;align-left-sm&#8221; align_xs=&#8221;align-left-xs&#8221; font_size=&#8221;17&#8243; font_size_md=&#8221;17&#8243; font_size_sm=&#8221;17&#8243; font_size_xs=&#8221;17&#8243; font_weight=&#8221;600&#8243; margin_bottom=&#8221;10&#8243; margin_top=&#8221;15&#8243;][cms_text_block]\u010clani SBC \u2013 Kluba slovenskih podjetnikov si prek skupne prijateljske zaveze med \u010dlani pomagamo in sodelujemo, s tem pa omogo\u010damo drug drugemu in klubu la\u017eji dostop na doma\u010di in svetovne trge. Na svetovnih trgih krepimo prepoznavnost Slovenije in vrhunskega slovenskega podjetni\u0161tva.[\/cms_text_block][cms_heading text=&#8221;5. Negovanje mladih talentov in vrhunskega razvoja v so\u017eitju z naravo.&#8221; tag=&#8221;h6&#8243; align_lg=&#8221;align-left&#8221; align_md=&#8221;align-left-md&#8221; align_sm=&#8221;align-left-sm&#8221; align_xs=&#8221;align-left-xs&#8221; font_size=&#8221;17&#8243; font_size_md=&#8221;17&#8243; font_size_sm=&#8221;17&#8243; font_size_xs=&#8221;17&#8243; font_weight=&#8221;600&#8243; margin_bottom=&#8221;10&#8243; margin_top=&#8221;15&#8243;][cms_text_block]\u010clani prek SBC \u2013 Kluba slovenskih podjetnikov posebej negujemo in podpiramo mlade talente in podjetnike, zlasti pri uresni\u010devanju njihovih podjetni\u0161kih iniciativ. SBC \u2013 Klub slovenskih podjetnikov in njegovi \u010dlani spodbujamo razvoj naprednih, okolju prijaznih tehnologij in poslovnih modelov z visoko dodano vrednostjo glede na povpre\u010dje v posameznih panogah.[\/cms_text_block][\/vc_column][\/vc_row][vc_row css=&#8221;.vc_custom_1605024014356{margin-top: 70px !important;}&#8221;][vc_column width=&#8221;1\/2&#8243;][cms_text_block content_color=&#8221;#8a8a8a&#8221; font_size=&#8221;13&#8243; line_height=&#8221;20&#8243; el_class=&#8221;oeco__sbc_info&#8221;]<strong>Slovenian Business Club &#8211; GIZ Ljubljana<\/strong><br \/>\nDunajska cesta 119 | SI-1000 Ljubljana[\/cms_text_block][\/vc_column][vc_column width=&#8221;1\/2&#8243;][cms_text_block content_align=&#8221;text-right&#8221; content_color=&#8221;#8a8a8a&#8221; font_size=&#8221;13&#8243; line_height=&#8221;20&#8243; el_class=&#8221;oeco__sbc_link&#8221;]<a href=\"mailto:info@slovenianbusinessclub.si\">info@slovenianbusinessclub.si<\/a><br \/>\n<a href=\"https:\/\/www.slovenianbusinessclub.si\" target=\"_blank\" rel=\"noopener noreferrer\">www.slovenianbusinessclub.si<\/a>[\/cms_text_block][\/vc_column][\/vc_row]\n","protected":false},"excerpt":{"rendered":"<p>[vc_row][vc_column][vc_single_image image=&#8221;1491&#8243; img_size=&#8221;full&#8221; onclick=&#8221;custom_link&#8221; img_link_target=&#8221;_blank&#8221; link=&#8221;https:\/\/www.sbc.si\/&#8221; el_class=&#8221;oeco__sbc_img&#8221;][cms_heading text=&#8221;5 zlatih vodil&#8221; tag=&#8221;h2&#8243; margin_top=&#8221;60&#8243;][cms_heading text=&#8221;SBC \u2013 Kluba slovenskih podjetnikov&#8221; tag=&#8221;h2&#8243; font_weight=&#8221;400&#8243; margin_bottom=&#8221;80&#8243; margin_top=&#8221;20&#8243;][cms_heading text=&#8221;1. Nadpovpre\u010dnost, odgovornost, po\u0161tenost.&#8221; tag=&#8221;h6&#8243; align_lg=&#8221;align-left&#8221; align_md=&#8221;align-left-md&#8221; align_sm=&#8221;align-left-sm&#8221; align_xs=&#8221;align-left-xs&#8221; font_size=&#8221;17&#8243; font_size_md=&#8221;17&#8243; font_size_sm=&#8221;17&#8243; font_size_xs=&#8221;17&#8243; font_weight=&#8221;600&#8243; margin_bottom=&#8221;10&#8243;][cms_text_block]V SBC \u2013 Klub slovenskih podjetnikov se zdru\u017eujemo nadpovpre\u010dno uspe\u0161ni slovenski podjetniki, ki smo za\u010deli svojo podjetni\u0161ko pot z lastno [&hellip;]<\/p>\n","protected":false},"author":1,"featured_media":0,"parent":0,"menu_order":0,"comment_status":"closed","ping_status":"closed","template":"","meta":[],"yoast_head":"<!-- This site is optimized with the Yoast SEO plugin v16.1.1 - https:\/\/yoast.com\/wordpress\/plugins\/seo\/ -->\n<title>5 zlatih vodil - OECO d.o.o.<\/title>\n<meta name=\"robots\" content=\"index, follow, max-snippet:-1, max-image-preview:large, max-video-preview:-1\" \/>\n<link rel=\"canonical\" href=\"https:\/\/oeco.si\/sl\/5-zlatih-vodil\/\" \/>\n<meta property=\"og:locale\" content=\"sl_SI\" \/>\n<meta property=\"og:type\" content=\"article\" \/>\n<meta property=\"og:title\" content=\"5 zlatih vodil - OECO d.o.o.\" \/>\n<meta property=\"og:description\" content=\"[vc_row][vc_column][vc_single_image image=&#8221;1491&#8243; img_size=&#8221;full&#8221; onclick=&#8221;custom_link&#8221; img_link_target=&#8221;_blank&#8221; link=&#8221;https:\/\/www.sbc.si\/&#8221; el_class=&#8221;oeco__sbc_img&#8221;][cms_heading text=&#8221;5 zlatih vodil&#8221; tag=&#8221;h2&#8243; margin_top=&#8221;60&#8243;][cms_heading text=&#8221;SBC \u2013 Kluba slovenskih podjetnikov&#8221; tag=&#8221;h2&#8243; font_weight=&#8221;400&#8243; margin_bottom=&#8221;80&#8243; margin_top=&#8221;20&#8243;][cms_heading text=&#8221;1. Nadpovpre\u010dnost, odgovornost, po\u0161tenost.&#8221; tag=&#8221;h6&#8243; align_lg=&#8221;align-left&#8221; align_md=&#8221;align-left-md&#8221; align_sm=&#8221;align-left-sm&#8221; align_xs=&#8221;align-left-xs&#8221; font_size=&#8221;17&#8243; font_size_md=&#8221;17&#8243; font_size_sm=&#8221;17&#8243; font_size_xs=&#8221;17&#8243; font_weight=&#8221;600&#8243; margin_bottom=&#8221;10&#8243;][cms_text_block]V SBC \u2013 Klub slovenskih podjetnikov se zdru\u017eujemo nadpovpre\u010dno uspe\u0161ni slovenski podjetniki, ki smo za\u010deli svojo podjetni\u0161ko pot z lastno [&hellip;]\" \/>\n<meta property=\"og:url\" content=\"https:\/\/oeco.si\/sl\/5-zlatih-vodil\/\" \/>\n<meta property=\"og:site_name\" content=\"OECO d.o.o.\" \/>\n<meta property=\"article:modified_time\" content=\"2021-02-04T09:53:57+00:00\" \/>\n<meta name=\"twitter:card\" content=\"summary_large_image\" \/>\n<meta name=\"twitter:label1\" content=\"Est. reading time\">\n\t<meta name=\"twitter:data1\" content=\"3 minute\">\n<script type=\"application\/ld+json\" class=\"yoast-schema-graph\">{\"@context\":\"https:\/\/schema.org\",\"@graph\":[{\"@type\":\"WebSite\",\"@id\":\"https:\/\/oeco.si\/#website\",\"url\":\"https:\/\/oeco.si\/\",\"name\":\"OECO d.o.o.\",\"description\":\"Tooling solutions\",\"potentialAction\":[{\"@type\":\"SearchAction\",\"target\":\"https:\/\/oeco.si\/?s={search_term_string}\",\"query-input\":\"required name=search_term_string\"}],\"inLanguage\":\"sl-SI\"},{\"@type\":\"WebPage\",\"@id\":\"https:\/\/oeco.si\/sl\/5-zlatih-vodil\/#webpage\",\"url\":\"https:\/\/oeco.si\/sl\/5-zlatih-vodil\/\",\"name\":\"5 zlatih vodil - OECO d.o.o.\",\"isPartOf\":{\"@id\":\"https:\/\/oeco.si\/#website\"},\"datePublished\":\"2020-11-10T15:39:06+00:00\",\"dateModified\":\"2021-02-04T09:53:57+00:00\",\"breadcrumb\":{\"@id\":\"https:\/\/oeco.si\/sl\/5-zlatih-vodil\/#breadcrumb\"},\"inLanguage\":\"sl-SI\",\"potentialAction\":[{\"@type\":\"ReadAction\",\"target\":[\"https:\/\/oeco.si\/sl\/5-zlatih-vodil\/\"]}]},{\"@type\":\"BreadcrumbList\",\"@id\":\"https:\/\/oeco.si\/sl\/5-zlatih-vodil\/#breadcrumb\",\"itemListElement\":[{\"@type\":\"ListItem\",\"position\":1,\"item\":{\"@type\":\"WebPage\",\"@id\":\"https:\/\/oeco.si\/sl\/\",\"url\":\"https:\/\/oeco.si\/sl\/\",\"name\":\"Home\"}},{\"@type\":\"ListItem\",\"position\":2,\"item\":{\"@type\":\"WebPage\",\"@id\":\"https:\/\/oeco.si\/sl\/5-zlatih-vodil\/\",\"url\":\"https:\/\/oeco.si\/sl\/5-zlatih-vodil\/\",\"name\":\"5 zlatih vodil\"}}]}]}<\/script>\n<!-- \/ Yoast SEO plugin. -->","_links":{"self":[{"href":"https:\/\/oeco.si\/sl\/wp-json\/wp\/v2\/pages\/1726"}],"collection":[{"href":"https:\/\/oeco.si\/sl\/wp-json\/wp\/v2\/pages"}],"about":[{"href":"https:\/\/oeco.si\/sl\/wp-json\/wp\/v2\/types\/page"}],"author":[{"embeddable":true,"href":"https:\/\/oeco.si\/sl\/wp-json\/wp\/v2\/users\/1"}],"replies":[{"embeddable":true,"href":"https:\/\/oeco.si\/sl\/wp-json\/wp\/v2\/comments?post=1726"}],"version-history":[{"count":5,"href":"https:\/\/oeco.si\/sl\/wp-json\/wp\/v2\/pages\/1726\/revisions"}],"predecessor-version":[{"id":1732,"href":"https:\/\/oeco.si\/sl\/wp-json\/wp\/v2\/pages\/1726\/revisions\/1732"}],"wp:attachment":[{"href":"https:\/\/oeco.si\/sl\/wp-json\/wp\/v2\/media?parent=1726"}],"curies":[{"name":"wp","href":"https:\/\/api.w.org\/{rel}","templated":true}]}}