{"id":1702,"date":"2020-12-29T16:27:07","date_gmt":"2020-12-29T15:27:07","guid":{"rendered":"https:\/\/oeco.si\/tool-shop\/"},"modified":"2024-03-04T17:56:40","modified_gmt":"2024-03-04T16:56:40","slug":"orodjarna","status":"publish","type":"page","link":"https:\/\/oeco.si\/sl\/orodjarna\/","title":{"rendered":"Orodjarna"},"content":{"rendered":"[vc_row][vc_column css=&#8221;.vc_custom_1604566272423{padding-top: 0px !important;}&#8221;][vc_custom_heading text=&#8221;Orodjarna&#8221; font_container=&#8221;tag:h4|text_align:left|color:%230070b9|line_height:30px&#8221; use_theme_fonts=&#8221;yes&#8221; css=&#8221;.vc_custom_1612282720890{margin-bottom: 0px !important;}&#8221;][vc_column_text css=&#8221;.vc_custom_1612282787564{margin-bottom: 0px !important;padding-top: 10px !important;padding-bottom: 25px !important;}&#8221;]Vsa orodja, ki prihajajo s Kitajske, najprej prispejo v na\u0161o orodjarno, kjer jih o\u010distimo in pregledamo.<br \/>\nPo pregledu preizkusimo orodja na na\u0161ih strojih za injekcijsko brizganje in po potrebi izdelamo majhno serijo izdelkov.<\/p>\n<p>Med poprodajne storitve, ki jih zagotavlja na\u0161a orodjarna, spadajo tudi naslednje:<\/p>\n<ul>\n<li><strong>Modifikacije orodij<\/strong><\/li>\n<li><strong>Optimizacija orodij<\/strong><\/li>\n<li><strong>Popravilo orodij<\/strong><\/li>\n<\/ul>\n[\/vc_column_text][vc_custom_heading text=&#8221;Poudarek je na kakovosti in ne na koli\u010dini&#8221; font_container=&#8221;tag:h4|text_align:left|color:%230070b9|line_height:30px&#8221; use_theme_fonts=&#8221;yes&#8221; css=&#8221;.vc_custom_1612282798313{margin-bottom: 0px !important;}&#8221;][vc_column_text css=&#8221;.vc_custom_1612282811336{padding-top: 10px !important;}&#8221;]Na\u0161a letna zmogljivost je od 50 do 70 orodij, odvisno od njihove velikosti in zahtevnosti. To temelji tudi na odgovornosti do na\u0161ih strank, da nekaj kapacitet namenimo nenehni modifikaciji orodij, kar je stalnica na podro\u010dju orodjarstva.[\/vc_column_text][vc_gallery type=&#8221;flexslider_slide&#8221; interval=&#8221;5&#8243; images=&#8221;1595,1596,1597&#8243; img_size=&#8221;full&#8221;][\/vc_column][\/vc_row]\n","protected":false},"excerpt":{"rendered":"<p>[vc_row][vc_column css=&#8221;.vc_custom_1604566272423{padding-top: 0px !important;}&#8221;][vc_custom_heading text=&#8221;Orodjarna&#8221; font_container=&#8221;tag:h4|text_align:left|color:%230070b9|line_height:30px&#8221; use_theme_fonts=&#8221;yes&#8221; css=&#8221;.vc_custom_1612282720890{margin-bottom: 0px !important;}&#8221;][vc_column_text css=&#8221;.vc_custom_1612282787564{margin-bottom: 0px !important;padding-top: 10px !important;padding-bottom: 25px !important;}&#8221;]Vsa orodja, ki prihajajo s Kitajske, najprej prispejo v na\u0161o orodjarno, kjer jih o\u010distimo in pregledamo. Po pregledu preizkusimo orodja na na\u0161ih strojih za injekcijsko brizganje in po potrebi izdelamo majhno serijo izdelkov. Med poprodajne storitve, ki jih zagotavlja [&hellip;]<\/p>\n","protected":false},"author":1,"featured_media":0,"parent":0,"menu_order":0,"comment_status":"closed","ping_status":"closed","template":"","meta":[],"yoast_head":"<!-- This site is optimized with the Yoast SEO plugin v16.1.1 - https:\/\/yoast.com\/wordpress\/plugins\/seo\/ -->\n<title>Orodjarna - OECO d.o.o.<\/title>\n<meta name=\"robots\" content=\"index, follow, max-snippet:-1, max-image-preview:large, max-video-preview:-1\" \/>\n<link rel=\"canonical\" href=\"https:\/\/oeco.si\/sl\/orodjarna\/\" \/>\n<meta property=\"og:locale\" content=\"sl_SI\" \/>\n<meta property=\"og:type\" content=\"article\" \/>\n<meta property=\"og:title\" content=\"Orodjarna - OECO d.o.o.\" \/>\n<meta property=\"og:description\" content=\"[vc_row][vc_column css=&#8221;.vc_custom_1604566272423{padding-top: 0px !important;}&#8221;][vc_custom_heading text=&#8221;Orodjarna&#8221; font_container=&#8221;tag:h4|text_align:left|color:%230070b9|line_height:30px&#8221; use_theme_fonts=&#8221;yes&#8221; css=&#8221;.vc_custom_1612282720890{margin-bottom: 0px !important;}&#8221;][vc_column_text css=&#8221;.vc_custom_1612282787564{margin-bottom: 0px !important;padding-top: 10px !important;padding-bottom: 25px !important;}&#8221;]Vsa orodja, ki prihajajo s Kitajske, najprej prispejo v na\u0161o orodjarno, kjer jih o\u010distimo in pregledamo. Po pregledu preizkusimo orodja na na\u0161ih strojih za injekcijsko brizganje in po potrebi izdelamo majhno serijo izdelkov. Med poprodajne storitve, ki jih zagotavlja [&hellip;]\" \/>\n<meta property=\"og:url\" content=\"https:\/\/oeco.si\/sl\/orodjarna\/\" \/>\n<meta property=\"og:site_name\" content=\"OECO d.o.o.\" \/>\n<meta property=\"article:modified_time\" content=\"2024-03-04T16:56:40+00:00\" \/>\n<meta name=\"twitter:card\" content=\"summary_large_image\" \/>\n<meta name=\"twitter:label1\" content=\"Est. reading time\">\n\t<meta name=\"twitter:data1\" content=\"1 minuta\">\n<script type=\"application\/ld+json\" class=\"yoast-schema-graph\">{\"@context\":\"https:\/\/schema.org\",\"@graph\":[{\"@type\":\"WebSite\",\"@id\":\"https:\/\/oeco.si\/#website\",\"url\":\"https:\/\/oeco.si\/\",\"name\":\"OECO d.o.o.\",\"description\":\"Tooling solutions\",\"potentialAction\":[{\"@type\":\"SearchAction\",\"target\":\"https:\/\/oeco.si\/?s={search_term_string}\",\"query-input\":\"required name=search_term_string\"}],\"inLanguage\":\"sl-SI\"},{\"@type\":\"WebPage\",\"@id\":\"https:\/\/oeco.si\/sl\/orodjarna\/#webpage\",\"url\":\"https:\/\/oeco.si\/sl\/orodjarna\/\",\"name\":\"Orodjarna - OECO d.o.o.\",\"isPartOf\":{\"@id\":\"https:\/\/oeco.si\/#website\"},\"datePublished\":\"2020-12-29T15:27:07+00:00\",\"dateModified\":\"2024-03-04T16:56:40+00:00\",\"breadcrumb\":{\"@id\":\"https:\/\/oeco.si\/sl\/orodjarna\/#breadcrumb\"},\"inLanguage\":\"sl-SI\",\"potentialAction\":[{\"@type\":\"ReadAction\",\"target\":[\"https:\/\/oeco.si\/sl\/orodjarna\/\"]}]},{\"@type\":\"BreadcrumbList\",\"@id\":\"https:\/\/oeco.si\/sl\/orodjarna\/#breadcrumb\",\"itemListElement\":[{\"@type\":\"ListItem\",\"position\":1,\"item\":{\"@type\":\"WebPage\",\"@id\":\"https:\/\/oeco.si\/sl\/\",\"url\":\"https:\/\/oeco.si\/sl\/\",\"name\":\"Home\"}},{\"@type\":\"ListItem\",\"position\":2,\"item\":{\"@type\":\"WebPage\",\"@id\":\"https:\/\/oeco.si\/sl\/orodjarna\/\",\"url\":\"https:\/\/oeco.si\/sl\/orodjarna\/\",\"name\":\"Orodjarna\"}}]}]}<\/script>\n<!-- \/ Yoast SEO plugin. -->","_links":{"self":[{"href":"https:\/\/oeco.si\/sl\/wp-json\/wp\/v2\/pages\/1702"}],"collection":[{"href":"https:\/\/oeco.si\/sl\/wp-json\/wp\/v2\/pages"}],"about":[{"href":"https:\/\/oeco.si\/sl\/wp-json\/wp\/v2\/types\/page"}],"author":[{"embeddable":true,"href":"https:\/\/oeco.si\/sl\/wp-json\/wp\/v2\/users\/1"}],"replies":[{"embeddable":true,"href":"https:\/\/oeco.si\/sl\/wp-json\/wp\/v2\/comments?post=1702"}],"version-history":[{"count":6,"href":"https:\/\/oeco.si\/sl\/wp-json\/wp\/v2\/pages\/1702\/revisions"}],"predecessor-version":[{"id":1708,"href":"https:\/\/oeco.si\/sl\/wp-json\/wp\/v2\/pages\/1702\/revisions\/1708"}],"wp:attachment":[{"href":"https:\/\/oeco.si\/sl\/wp-json\/wp\/v2\/media?parent=1702"}],"curies":[{"name":"wp","href":"https:\/\/api.w.org\/{rel}","templated":true}]}}