{"id":1698,"date":"2020-11-23T14:58:06","date_gmt":"2020-11-23T13:58:06","guid":{"rendered":"https:\/\/oeco.si\/references\/"},"modified":"2021-11-29T17:40:42","modified_gmt":"2021-11-29T16:40:42","slug":"reference","status":"publish","type":"page","link":"https:\/\/oeco.si\/sl\/reference\/","title":{"rendered":"Reference"},"content":{"rendered":"[vc_row css=&#8221;.vc_custom_1607001317356{padding-bottom: 20px !important;}&#8221;][vc_column css=&#8221;.vc_custom_1604566272423{padding-top: 0px !important;}&#8221;][cms_space space_lg=&#8221;24&#8243; space_md=&#8221;24&#8243; space_sm=&#8221;24&#8243; space_xs=&#8221;0&#8243;][cms_text_block]Vsa na\u0161a prizadevanja so usmerjena v vzpostavljanje dobrih in trajnih odnosov s strankami, kar dose\u017eemo z brezhibnim delom celotne ekipe.<\/p>\n<p>Ustvarjamo proizvodne re\u0161itve za razli\u010dne sektorje in trge po Evropi. Ve\u010dina na\u0161ih strank je iz avtomobilskega sektorja, zaradi \u010desar smo specializirani za to panogo.[\/cms_text_block][\/vc_column][\/vc_row][vc_row full_width=&#8221;stretch_row&#8221; disable_element=&#8221;yes&#8221;][vc_column css=&#8221;.vc_custom_1605562748863{padding-top: 60px !important;padding-bottom: 60px !important;}&#8221;][cms_client_carousel client_items=&#8221;%5B%7B%22client_title%22%3A%22DEWESoft%22%2C%22client_image%22%3A%22835%22%7D%2C%7B%22client_title%22%3A%22Elvez%22%2C%22client_image%22%3A%22836%22%7D%2C%7B%22client_title%22%3A%22Semet%20Global%22%2C%22client_image%22%3A%22838%22%2C%22client_link%22%3A%22url%3Ahttps%253A%252F%252Fsemet-global.com%252F%22%7D%2C%7B%22client_title%22%3A%22FWB%20Kunststofftechnik%20GmbH%22%2C%22client_image%22%3A%22837%22%7D%2C%7B%22client_title%22%3A%22ORO%20plastika%22%2C%22client_image%22%3A%22890%22%7D%2C%7B%22client_title%22%3A%22Tristone%22%2C%22client_image%22%3A%22839%22%7D%2C%7B%22client_title%22%3A%22MARSI%20group%22%2C%22client_image%22%3A%221019%22%7D%5D&#8221; col_xs=&#8221;1&#8243; col_sm=&#8221;2&#8243; col_md=&#8221;4&#8243; col_lg=&#8221;4&#8243; col_xl=&#8221;5&#8243; col_xxl=&#8221;5&#8243; loop=&#8221;true&#8221; autoplay=&#8221;true&#8221; autoplay_timeout=&#8221;4000&#8243; smart_speed=&#8221;800&#8243; cms_template=&#8221;cms_client_carousel.php&#8221; el_class=&#8221;oeco__link_disabled&#8221;][\/vc_column][\/vc_row][vc_row full_width=&#8221;stretch_row&#8221; css=&#8221;.vc_custom_1618578948915{padding-top: 40px !important;}&#8221;][vc_column width=&#8221;1\/5&#8243;][vc_single_image image=&#8221;1486&#8243; img_size=&#8221;medium&#8221; alignment=&#8221;center&#8221;][\/vc_column][vc_column width=&#8221;1\/5&#8243;][vc_single_image image=&#8221;1487&#8243; img_size=&#8221;medium&#8221; alignment=&#8221;center&#8221;][\/vc_column][vc_column width=&#8221;1\/5&#8243;][vc_single_image image=&#8221;1489&#8243; img_size=&#8221;medium&#8221; alignment=&#8221;center&#8221;][\/vc_column][vc_column width=&#8221;1\/5&#8243;][vc_single_image image=&#8221;1488&#8243; img_size=&#8221;medium&#8221; alignment=&#8221;center&#8221;][\/vc_column][vc_column width=&#8221;1\/5&#8243;][vc_single_image image=&#8221;1492&#8243; img_size=&#8221;medium&#8221; alignment=&#8221;center&#8221;][\/vc_column][\/vc_row][vc_row full_width=&#8221;stretch_row&#8221;][vc_column width=&#8221;1\/5&#8243;][vc_single_image image=&#8221;1490&#8243; img_size=&#8221;medium&#8221; alignment=&#8221;center&#8221;][\/vc_column][vc_column width=&#8221;1\/5&#8243;][vc_single_image image=&#8221;1500&#8243; img_size=&#8221;medium&#8221; alignment=&#8221;center&#8221;][\/vc_column][vc_column width=&#8221;1\/5&#8243;][vc_single_image image=&#8221;2333&#8243; img_size=&#8221;medium&#8221; alignment=&#8221;center&#8221;][\/vc_column][vc_column width=&#8221;1\/5&#8243;][vc_single_image image=&#8221;2353&#8243; img_size=&#8221;medium&#8221; alignment=&#8221;center&#8221;][\/vc_column][vc_column width=&#8221;1\/5&#8243;][vc_single_image image=&#8221;2395&#8243; img_size=&#8221;medium&#8221; alignment=&#8221;center&#8221;][\/vc_column][\/vc_row][vc_row full_width=&#8221;stretch_row&#8221;][vc_column width=&#8221;1\/5&#8243;][vc_single_image image=&#8221;2391&#8243; img_size=&#8221;medium&#8221; alignment=&#8221;center&#8221;][\/vc_column][vc_column width=&#8221;1\/5&#8243;][vc_single_image image=&#8221;2419&#8243; img_size=&#8221;medium&#8221; alignment=&#8221;center&#8221;][\/vc_column][vc_column width=&#8221;1\/5&#8243; offset=&#8221;vc_hidden-md vc_hidden-sm vc_hidden-xs&#8221;][\/vc_column][vc_column width=&#8221;1\/5&#8243; offset=&#8221;vc_hidden-md vc_hidden-sm vc_hidden-xs&#8221;][\/vc_column][vc_column width=&#8221;1\/5&#8243; offset=&#8221;vc_hidden-md vc_hidden-sm vc_hidden-xs&#8221;][\/vc_column][\/vc_row]\n","protected":false},"excerpt":{"rendered":"<p>[vc_row css=&#8221;.vc_custom_1607001317356{padding-bottom: 20px !important;}&#8221;][vc_column css=&#8221;.vc_custom_1604566272423{padding-top: 0px !important;}&#8221;][cms_space space_lg=&#8221;24&#8243; space_md=&#8221;24&#8243; space_sm=&#8221;24&#8243; space_xs=&#8221;0&#8243;][cms_text_block]Vsa na\u0161a prizadevanja so usmerjena v vzpostavljanje dobrih in trajnih odnosov s strankami, kar dose\u017eemo z brezhibnim delom celotne ekipe. Ustvarjamo proizvodne re\u0161itve za razli\u010dne sektorje in trge po Evropi. Ve\u010dina na\u0161ih strank je iz avtomobilskega sektorja, zaradi \u010desar smo specializirani za to panogo.[\/cms_text_block][\/vc_column][\/vc_row][vc_row full_width=&#8221;stretch_row&#8221; [&hellip;]<\/p>\n","protected":false},"author":1,"featured_media":0,"parent":0,"menu_order":0,"comment_status":"closed","ping_status":"closed","template":"","meta":[],"yoast_head":"<!-- This site is optimized with the Yoast SEO plugin v16.1.1 - https:\/\/yoast.com\/wordpress\/plugins\/seo\/ -->\n<title>Reference - OECO d.o.o.<\/title>\n<meta name=\"robots\" content=\"index, follow, max-snippet:-1, max-image-preview:large, max-video-preview:-1\" \/>\n<link rel=\"canonical\" href=\"https:\/\/oeco.si\/sl\/reference\/\" \/>\n<meta property=\"og:locale\" content=\"sl_SI\" \/>\n<meta property=\"og:type\" content=\"article\" \/>\n<meta property=\"og:title\" content=\"Reference - OECO d.o.o.\" \/>\n<meta property=\"og:description\" content=\"[vc_row css=&#8221;.vc_custom_1607001317356{padding-bottom: 20px !important;}&#8221;][vc_column css=&#8221;.vc_custom_1604566272423{padding-top: 0px !important;}&#8221;][cms_space space_lg=&#8221;24&#8243; space_md=&#8221;24&#8243; space_sm=&#8221;24&#8243; space_xs=&#8221;0&#8243;][cms_text_block]Vsa na\u0161a prizadevanja so usmerjena v vzpostavljanje dobrih in trajnih odnosov s strankami, kar dose\u017eemo z brezhibnim delom celotne ekipe. Ustvarjamo proizvodne re\u0161itve za razli\u010dne sektorje in trge po Evropi. Ve\u010dina na\u0161ih strank je iz avtomobilskega sektorja, zaradi \u010desar smo specializirani za to panogo.[\/cms_text_block][\/vc_column][\/vc_row][vc_row full_width=&#8221;stretch_row&#8221; [&hellip;]\" \/>\n<meta property=\"og:url\" content=\"https:\/\/oeco.si\/sl\/reference\/\" \/>\n<meta property=\"og:site_name\" content=\"OECO d.o.o.\" \/>\n<meta property=\"article:modified_time\" content=\"2021-11-29T16:40:42+00:00\" \/>\n<meta name=\"twitter:card\" content=\"summary_large_image\" \/>\n<meta name=\"twitter:label1\" content=\"Est. reading time\">\n\t<meta name=\"twitter:data1\" content=\"1 minuta\">\n<script type=\"application\/ld+json\" class=\"yoast-schema-graph\">{\"@context\":\"https:\/\/schema.org\",\"@graph\":[{\"@type\":\"WebSite\",\"@id\":\"https:\/\/oeco.si\/#website\",\"url\":\"https:\/\/oeco.si\/\",\"name\":\"OECO d.o.o.\",\"description\":\"Tooling solutions\",\"potentialAction\":[{\"@type\":\"SearchAction\",\"target\":\"https:\/\/oeco.si\/?s={search_term_string}\",\"query-input\":\"required name=search_term_string\"}],\"inLanguage\":\"sl-SI\"},{\"@type\":\"WebPage\",\"@id\":\"https:\/\/oeco.si\/sl\/reference\/#webpage\",\"url\":\"https:\/\/oeco.si\/sl\/reference\/\",\"name\":\"Reference - OECO d.o.o.\",\"isPartOf\":{\"@id\":\"https:\/\/oeco.si\/#website\"},\"datePublished\":\"2020-11-23T13:58:06+00:00\",\"dateModified\":\"2021-11-29T16:40:42+00:00\",\"breadcrumb\":{\"@id\":\"https:\/\/oeco.si\/sl\/reference\/#breadcrumb\"},\"inLanguage\":\"sl-SI\",\"potentialAction\":[{\"@type\":\"ReadAction\",\"target\":[\"https:\/\/oeco.si\/sl\/reference\/\"]}]},{\"@type\":\"BreadcrumbList\",\"@id\":\"https:\/\/oeco.si\/sl\/reference\/#breadcrumb\",\"itemListElement\":[{\"@type\":\"ListItem\",\"position\":1,\"item\":{\"@type\":\"WebPage\",\"@id\":\"https:\/\/oeco.si\/sl\/\",\"url\":\"https:\/\/oeco.si\/sl\/\",\"name\":\"Home\"}},{\"@type\":\"ListItem\",\"position\":2,\"item\":{\"@type\":\"WebPage\",\"@id\":\"https:\/\/oeco.si\/sl\/reference\/\",\"url\":\"https:\/\/oeco.si\/sl\/reference\/\",\"name\":\"Reference\"}}]}]}<\/script>\n<!-- \/ Yoast SEO plugin. -->","_links":{"self":[{"href":"https:\/\/oeco.si\/sl\/wp-json\/wp\/v2\/pages\/1698"}],"collection":[{"href":"https:\/\/oeco.si\/sl\/wp-json\/wp\/v2\/pages"}],"about":[{"href":"https:\/\/oeco.si\/sl\/wp-json\/wp\/v2\/types\/page"}],"author":[{"embeddable":true,"href":"https:\/\/oeco.si\/sl\/wp-json\/wp\/v2\/users\/1"}],"replies":[{"embeddable":true,"href":"https:\/\/oeco.si\/sl\/wp-json\/wp\/v2\/comments?post=1698"}],"version-history":[{"count":9,"href":"https:\/\/oeco.si\/sl\/wp-json\/wp\/v2\/pages\/1698\/revisions"}],"predecessor-version":[{"id":2421,"href":"https:\/\/oeco.si\/sl\/wp-json\/wp\/v2\/pages\/1698\/revisions\/2421"}],"wp:attachment":[{"href":"https:\/\/oeco.si\/sl\/wp-json\/wp\/v2\/media?parent=1698"}],"curies":[{"name":"wp","href":"https:\/\/api.w.org\/{rel}","templated":true}]}}