{"id":1690,"date":"2019-07-15T03:23:18","date_gmt":"2019-07-15T01:23:18","guid":{"rendered":"https:\/\/oeco.si\/about-us\/"},"modified":"2024-10-22T12:33:40","modified_gmt":"2024-10-22T10:33:40","slug":"o-nas","status":"publish","type":"page","link":"https:\/\/oeco.si\/sl\/o-nas\/","title":{"rendered":"O nas"},"content":{"rendered":"[vc_row css=&#8221;.vc_custom_1605564184081{padding-top: 114px !important;padding-bottom: 65px !important;}&#8221;][vc_column width=&#8221;1\/2&#8243; css=&#8221;.vc_custom_1604566272423{padding-top: 0px !important;}&#8221;][cms_space space_lg=&#8221;0&#8243; space_md=&#8221;0&#8243; space_sm=&#8221;0&#8243; space_xs=&#8221;0&#8243;][cms_text_block content_color=&#8221;#000000&#8243; font_weight=&#8221;fw-600&#8243; font_size=&#8221;15&#8243; line_height=&#8221;25&#8243;]OECO Tooling solutions je podjetje, ki zdru\u017euje skupino predanih strokovnjakov, specializiranih za proizvodnjo in prodajo orodij za injekcijsko brizganje plastike. Od konkurence nas lo\u010di dejstvo, da ponujamo celovito storitev od proizvodnje do poprodajnega vzdr\u017eevanja. To zagotavlja dolgo pri\u010dakovano \u017eivljenjsko dobo orodij in je re\u0161itev za \u0161tevilna podjetja, ki i\u0161\u010dejo stalno podporo pri vseh vidikih injekcijskega brizganja.[\/cms_text_block][vc_empty_space height=&#8221;20&#8243;][cms_text_block]Simulacije omogo\u010dajo optimizirano na\u010drtovanje in proizvodnjo, s \u010dimer se dose\u017eejo poenostavljeni procesi, zni\u017eujejo stro\u0161ki in zagotavlja dolga \u017eivljenjska doba orodja.[\/cms_text_block][vc_empty_space height=&#8221;15&#8243;][cms_text_block content_color=&#8221;#000000&#8243; font_weight=&#8221;fw-600&#8243;]Da bi na\u0161im strankam zagotovili najbolj\u0161e mo\u017ene storitve, ponujamo prilagojene pla\u010dilne pogoje, ki veljajo ob prvem naro\u010dilu.[\/cms_text_block][vc_empty_space height=&#8221;15&#8243;][cms_text_block]Trg zahteva <strong>kratke dobavne roke<\/strong>, izjemno prilagodljivo proizvodnjo in <strong>konkuren\u010dne cene<\/strong>, zato ponujamo re\u0161itve, ki bodo navdu\u0161ile vas in va\u0161e kon\u010dne stranke. Svetujemo vam v vseh fazah projekta in vas po korakih vodimo skozi postopek izdelave orodij pri na\u0161em potrjenem dobavitelju s Kitajske. Z nami prihranite kadrovske vire, ki bi jih sicer namenili za vodenje projektov.<\/p>\n<p>Partnerski odnos in odzivnost vseh sodelujo\u010dih \u2013 vas, na\u0161e orodjarne in na\u0161ega kitajskega partnerja \u2013 sta klju\u010dna za uspe\u0161no dokon\u010danje projekta.[\/cms_text_block][\/vc_column][vc_column width=&#8221;1\/2&#8243; cms_column_class=&#8221;rm-padding-lg&#8221; css=&#8221;.vc_custom_1604566279363{padding-top: 0px !important;padding-right: 26px !important;padding-left: 50px !important;}&#8221;][cms_space space_lg=&#8221;0&#8243; space_md=&#8221;0&#8243; space_sm=&#8221;0&#8243; space_xs=&#8221;60&#8243;][vc_single_image image=&#8221;1569&#8243; img_size=&#8221;full&#8221; alignment=&#8221;center&#8221;][vc_row_inner disable_element=&#8221;yes&#8221;][vc_column_inner][cms_video_player video_link=&#8221;url:https%3A%2F%2Fwww.youtube.com%2Fwatch%3Fv%3DSF4aHwxHtZ0|||&#8221; video_intro=&#8221;1329&#8243;][\/vc_column_inner][\/vc_row_inner][\/vc_column][\/vc_row][vc_row full_width=&#8221;stretch_row&#8221; css=&#8221;.vc_custom_1606569507080{padding-bottom: 30px !important;}&#8221;][vc_column css=&#8221;.vc_custom_1604424332627{padding-top: 0px !important;}&#8221; offset=&#8221;vc_col-lg-12 vc_col-md-12&#8243;][cms_space space_lg=&#8221;24&#8243; space_md=&#8221;24&#8243; space_sm=&#8221;24&#8243; space_xs=&#8221;24&#8243;][vc_custom_heading text=&#8221;Na\u0161a ekipa&#8221; font_container=&#8221;tag:h3|font_size:28px|text_align:center|color:%230070b9|line_height:35px&#8221; use_theme_fonts=&#8221;yes&#8221;][\/vc_column][\/vc_row][vc_row full_width=&#8221;stretch_row&#8221;][vc_column width=&#8221;1\/3&#8243; css=&#8221;.vc_custom_1604566259013{padding-top: 0px !important;}&#8221;][vc_column_text el_id=&#8221;oeco__blockItem&#8221;]<em>Vsa moja prizadevanja so usmerjena v vzpostavljanje dobrih in trajnih odnosov s strankami, kar lahko dose\u017eemo le z brezhibnim delom celotne ekipe.<\/em><\/p>\n<p><span style=\"font-size: 14px;\"><strong>&#8211; <a href=\"https:\/\/www.linkedin.com\/in\/milan-sebalj\/\" target=\"_blank\" rel=\"noopener\">Milan \u0160ebalj<\/a><\/strong>,<\/span> <span style=\"font-size: 12px; color: #646464;\">DIREKTOR<\/span>[\/vc_column_text][\/vc_column][vc_column width=&#8221;1\/3&#8243;][vc_column_text el_id=&#8221;oeco__blockItem&#8221;]<em>Storitev, ki jo ponujamo na\u0161im strankam, je najpomembnej\u0161a pri vzpostavljanju odnosov, najbolj\u0161i na\u010din za ohranjanje teh odnosov pa je izjemno delo. Sodelovanje gradimo na zaupanju, ki temelji na diskretnosti in visokih eti\u010dnih standardih.<\/em><\/p>\n<p><span style=\"font-size: 14px;\"><strong>&#8211; <a href=\"https:\/\/www.linkedin.com\/in\/ana-lucia-s\u00e1nchez-ben\u00edtez-529690123\" target=\"_blank\" rel=\"noopener\">Ana Lucia Sanchez<\/a>,<\/strong><\/span> <span style=\"font-size: 12px; color: #646464;\">Vodja finan\u010dnega in upravnega oddelka<\/span>[\/vc_column_text][\/vc_column][vc_column width=&#8221;1\/3&#8243;][vc_column_text el_id=&#8221;oeco__blockItem&#8221;]<em>\u017delim razumeti zahteve in potrebe na\u0161ih strank ter izpolniti njihova pri\u010dakovanja. \u017delim, da so na\u0161e stranke zadovoljne z na\u0161imi storitvami in da nam ostanejo zveste. Skupaj lahko dose\u017eemo ve\u010d.<\/em><\/p>\n<p><strong>&#8211;<\/strong> <span style=\"font-size: 14px; color: #0070b9;\"><strong>Sladjana Fina,<\/strong><\/span> <span style=\"font-size: 12px; color: #646464;\">Projektno vodenje in logistika<\/span>[\/vc_column_text][\/vc_column][\/vc_row][vc_row full_width=&#8221;stretch_row&#8221; css=&#8221;.vc_custom_1607082446455{padding-bottom: 50px !important;}&#8221;][vc_column width=&#8221;1\/3&#8243; css=&#8221;.vc_custom_1604566259013{padding-top: 0px !important;}&#8221;][vc_column_text el_id=&#8221;oeco__blockItem&#8221;]<em>Vsi na\u0161i tehni\u010dni in \u010dlove\u0161ki viri vam bodo vedno na voljo ter bodo izklju\u010dno namenjeni izvajanju va\u0161ih projektov in uresni\u010devanju na\u0161ih skupnih ciljev.<\/em><\/p>\n<p><span style=\"font-size: 14px;\"><strong>&#8211; <a href=\"https:\/\/www.linkedin.com\/in\/jure-vogric\/\" target=\"_blank\" rel=\"noopener\">Jure Vogri\u010d<\/a>,<\/strong><\/span> <span style=\"font-size: 12px; color: #646464;\">Vodja projektov<\/span>[\/vc_column_text][\/vc_column][vc_column width=&#8221;1\/3&#8243;][vc_column_text el_id=&#8221;oeco__blockItem&#8221;]<em>Vsa na\u0161a orodja so izdelana iz visoko kakovostnih materialov in v dogovorjenem roku. Natan\u010dno jih pregledamo, da se prepri\u010damo, ali izpolnjujejo zahteve na\u0161ih strank.<\/em><\/p>\n<p><strong>&#8211;<\/strong> <span style=\"font-size: 14px; color: #0070b9;\"><strong>Marjan Franeti\u010d,<\/strong><\/span> <span style=\"font-size: 12px; color: #646464;\">Vodja konstrukcije<\/span>[\/vc_column_text][\/vc_column][vc_column width=&#8221;1\/3&#8243; offset=&#8221;vc_hidden-lg vc_hidden-md vc_hidden-sm vc_hidden-xs&#8221;][vc_column_text el_id=&#8221;oeco__blockItem&#8221;]<em>After 30 years of experience and more than four thousand molds I still enjoy finding solutions and helping our customers to get the best tools possible.<\/em><\/p>\n<p><span style=\"font-size: 14px;\"><strong>&#8211; Drago Klun,<\/strong><\/span> <span style=\"font-size: 12px; color: #646464;\">Tooling specialist<\/span>[\/vc_column_text][\/vc_column][\/vc_row]\n","protected":false},"excerpt":{"rendered":"<p>[vc_row css=&#8221;.vc_custom_1605564184081{padding-top: 114px !important;padding-bottom: 65px !important;}&#8221;][vc_column width=&#8221;1\/2&#8243; css=&#8221;.vc_custom_1604566272423{padding-top: 0px !important;}&#8221;][cms_space space_lg=&#8221;0&#8243; space_md=&#8221;0&#8243; space_sm=&#8221;0&#8243; space_xs=&#8221;0&#8243;][cms_text_block content_color=&#8221;#000000&#8243; font_weight=&#8221;fw-600&#8243; font_size=&#8221;15&#8243; line_height=&#8221;25&#8243;]OECO Tooling solutions je podjetje, ki zdru\u017euje skupino predanih strokovnjakov, specializiranih za proizvodnjo in prodajo orodij za injekcijsko brizganje plastike. Od konkurence nas lo\u010di dejstvo, da ponujamo celovito storitev od proizvodnje do poprodajnega vzdr\u017eevanja. To zagotavlja dolgo pri\u010dakovano [&hellip;]<\/p>\n","protected":false},"author":1,"featured_media":0,"parent":0,"menu_order":0,"comment_status":"closed","ping_status":"closed","template":"","meta":[],"yoast_head":"<!-- This site is optimized with the Yoast SEO plugin v16.1.1 - https:\/\/yoast.com\/wordpress\/plugins\/seo\/ -->\n<title>O nas - OECO d.o.o.<\/title>\n<meta name=\"robots\" content=\"index, follow, max-snippet:-1, max-image-preview:large, max-video-preview:-1\" \/>\n<link rel=\"canonical\" href=\"https:\/\/oeco.si\/sl\/o-nas\/\" \/>\n<meta property=\"og:locale\" content=\"sl_SI\" \/>\n<meta property=\"og:type\" content=\"article\" \/>\n<meta property=\"og:title\" content=\"O nas - OECO d.o.o.\" \/>\n<meta property=\"og:description\" content=\"[vc_row css=&#8221;.vc_custom_1605564184081{padding-top: 114px !important;padding-bottom: 65px !important;}&#8221;][vc_column width=&#8221;1\/2&#8243; css=&#8221;.vc_custom_1604566272423{padding-top: 0px !important;}&#8221;][cms_space space_lg=&#8221;0&#8243; space_md=&#8221;0&#8243; space_sm=&#8221;0&#8243; space_xs=&#8221;0&#8243;][cms_text_block content_color=&#8221;#000000&#8243; font_weight=&#8221;fw-600&#8243; font_size=&#8221;15&#8243; line_height=&#8221;25&#8243;]OECO Tooling solutions je podjetje, ki zdru\u017euje skupino predanih strokovnjakov, specializiranih za proizvodnjo in prodajo orodij za injekcijsko brizganje plastike. Od konkurence nas lo\u010di dejstvo, da ponujamo celovito storitev od proizvodnje do poprodajnega vzdr\u017eevanja. To zagotavlja dolgo pri\u010dakovano [&hellip;]\" \/>\n<meta property=\"og:url\" content=\"https:\/\/oeco.si\/sl\/o-nas\/\" \/>\n<meta property=\"og:site_name\" content=\"OECO d.o.o.\" \/>\n<meta property=\"article:modified_time\" content=\"2024-10-22T10:33:40+00:00\" \/>\n<meta name=\"twitter:card\" content=\"summary_large_image\" \/>\n<meta name=\"twitter:label1\" content=\"Est. reading time\">\n\t<meta name=\"twitter:data1\" content=\"2 minuti\">\n<script type=\"application\/ld+json\" class=\"yoast-schema-graph\">{\"@context\":\"https:\/\/schema.org\",\"@graph\":[{\"@type\":\"WebSite\",\"@id\":\"https:\/\/oeco.si\/#website\",\"url\":\"https:\/\/oeco.si\/\",\"name\":\"OECO d.o.o.\",\"description\":\"Tooling solutions\",\"potentialAction\":[{\"@type\":\"SearchAction\",\"target\":\"https:\/\/oeco.si\/?s={search_term_string}\",\"query-input\":\"required name=search_term_string\"}],\"inLanguage\":\"sl-SI\"},{\"@type\":\"WebPage\",\"@id\":\"https:\/\/oeco.si\/sl\/o-nas\/#webpage\",\"url\":\"https:\/\/oeco.si\/sl\/o-nas\/\",\"name\":\"O nas - OECO d.o.o.\",\"isPartOf\":{\"@id\":\"https:\/\/oeco.si\/#website\"},\"datePublished\":\"2019-07-15T01:23:18+00:00\",\"dateModified\":\"2024-10-22T10:33:40+00:00\",\"breadcrumb\":{\"@id\":\"https:\/\/oeco.si\/sl\/o-nas\/#breadcrumb\"},\"inLanguage\":\"sl-SI\",\"potentialAction\":[{\"@type\":\"ReadAction\",\"target\":[\"https:\/\/oeco.si\/sl\/o-nas\/\"]}]},{\"@type\":\"BreadcrumbList\",\"@id\":\"https:\/\/oeco.si\/sl\/o-nas\/#breadcrumb\",\"itemListElement\":[{\"@type\":\"ListItem\",\"position\":1,\"item\":{\"@type\":\"WebPage\",\"@id\":\"https:\/\/oeco.si\/sl\/\",\"url\":\"https:\/\/oeco.si\/sl\/\",\"name\":\"Home\"}},{\"@type\":\"ListItem\",\"position\":2,\"item\":{\"@type\":\"WebPage\",\"@id\":\"https:\/\/oeco.si\/sl\/o-nas\/\",\"url\":\"https:\/\/oeco.si\/sl\/o-nas\/\",\"name\":\"O nas\"}}]}]}<\/script>\n<!-- \/ Yoast SEO plugin. -->","_links":{"self":[{"href":"https:\/\/oeco.si\/sl\/wp-json\/wp\/v2\/pages\/1690"}],"collection":[{"href":"https:\/\/oeco.si\/sl\/wp-json\/wp\/v2\/pages"}],"about":[{"href":"https:\/\/oeco.si\/sl\/wp-json\/wp\/v2\/types\/page"}],"author":[{"embeddable":true,"href":"https:\/\/oeco.si\/sl\/wp-json\/wp\/v2\/users\/1"}],"replies":[{"embeddable":true,"href":"https:\/\/oeco.si\/sl\/wp-json\/wp\/v2\/comments?post=1690"}],"version-history":[{"count":13,"href":"https:\/\/oeco.si\/sl\/wp-json\/wp\/v2\/pages\/1690\/revisions"}],"predecessor-version":[{"id":2633,"href":"https:\/\/oeco.si\/sl\/wp-json\/wp\/v2\/pages\/1690\/revisions\/2633"}],"wp:attachment":[{"href":"https:\/\/oeco.si\/sl\/wp-json\/wp\/v2\/media?parent=1690"}],"curies":[{"name":"wp","href":"https:\/\/api.w.org\/{rel}","templated":true}]}}