{"id":1652,"date":"2021-01-26T14:10:02","date_gmt":"2021-01-26T13:10:02","guid":{"rendered":"https:\/\/oeco.si\/quality-policy\/"},"modified":"2025-07-02T00:34:09","modified_gmt":"2025-07-01T22:34:09","slug":"politika-kakovosti","status":"publish","type":"page","link":"https:\/\/oeco.si\/sl\/politika-kakovosti\/","title":{"rendered":"Politika kakovosti"},"content":{"rendered":"[vc_row css=&#8221;.vc_custom_1611667121193{padding-top: 80px !important;}&#8221; el_id=&#8221;quality_policy&#8221;][vc_column][vc_custom_heading text=&#8221;Politika kakovosti in varovanja okolja podjetja OECO d.o.o.&#8221; font_container=&#8221;tag:h2|text_align:left|color:%230070b9&#8243; use_theme_fonts=&#8221;yes&#8221;][vc_column_text css=&#8221;.vc_custom_1751409086506{margin-bottom: 30px !important;padding-top: 10px !important;}&#8221;]Politika kakovosti in varovanja okolja podjetja OECO d.o.o. temelji na na\u0161i viziji, poslanstvu ter zavezanosti h klju\u010dnim usmeritvam na\u0161ega podjetja ter zavezanosti k izpolnjevanju kup\u010devih, zakonskih ter vseh ostalih zahtev, ki so relevantna za ustrezno delovanje podjetja. Vklju\u010dno z zavezanostjo po zmanj\u0161evanju onesna\u017eevanja okolja in upo\u0161tevanje vseh zakonskih in ostalih zahtev varovanja okolja.<\/p>\n<p>Kot mlado, hitro rasto\u010de storitveno podjetje se zavedamo pomembnosti ustreznega delovanja podjetja, s \u010dimer lahko zagotavljamo ustreznost na\u0161ih storitev ter posledi\u010dno zadovoljstvo na\u0161ih klju\u010dnih strank, ob enem pa je to na\u0161a klju\u010dna prednost pri pridobivanju novega posla.[\/vc_column_text][vc_column_text css=&#8221;.vc_custom_1751409124362{margin-bottom: 30px !important;}&#8221;]\n<h5><span style=\"color: #0070b9; margin-bottom: 20px;\">S samo politiko kakovosti in varovanja okolja se zavezujemo, da imamo:<\/span><\/h5>\n<ul>\n<li>Vzpostavljene procese delovanja v podjetju, ki so ustrezno nadzorovani;<\/li>\n<li>Kompetenten kader, ki je usposobljen za ustrezno delovanje v posameznih procesih podjetja;<\/li>\n<li>Vzpostavljen sistem ocenjevanja tveganj in posledi\u010dno prepoznane ukrepe;<\/li>\n<li>Vzpostavljen sistem stalnih izbolj\u0161av;<\/li>\n<li>Vzpostavljeno delovanje podjetja po vseh zakonskih zahtevah, vklju\u010dno zakonskih in ostalih zahtevah varovanja okolja;<\/li>\n<li>Nenehno skrb za zmanj\u0161evanje onesna\u017eevanja okolja.<\/li>\n<\/ul>\n[\/vc_column_text][vc_column_text]\n<h5><span style=\"color: #0070b9;\">Najvi\u0161je vodstvo se poleg zgoraj na\u0161tetih to\u010dk zavezuje tudi:<\/span><\/h5>\n<ul>\n<li>Da bo skrbelo za implementacijo, vzdr\u017eevanje ter nenehno izbolj\u0161evanje sistema vodenja kakovosti ISO 9001:2015 ter varovanja okolja po zahtevi standarda ISO 14001\/20215;<\/li>\n<li>Da bo implementiralo politiko kakovosti in varovanja okolja v podjetju ter jo ustrezno predstavilo vsem zaposlenim;<\/li>\n<li>Nudilo podporo vsem zaposlenim pri njihovem delu v podjetju OECO d.o.o.;<\/li>\n<li>Zagotovilo ustrezno partnersko sodelovanje s klju\u010dnimi dobavitelji \/ izvajalci storitev;<\/li>\n<li>Prepoznalo zahteve in pri\u010dakovanja vseh zainteresiranih strani ter se do njih tudi opredelilo.<\/li>\n<\/ul>\n[\/vc_column_text][\/vc_column][\/vc_row][vc_row css=&#8221;.vc_custom_1645653496814{padding-top: 30px !important;padding-bottom: 70px !important;}&#8221;][vc_column width=&#8221;1\/2&#8243;][vc_column_text el_class=&#8221;oeco__qp_date&#8221; css=&#8221;.vc_custom_1751409162242{margin-bottom: 0px !important;}&#8221;]Datum: 31.01.2025[\/vc_column_text][\/vc_column][vc_column width=&#8221;1\/2&#8243;][vc_column_text text_align=&#8221;text-right&#8221; el_class=&#8221;oeco__qp_ceo&#8221; css=&#8221;.vc_custom_1612270055625{margin-bottom: 0px !important;}&#8221;]Direktor: Milan \u0160ebalj[\/vc_column_text][\/vc_column][\/vc_row]\n","protected":false},"excerpt":{"rendered":"<p>[vc_row css=&#8221;.vc_custom_1611667121193{padding-top: 80px !important;}&#8221; el_id=&#8221;quality_policy&#8221;][vc_column][vc_custom_heading text=&#8221;Politika kakovosti in varovanja okolja podjetja OECO d.o.o.&#8221; font_container=&#8221;tag:h2|text_align:left|color:%230070b9&#8243; use_theme_fonts=&#8221;yes&#8221;][vc_column_text css=&#8221;.vc_custom_1751409086506{margin-bottom: 30px !important;padding-top: 10px !important;}&#8221;]Politika kakovosti in varovanja okolja podjetja OECO d.o.o. temelji na na\u0161i viziji, poslanstvu ter zavezanosti h klju\u010dnim usmeritvam na\u0161ega podjetja ter zavezanosti k izpolnjevanju kup\u010devih, zakonskih ter vseh ostalih zahtev, ki so relevantna za ustrezno delovanje [&hellip;]<\/p>\n","protected":false},"author":1,"featured_media":0,"parent":0,"menu_order":0,"comment_status":"closed","ping_status":"closed","template":"","meta":[],"yoast_head":"<!-- This site is optimized with the Yoast SEO plugin v16.1.1 - https:\/\/yoast.com\/wordpress\/plugins\/seo\/ -->\n<title>Politika kakovosti - OECO d.o.o.<\/title>\n<meta name=\"robots\" content=\"index, follow, max-snippet:-1, max-image-preview:large, max-video-preview:-1\" \/>\n<link rel=\"canonical\" href=\"https:\/\/oeco.si\/sl\/politika-kakovosti\/\" \/>\n<meta property=\"og:locale\" content=\"sl_SI\" \/>\n<meta property=\"og:type\" content=\"article\" \/>\n<meta property=\"og:title\" content=\"Politika kakovosti - OECO d.o.o.\" \/>\n<meta property=\"og:description\" content=\"[vc_row css=&#8221;.vc_custom_1611667121193{padding-top: 80px !important;}&#8221; el_id=&#8221;quality_policy&#8221;][vc_column][vc_custom_heading text=&#8221;Politika kakovosti in varovanja okolja podjetja OECO d.o.o.&#8221; font_container=&#8221;tag:h2|text_align:left|color:%230070b9&#8243; use_theme_fonts=&#8221;yes&#8221;][vc_column_text css=&#8221;.vc_custom_1751409086506{margin-bottom: 30px !important;padding-top: 10px !important;}&#8221;]Politika kakovosti in varovanja okolja podjetja OECO d.o.o. temelji na na\u0161i viziji, poslanstvu ter zavezanosti h klju\u010dnim usmeritvam na\u0161ega podjetja ter zavezanosti k izpolnjevanju kup\u010devih, zakonskih ter vseh ostalih zahtev, ki so relevantna za ustrezno delovanje [&hellip;]\" \/>\n<meta property=\"og:url\" content=\"https:\/\/oeco.si\/sl\/politika-kakovosti\/\" \/>\n<meta property=\"og:site_name\" content=\"OECO d.o.o.\" \/>\n<meta property=\"article:modified_time\" content=\"2025-07-01T22:34:09+00:00\" \/>\n<meta name=\"twitter:card\" content=\"summary_large_image\" \/>\n<meta name=\"twitter:label1\" content=\"Est. reading time\">\n\t<meta name=\"twitter:data1\" content=\"2 minuti\">\n<script type=\"application\/ld+json\" class=\"yoast-schema-graph\">{\"@context\":\"https:\/\/schema.org\",\"@graph\":[{\"@type\":\"WebSite\",\"@id\":\"https:\/\/oeco.si\/#website\",\"url\":\"https:\/\/oeco.si\/\",\"name\":\"OECO d.o.o.\",\"description\":\"Tooling solutions\",\"potentialAction\":[{\"@type\":\"SearchAction\",\"target\":\"https:\/\/oeco.si\/?s={search_term_string}\",\"query-input\":\"required name=search_term_string\"}],\"inLanguage\":\"sl-SI\"},{\"@type\":\"WebPage\",\"@id\":\"https:\/\/oeco.si\/sl\/politika-kakovosti\/#webpage\",\"url\":\"https:\/\/oeco.si\/sl\/politika-kakovosti\/\",\"name\":\"Politika kakovosti - OECO d.o.o.\",\"isPartOf\":{\"@id\":\"https:\/\/oeco.si\/#website\"},\"datePublished\":\"2021-01-26T13:10:02+00:00\",\"dateModified\":\"2025-07-01T22:34:09+00:00\",\"breadcrumb\":{\"@id\":\"https:\/\/oeco.si\/sl\/politika-kakovosti\/#breadcrumb\"},\"inLanguage\":\"sl-SI\",\"potentialAction\":[{\"@type\":\"ReadAction\",\"target\":[\"https:\/\/oeco.si\/sl\/politika-kakovosti\/\"]}]},{\"@type\":\"BreadcrumbList\",\"@id\":\"https:\/\/oeco.si\/sl\/politika-kakovosti\/#breadcrumb\",\"itemListElement\":[{\"@type\":\"ListItem\",\"position\":1,\"item\":{\"@type\":\"WebPage\",\"@id\":\"https:\/\/oeco.si\/sl\/\",\"url\":\"https:\/\/oeco.si\/sl\/\",\"name\":\"Home\"}},{\"@type\":\"ListItem\",\"position\":2,\"item\":{\"@type\":\"WebPage\",\"@id\":\"https:\/\/oeco.si\/sl\/politika-kakovosti\/\",\"url\":\"https:\/\/oeco.si\/sl\/politika-kakovosti\/\",\"name\":\"Politika kakovosti\"}}]}]}<\/script>\n<!-- \/ Yoast SEO plugin. -->","_links":{"self":[{"href":"https:\/\/oeco.si\/sl\/wp-json\/wp\/v2\/pages\/1652"}],"collection":[{"href":"https:\/\/oeco.si\/sl\/wp-json\/wp\/v2\/pages"}],"about":[{"href":"https:\/\/oeco.si\/sl\/wp-json\/wp\/v2\/types\/page"}],"author":[{"embeddable":true,"href":"https:\/\/oeco.si\/sl\/wp-json\/wp\/v2\/users\/1"}],"replies":[{"embeddable":true,"href":"https:\/\/oeco.si\/sl\/wp-json\/wp\/v2\/comments?post=1652"}],"version-history":[{"count":17,"href":"https:\/\/oeco.si\/sl\/wp-json\/wp\/v2\/pages\/1652\/revisions"}],"predecessor-version":[{"id":2681,"href":"https:\/\/oeco.si\/sl\/wp-json\/wp\/v2\/pages\/1652\/revisions\/2681"}],"wp:attachment":[{"href":"https:\/\/oeco.si\/sl\/wp-json\/wp\/v2\/media?parent=1652"}],"curies":[{"name":"wp","href":"https:\/\/api.w.org\/{rel}","templated":true}]}}