{"id":2144,"date":"2019-08-16T06:45:53","date_gmt":"2019-08-16T04:45:53","guid":{"rendered":"https:\/\/oeco.si\/services\/"},"modified":"2021-02-04T22:58:54","modified_gmt":"2021-02-04T21:58:54","slug":"services","status":"publish","type":"page","link":"https:\/\/oeco.si\/fr\/services\/","title":{"rendered":"Services"},"content":{"rendered":"[vc_row][vc_column css=&#8221;.vc_custom_1565942381776{padding-top: 114px !important;padding-bottom: 105px !important;}&#8221;][vc_row_inner][vc_column_inner width=&#8221;1\/6&#8243; css=&#8221;.vc_custom_1565942360093{padding-top: 0px !important;}&#8221;][\/vc_column_inner][vc_column_inner width=&#8221;2\/3&#8243; css=&#8221;.vc_custom_1607002834746{padding-top: 0px !important;}&#8221;][cms_heading text=&#8221;Transformez vos id\u00e9es en excellents outils avec des solutions rentables!&#8221; sub_title=&#8221;Des normes de qualit\u00e9 \u00e9lev\u00e9es qui r\u00e9pondent \u00e0 toutes les exigences du march\u00e9 europ\u00e9en.&#8221; margin_bottom=&#8221;31&#8243;][\/vc_column_inner][vc_column_inner width=&#8221;1\/6&#8243; css=&#8221;.vc_custom_1565942369048{padding-top: 0px !important;}&#8221;][\/vc_column_inner][\/vc_row_inner][cms_service_grid custom_source=&#8221;true&#8221; order=&#8221;ASC&#8221; col_xs=&#8221;1&#8243; col_sm=&#8221;2&#8243; col_md=&#8221;2&#8243; col_lg=&#8221;3&#8243; col_xl=&#8221;3&#8243; layout=&#8221;masonry&#8221; post_ids=&#8221;2190, 2182, 2176, 2172, 2164, 2160&#8243;][\/vc_column][\/vc_row]\n","protected":false},"excerpt":{"rendered":"<p>[vc_row][vc_column css=&#8221;.vc_custom_1565942381776{padding-top: 114px !important;padding-bottom: 105px !important;}&#8221;][vc_row_inner][vc_column_inner width=&#8221;1\/6&#8243; css=&#8221;.vc_custom_1565942360093{padding-top: 0px !important;}&#8221;][\/vc_column_inner][vc_column_inner width=&#8221;2\/3&#8243; css=&#8221;.vc_custom_1607002834746{padding-top: 0px !important;}&#8221;][cms_heading text=&#8221;Transformez vos id\u00e9es en excellents outils avec des solutions rentables!&#8221; sub_title=&#8221;Des normes de qualit\u00e9 \u00e9lev\u00e9es qui r\u00e9pondent \u00e0 toutes les exigences du march\u00e9 europ\u00e9en.&#8221; margin_bottom=&#8221;31&#8243;][\/vc_column_inner][vc_column_inner width=&#8221;1\/6&#8243; css=&#8221;.vc_custom_1565942369048{padding-top: 0px !important;}&#8221;][\/vc_column_inner][\/vc_row_inner][cms_service_grid custom_source=&#8221;true&#8221; order=&#8221;ASC&#8221; col_xs=&#8221;1&#8243; col_sm=&#8221;2&#8243; col_md=&#8221;2&#8243; col_lg=&#8221;3&#8243; col_xl=&#8221;3&#8243; layout=&#8221;masonry&#8221; post_ids=&#8221;2190, 2182, 2176, 2172, [&hellip;]<\/p>\n","protected":false},"author":1,"featured_media":0,"parent":0,"menu_order":0,"comment_status":"closed","ping_status":"closed","template":"","meta":[],"yoast_head":"<!-- This site is optimized with the Yoast SEO plugin v16.1.1 - https:\/\/yoast.com\/wordpress\/plugins\/seo\/ -->\n<title>Services - OECO d.o.o.<\/title>\n<meta name=\"robots\" content=\"index, follow, max-snippet:-1, max-image-preview:large, max-video-preview:-1\" \/>\n<link rel=\"canonical\" href=\"https:\/\/oeco.si\/fr\/services\/\" \/>\n<meta property=\"og:locale\" content=\"fr_FR\" \/>\n<meta property=\"og:type\" content=\"article\" \/>\n<meta property=\"og:title\" content=\"Services - OECO d.o.o.\" \/>\n<meta property=\"og:description\" content=\"[vc_row][vc_column css=&#8221;.vc_custom_1565942381776{padding-top: 114px !important;padding-bottom: 105px !important;}&#8221;][vc_row_inner][vc_column_inner width=&#8221;1\/6&#8243; css=&#8221;.vc_custom_1565942360093{padding-top: 0px !important;}&#8221;][\/vc_column_inner][vc_column_inner width=&#8221;2\/3&#8243; css=&#8221;.vc_custom_1607002834746{padding-top: 0px !important;}&#8221;][cms_heading text=&#8221;Transformez vos id\u00e9es en excellents outils avec des solutions rentables!&#8221; sub_title=&#8221;Des normes de qualit\u00e9 \u00e9lev\u00e9es qui r\u00e9pondent \u00e0 toutes les exigences du march\u00e9 europ\u00e9en.&#8221; margin_bottom=&#8221;31&#8243;][\/vc_column_inner][vc_column_inner width=&#8221;1\/6&#8243; css=&#8221;.vc_custom_1565942369048{padding-top: 0px !important;}&#8221;][\/vc_column_inner][\/vc_row_inner][cms_service_grid custom_source=&#8221;true&#8221; order=&#8221;ASC&#8221; col_xs=&#8221;1&#8243; col_sm=&#8221;2&#8243; col_md=&#8221;2&#8243; col_lg=&#8221;3&#8243; col_xl=&#8221;3&#8243; layout=&#8221;masonry&#8221; post_ids=&#8221;2190, 2182, 2176, 2172, [&hellip;]\" \/>\n<meta property=\"og:url\" content=\"https:\/\/oeco.si\/fr\/services\/\" \/>\n<meta property=\"og:site_name\" content=\"OECO d.o.o.\" \/>\n<meta property=\"article:modified_time\" content=\"2021-02-04T21:58:54+00:00\" \/>\n<meta name=\"twitter:card\" content=\"summary_large_image\" \/>\n<meta name=\"twitter:label1\" content=\"Dur\u00e9e de lecture est.\">\n\t<meta name=\"twitter:data1\" content=\"1 minute\">\n<script type=\"application\/ld+json\" class=\"yoast-schema-graph\">{\"@context\":\"https:\/\/schema.org\",\"@graph\":[{\"@type\":\"WebSite\",\"@id\":\"https:\/\/oeco.si\/#website\",\"url\":\"https:\/\/oeco.si\/\",\"name\":\"OECO d.o.o.\",\"description\":\"Tooling solutions\",\"potentialAction\":[{\"@type\":\"SearchAction\",\"target\":\"https:\/\/oeco.si\/?s={search_term_string}\",\"query-input\":\"required name=search_term_string\"}],\"inLanguage\":\"fr-FR\"},{\"@type\":\"WebPage\",\"@id\":\"https:\/\/oeco.si\/fr\/services\/#webpage\",\"url\":\"https:\/\/oeco.si\/fr\/services\/\",\"name\":\"Services - OECO d.o.o.\",\"isPartOf\":{\"@id\":\"https:\/\/oeco.si\/#website\"},\"datePublished\":\"2019-08-16T04:45:53+00:00\",\"dateModified\":\"2021-02-04T21:58:54+00:00\",\"breadcrumb\":{\"@id\":\"https:\/\/oeco.si\/fr\/services\/#breadcrumb\"},\"inLanguage\":\"fr-FR\",\"potentialAction\":[{\"@type\":\"ReadAction\",\"target\":[\"https:\/\/oeco.si\/fr\/services\/\"]}]},{\"@type\":\"BreadcrumbList\",\"@id\":\"https:\/\/oeco.si\/fr\/services\/#breadcrumb\",\"itemListElement\":[{\"@type\":\"ListItem\",\"position\":1,\"item\":{\"@type\":\"WebPage\",\"@id\":\"https:\/\/oeco.si\/fr\/\",\"url\":\"https:\/\/oeco.si\/fr\/\",\"name\":\"Home\"}},{\"@type\":\"ListItem\",\"position\":2,\"item\":{\"@type\":\"WebPage\",\"@id\":\"https:\/\/oeco.si\/fr\/services\/\",\"url\":\"https:\/\/oeco.si\/fr\/services\/\",\"name\":\"Services\"}}]}]}<\/script>\n<!-- \/ Yoast SEO plugin. -->","_links":{"self":[{"href":"https:\/\/oeco.si\/fr\/wp-json\/wp\/v2\/pages\/2144"}],"collection":[{"href":"https:\/\/oeco.si\/fr\/wp-json\/wp\/v2\/pages"}],"about":[{"href":"https:\/\/oeco.si\/fr\/wp-json\/wp\/v2\/types\/page"}],"author":[{"embeddable":true,"href":"https:\/\/oeco.si\/fr\/wp-json\/wp\/v2\/users\/1"}],"replies":[{"embeddable":true,"href":"https:\/\/oeco.si\/fr\/wp-json\/wp\/v2\/comments?post=2144"}],"version-history":[{"count":3,"href":"https:\/\/oeco.si\/fr\/wp-json\/wp\/v2\/pages\/2144\/revisions"}],"predecessor-version":[{"id":2212,"href":"https:\/\/oeco.si\/fr\/wp-json\/wp\/v2\/pages\/2144\/revisions\/2212"}],"wp:attachment":[{"href":"https:\/\/oeco.si\/fr\/wp-json\/wp\/v2\/media?parent=2144"}],"curies":[{"name":"wp","href":"https:\/\/api.w.org\/{rel}","templated":true}]}}