{"id":2136,"date":"2020-11-23T14:58:06","date_gmt":"2020-11-23T13:58:06","guid":{"rendered":"https:\/\/oeco.si\/references\/"},"modified":"2021-11-29T17:41:26","modified_gmt":"2021-11-29T16:41:26","slug":"references","status":"publish","type":"page","link":"https:\/\/oeco.si\/fr\/references\/","title":{"rendered":"R\u00e9f\u00e9rences"},"content":{"rendered":"[vc_row css=&#8221;.vc_custom_1607001317356{padding-bottom: 20px !important;}&#8221;][vc_column css=&#8221;.vc_custom_1604566272423{padding-top: 0px !important;}&#8221;][cms_space space_lg=&#8221;24&#8243; space_md=&#8221;24&#8243; space_sm=&#8221;24&#8243; space_xs=&#8221;0&#8243;][cms_text_block]Tous nos efforts sont ax\u00e9s sur la cr\u00e9ation de bonnes relations durables avec nos clients, ce que nous r\u00e9alisons gr\u00e2ce au travail impeccable effectu\u00e9 par toute l&#8217;\u00e9quipe.<\/p>\n<p>Nous cr\u00e9ons des solutions de fabrication pour diff\u00e9rentes industries et march\u00e9s \u00e0 travers l&#8217;Europe. La plupart de nos clients sont issus du secteur automobile, ce qui nous permet d\u2019\u00eatre un groupe sp\u00e9cialis\u00e9 dans cette industrie.[\/cms_text_block][\/vc_column][\/vc_row][vc_row full_width=&#8221;stretch_row&#8221; disable_element=&#8221;yes&#8221;][vc_column css=&#8221;.vc_custom_1605562748863{padding-top: 60px !important;padding-bottom: 60px !important;}&#8221;][cms_client_carousel client_items=&#8221;%5B%7B%22client_title%22%3A%22DEWESoft%22%2C%22client_image%22%3A%22835%22%7D%2C%7B%22client_title%22%3A%22Elvez%22%2C%22client_image%22%3A%22836%22%7D%2C%7B%22client_title%22%3A%22Semet%20Global%22%2C%22client_image%22%3A%22838%22%2C%22client_link%22%3A%22url%3Ahttps%253A%252F%252Fsemet-global.com%252F%22%7D%2C%7B%22client_title%22%3A%22FWB%20Kunststofftechnik%20GmbH%22%2C%22client_image%22%3A%22837%22%7D%2C%7B%22client_title%22%3A%22ORO%20plastika%22%2C%22client_image%22%3A%22890%22%7D%2C%7B%22client_title%22%3A%22Tristone%22%2C%22client_image%22%3A%22839%22%7D%2C%7B%22client_title%22%3A%22MARSI%20group%22%2C%22client_image%22%3A%221019%22%7D%5D&#8221; col_xs=&#8221;1&#8243; col_sm=&#8221;2&#8243; col_md=&#8221;4&#8243; col_lg=&#8221;4&#8243; col_xl=&#8221;5&#8243; col_xxl=&#8221;5&#8243; loop=&#8221;true&#8221; autoplay=&#8221;true&#8221; autoplay_timeout=&#8221;4000&#8243; smart_speed=&#8221;800&#8243; cms_template=&#8221;cms_client_carousel.php&#8221; el_class=&#8221;oeco__link_disabled&#8221;][\/vc_column][\/vc_row][vc_row full_width=&#8221;stretch_row&#8221; css=&#8221;.vc_custom_1618578948915{padding-top: 40px !important;}&#8221;][vc_column width=&#8221;1\/5&#8243;][vc_single_image image=&#8221;2314&#8243; img_size=&#8221;medium&#8221; alignment=&#8221;center&#8221;][\/vc_column][vc_column width=&#8221;1\/5&#8243;][vc_single_image image=&#8221;2313&#8243; img_size=&#8221;medium&#8221; alignment=&#8221;center&#8221;][\/vc_column][vc_column width=&#8221;1\/5&#8243;][vc_single_image image=&#8221;2311&#8243; img_size=&#8221;medium&#8221; alignment=&#8221;center&#8221;][\/vc_column][vc_column width=&#8221;1\/5&#8243;][vc_single_image image=&#8221;2312&#8243; img_size=&#8221;medium&#8221; alignment=&#8221;center&#8221;][\/vc_column][vc_column width=&#8221;1\/5&#8243;][vc_single_image image=&#8221;2309&#8243; img_size=&#8221;medium&#8221; alignment=&#8221;center&#8221;][\/vc_column][\/vc_row][vc_row full_width=&#8221;stretch_row&#8221;][vc_column width=&#8221;1\/5&#8243;][vc_single_image image=&#8221;2310&#8243; img_size=&#8221;medium&#8221; alignment=&#8221;center&#8221;][\/vc_column][vc_column width=&#8221;1\/5&#8243;][vc_single_image image=&#8221;2114&#8243; img_size=&#8221;medium&#8221; alignment=&#8221;center&#8221;][\/vc_column][vc_column width=&#8221;1\/5&#8243;][vc_single_image image=&#8221;2331&#8243; img_size=&#8221;medium&#8221; alignment=&#8221;center&#8221;][\/vc_column][vc_column width=&#8221;1\/5&#8243;][vc_single_image image=&#8221;2351&#8243; img_size=&#8221;medium&#8221; alignment=&#8221;center&#8221;][\/vc_column][vc_column width=&#8221;1\/5&#8243;][vc_single_image image=&#8221;2393&#8243; img_size=&#8221;medium&#8221; alignment=&#8221;center&#8221;][\/vc_column][\/vc_row][vc_row full_width=&#8221;stretch_row&#8221;][vc_column width=&#8221;1\/5&#8243;][vc_single_image image=&#8221;2389&#8243; img_size=&#8221;medium&#8221; alignment=&#8221;center&#8221;][\/vc_column][vc_column width=&#8221;1\/5&#8243;][vc_single_image image=&#8221;2417&#8243; img_size=&#8221;medium&#8221; alignment=&#8221;center&#8221;][\/vc_column][vc_column width=&#8221;1\/5&#8243; offset=&#8221;vc_hidden-md vc_hidden-sm vc_hidden-xs&#8221;][\/vc_column][vc_column width=&#8221;1\/5&#8243; offset=&#8221;vc_hidden-md vc_hidden-sm vc_hidden-xs&#8221;][\/vc_column][vc_column width=&#8221;1\/5&#8243; offset=&#8221;vc_hidden-md vc_hidden-sm vc_hidden-xs&#8221;][\/vc_column][\/vc_row]\n","protected":false},"excerpt":{"rendered":"<p>[vc_row css=&#8221;.vc_custom_1607001317356{padding-bottom: 20px !important;}&#8221;][vc_column css=&#8221;.vc_custom_1604566272423{padding-top: 0px !important;}&#8221;][cms_space space_lg=&#8221;24&#8243; space_md=&#8221;24&#8243; space_sm=&#8221;24&#8243; space_xs=&#8221;0&#8243;][cms_text_block]Tous nos efforts sont ax\u00e9s sur la cr\u00e9ation de bonnes relations durables avec nos clients, ce que nous r\u00e9alisons gr\u00e2ce au travail impeccable effectu\u00e9 par toute l&#8217;\u00e9quipe. Nous cr\u00e9ons des solutions de fabrication pour diff\u00e9rentes industries et march\u00e9s \u00e0 travers l&#8217;Europe. La plupart de nos [&hellip;]<\/p>\n","protected":false},"author":1,"featured_media":0,"parent":0,"menu_order":0,"comment_status":"closed","ping_status":"closed","template":"","meta":[],"yoast_head":"<!-- This site is optimized with the Yoast SEO plugin v16.1.1 - https:\/\/yoast.com\/wordpress\/plugins\/seo\/ -->\n<title>R\u00e9f\u00e9rences - OECO d.o.o.<\/title>\n<meta name=\"robots\" content=\"index, follow, max-snippet:-1, max-image-preview:large, max-video-preview:-1\" \/>\n<link rel=\"canonical\" href=\"https:\/\/oeco.si\/fr\/references\/\" \/>\n<meta property=\"og:locale\" content=\"fr_FR\" \/>\n<meta property=\"og:type\" content=\"article\" \/>\n<meta property=\"og:title\" content=\"R\u00e9f\u00e9rences - OECO d.o.o.\" \/>\n<meta property=\"og:description\" content=\"[vc_row css=&#8221;.vc_custom_1607001317356{padding-bottom: 20px !important;}&#8221;][vc_column css=&#8221;.vc_custom_1604566272423{padding-top: 0px !important;}&#8221;][cms_space space_lg=&#8221;24&#8243; space_md=&#8221;24&#8243; space_sm=&#8221;24&#8243; space_xs=&#8221;0&#8243;][cms_text_block]Tous nos efforts sont ax\u00e9s sur la cr\u00e9ation de bonnes relations durables avec nos clients, ce que nous r\u00e9alisons gr\u00e2ce au travail impeccable effectu\u00e9 par toute l&#8217;\u00e9quipe. Nous cr\u00e9ons des solutions de fabrication pour diff\u00e9rentes industries et march\u00e9s \u00e0 travers l&#8217;Europe. La plupart de nos [&hellip;]\" \/>\n<meta property=\"og:url\" content=\"https:\/\/oeco.si\/fr\/references\/\" \/>\n<meta property=\"og:site_name\" content=\"OECO d.o.o.\" \/>\n<meta property=\"article:modified_time\" content=\"2021-11-29T16:41:26+00:00\" \/>\n<meta name=\"twitter:card\" content=\"summary_large_image\" \/>\n<meta name=\"twitter:label1\" content=\"Dur\u00e9e de lecture est.\">\n\t<meta name=\"twitter:data1\" content=\"1 minute\">\n<script type=\"application\/ld+json\" class=\"yoast-schema-graph\">{\"@context\":\"https:\/\/schema.org\",\"@graph\":[{\"@type\":\"WebSite\",\"@id\":\"https:\/\/oeco.si\/#website\",\"url\":\"https:\/\/oeco.si\/\",\"name\":\"OECO d.o.o.\",\"description\":\"Tooling solutions\",\"potentialAction\":[{\"@type\":\"SearchAction\",\"target\":\"https:\/\/oeco.si\/?s={search_term_string}\",\"query-input\":\"required name=search_term_string\"}],\"inLanguage\":\"fr-FR\"},{\"@type\":\"WebPage\",\"@id\":\"https:\/\/oeco.si\/fr\/references\/#webpage\",\"url\":\"https:\/\/oeco.si\/fr\/references\/\",\"name\":\"R\\u00e9f\\u00e9rences - OECO d.o.o.\",\"isPartOf\":{\"@id\":\"https:\/\/oeco.si\/#website\"},\"datePublished\":\"2020-11-23T13:58:06+00:00\",\"dateModified\":\"2021-11-29T16:41:26+00:00\",\"breadcrumb\":{\"@id\":\"https:\/\/oeco.si\/fr\/references\/#breadcrumb\"},\"inLanguage\":\"fr-FR\",\"potentialAction\":[{\"@type\":\"ReadAction\",\"target\":[\"https:\/\/oeco.si\/fr\/references\/\"]}]},{\"@type\":\"BreadcrumbList\",\"@id\":\"https:\/\/oeco.si\/fr\/references\/#breadcrumb\",\"itemListElement\":[{\"@type\":\"ListItem\",\"position\":1,\"item\":{\"@type\":\"WebPage\",\"@id\":\"https:\/\/oeco.si\/fr\/\",\"url\":\"https:\/\/oeco.si\/fr\/\",\"name\":\"Home\"}},{\"@type\":\"ListItem\",\"position\":2,\"item\":{\"@type\":\"WebPage\",\"@id\":\"https:\/\/oeco.si\/fr\/references\/\",\"url\":\"https:\/\/oeco.si\/fr\/references\/\",\"name\":\"R\\u00e9f\\u00e9rences\"}}]}]}<\/script>\n<!-- \/ Yoast SEO plugin. -->","_links":{"self":[{"href":"https:\/\/oeco.si\/fr\/wp-json\/wp\/v2\/pages\/2136"}],"collection":[{"href":"https:\/\/oeco.si\/fr\/wp-json\/wp\/v2\/pages"}],"about":[{"href":"https:\/\/oeco.si\/fr\/wp-json\/wp\/v2\/types\/page"}],"author":[{"embeddable":true,"href":"https:\/\/oeco.si\/fr\/wp-json\/wp\/v2\/users\/1"}],"replies":[{"embeddable":true,"href":"https:\/\/oeco.si\/fr\/wp-json\/wp\/v2\/comments?post=2136"}],"version-history":[{"count":8,"href":"https:\/\/oeco.si\/fr\/wp-json\/wp\/v2\/pages\/2136\/revisions"}],"predecessor-version":[{"id":2422,"href":"https:\/\/oeco.si\/fr\/wp-json\/wp\/v2\/pages\/2136\/revisions\/2422"}],"wp:attachment":[{"href":"https:\/\/oeco.si\/fr\/wp-json\/wp\/v2\/media?parent=2136"}],"curies":[{"name":"wp","href":"https:\/\/api.w.org\/{rel}","templated":true}]}}