{"id":2120,"date":"2020-12-29T16:27:07","date_gmt":"2020-12-29T15:27:07","guid":{"rendered":"https:\/\/oeco.si\/tool-shop\/"},"modified":"2021-02-04T21:47:17","modified_gmt":"2021-02-04T20:47:17","slug":"atelier","status":"publish","type":"page","link":"https:\/\/oeco.si\/fr\/atelier\/","title":{"rendered":"Atelier"},"content":{"rendered":"[vc_row][vc_column css=&#8221;.vc_custom_1604566272423{padding-top: 0px !important;}&#8221;][vc_custom_heading text=&#8221;Atelier&#8221; font_container=&#8221;tag:h4|text_align:left|color:%230070b9|line_height:30px&#8221; use_theme_fonts=&#8221;yes&#8221; css=&#8221;.vc_custom_1612471482154{margin-bottom: 0px !important;}&#8221;][vc_column_text css=&#8221;.vc_custom_1612471544334{margin-bottom: 0px !important;padding-top: 10px !important;padding-bottom: 25px !important;}&#8221;]Tous les outils en provenance de Chine arrivent dans un premier temps \u00e0 notre atelier, o\u00f9 nous les nettoyons et les inspectons.<br \/>\nApr\u00e8s inspection, nous testons les outils sur nos presses \u00e0 injecter et pouvons fabriquer une petite s\u00e9rie si n\u00e9cessaire.<\/p>\n<p>Tous les SAV sont assur\u00e9s par notre atelier, notamment:<\/p>\n<ul>\n<li><strong>Modifications des outils<\/strong><\/li>\n<li><strong>Optimisation des outils<\/strong><\/li>\n<li><strong>R\u00e9paration des outils<\/strong><\/li>\n<\/ul>\n[\/vc_column_text][vc_custom_heading text=&#8221;La qualit\u00e9 plut\u00f4t que la quantit\u00e9&#8221; font_container=&#8221;tag:h4|text_align:left|color:%230070b9|line_height:30px&#8221; use_theme_fonts=&#8221;yes&#8221; css=&#8221;.vc_custom_1612471550984{margin-bottom: 0px !important;}&#8221;][vc_column_text css=&#8221;.vc_custom_1612471573287{padding-top: 10px !important;}&#8221;]Notre capacit\u00e9 annuelle est de 50 \u00e0 70 outils selon leur taille et leur complexit\u00e9. Cette capacit\u00e9 est \u00e9galement guid\u00e9e par la responsabilit\u00e9 envers nos clients, qui est de garder certaines capacit\u00e9s libres pour des modifications continues, une constante dans le m\u00e9tier de l&#8217;outillage.[\/vc_column_text][vc_gallery type=&#8221;flexslider_slide&#8221; interval=&#8221;5&#8243; images=&#8221;1318,1319,1320&#8243; img_size=&#8221;full&#8221;][\/vc_column][\/vc_row]\n","protected":false},"excerpt":{"rendered":"<p>[vc_row][vc_column css=&#8221;.vc_custom_1604566272423{padding-top: 0px !important;}&#8221;][vc_custom_heading text=&#8221;Atelier&#8221; font_container=&#8221;tag:h4|text_align:left|color:%230070b9|line_height:30px&#8221; use_theme_fonts=&#8221;yes&#8221; css=&#8221;.vc_custom_1612471482154{margin-bottom: 0px !important;}&#8221;][vc_column_text css=&#8221;.vc_custom_1612471544334{margin-bottom: 0px !important;padding-top: 10px !important;padding-bottom: 25px !important;}&#8221;]Tous les outils en provenance de Chine arrivent dans un premier temps \u00e0 notre atelier, o\u00f9 nous les nettoyons et les inspectons. Apr\u00e8s inspection, nous testons les outils sur nos presses \u00e0 injecter et pouvons fabriquer une petite s\u00e9rie [&hellip;]<\/p>\n","protected":false},"author":1,"featured_media":0,"parent":0,"menu_order":0,"comment_status":"closed","ping_status":"closed","template":"","meta":[],"yoast_head":"<!-- This site is optimized with the Yoast SEO plugin v16.1.1 - https:\/\/yoast.com\/wordpress\/plugins\/seo\/ -->\n<title>Atelier - OECO d.o.o.<\/title>\n<meta name=\"robots\" content=\"index, follow, max-snippet:-1, max-image-preview:large, max-video-preview:-1\" \/>\n<link rel=\"canonical\" href=\"https:\/\/oeco.si\/fr\/atelier\/\" \/>\n<meta property=\"og:locale\" content=\"fr_FR\" \/>\n<meta property=\"og:type\" content=\"article\" \/>\n<meta property=\"og:title\" content=\"Atelier - OECO d.o.o.\" \/>\n<meta property=\"og:description\" content=\"[vc_row][vc_column css=&#8221;.vc_custom_1604566272423{padding-top: 0px !important;}&#8221;][vc_custom_heading text=&#8221;Atelier&#8221; font_container=&#8221;tag:h4|text_align:left|color:%230070b9|line_height:30px&#8221; use_theme_fonts=&#8221;yes&#8221; css=&#8221;.vc_custom_1612471482154{margin-bottom: 0px !important;}&#8221;][vc_column_text css=&#8221;.vc_custom_1612471544334{margin-bottom: 0px !important;padding-top: 10px !important;padding-bottom: 25px !important;}&#8221;]Tous les outils en provenance de Chine arrivent dans un premier temps \u00e0 notre atelier, o\u00f9 nous les nettoyons et les inspectons. Apr\u00e8s inspection, nous testons les outils sur nos presses \u00e0 injecter et pouvons fabriquer une petite s\u00e9rie [&hellip;]\" \/>\n<meta property=\"og:url\" content=\"https:\/\/oeco.si\/fr\/atelier\/\" \/>\n<meta property=\"og:site_name\" content=\"OECO d.o.o.\" \/>\n<meta property=\"article:modified_time\" content=\"2021-02-04T20:47:17+00:00\" \/>\n<meta name=\"twitter:card\" content=\"summary_large_image\" \/>\n<meta name=\"twitter:label1\" content=\"Dur\u00e9e de lecture est.\">\n\t<meta name=\"twitter:data1\" content=\"1 minute\">\n<script type=\"application\/ld+json\" class=\"yoast-schema-graph\">{\"@context\":\"https:\/\/schema.org\",\"@graph\":[{\"@type\":\"WebSite\",\"@id\":\"https:\/\/oeco.si\/#website\",\"url\":\"https:\/\/oeco.si\/\",\"name\":\"OECO d.o.o.\",\"description\":\"Tooling solutions\",\"potentialAction\":[{\"@type\":\"SearchAction\",\"target\":\"https:\/\/oeco.si\/?s={search_term_string}\",\"query-input\":\"required name=search_term_string\"}],\"inLanguage\":\"fr-FR\"},{\"@type\":\"WebPage\",\"@id\":\"https:\/\/oeco.si\/fr\/atelier\/#webpage\",\"url\":\"https:\/\/oeco.si\/fr\/atelier\/\",\"name\":\"Atelier - OECO d.o.o.\",\"isPartOf\":{\"@id\":\"https:\/\/oeco.si\/#website\"},\"datePublished\":\"2020-12-29T15:27:07+00:00\",\"dateModified\":\"2021-02-04T20:47:17+00:00\",\"breadcrumb\":{\"@id\":\"https:\/\/oeco.si\/fr\/atelier\/#breadcrumb\"},\"inLanguage\":\"fr-FR\",\"potentialAction\":[{\"@type\":\"ReadAction\",\"target\":[\"https:\/\/oeco.si\/fr\/atelier\/\"]}]},{\"@type\":\"BreadcrumbList\",\"@id\":\"https:\/\/oeco.si\/fr\/atelier\/#breadcrumb\",\"itemListElement\":[{\"@type\":\"ListItem\",\"position\":1,\"item\":{\"@type\":\"WebPage\",\"@id\":\"https:\/\/oeco.si\/fr\/\",\"url\":\"https:\/\/oeco.si\/fr\/\",\"name\":\"Home\"}},{\"@type\":\"ListItem\",\"position\":2,\"item\":{\"@type\":\"WebPage\",\"@id\":\"https:\/\/oeco.si\/fr\/atelier\/\",\"url\":\"https:\/\/oeco.si\/fr\/atelier\/\",\"name\":\"Atelier\"}}]}]}<\/script>\n<!-- \/ Yoast SEO plugin. -->","_links":{"self":[{"href":"https:\/\/oeco.si\/fr\/wp-json\/wp\/v2\/pages\/2120"}],"collection":[{"href":"https:\/\/oeco.si\/fr\/wp-json\/wp\/v2\/pages"}],"about":[{"href":"https:\/\/oeco.si\/fr\/wp-json\/wp\/v2\/types\/page"}],"author":[{"embeddable":true,"href":"https:\/\/oeco.si\/fr\/wp-json\/wp\/v2\/users\/1"}],"replies":[{"embeddable":true,"href":"https:\/\/oeco.si\/fr\/wp-json\/wp\/v2\/comments?post=2120"}],"version-history":[{"count":3,"href":"https:\/\/oeco.si\/fr\/wp-json\/wp\/v2\/pages\/2120\/revisions"}],"predecessor-version":[{"id":2124,"href":"https:\/\/oeco.si\/fr\/wp-json\/wp\/v2\/pages\/2120\/revisions\/2124"}],"wp:attachment":[{"href":"https:\/\/oeco.si\/fr\/wp-json\/wp\/v2\/media?parent=2120"}],"curies":[{"name":"wp","href":"https:\/\/api.w.org\/{rel}","templated":true}]}}