{"id":2109,"date":"2019-07-15T03:26:27","date_gmt":"2019-07-15T01:26:27","guid":{"rendered":"https:\/\/oeco.si\/contact\/"},"modified":"2025-02-24T10:15:56","modified_gmt":"2025-02-24T09:15:56","slug":"contact","status":"publish","type":"page","link":"https:\/\/oeco.si\/fr\/contact\/","title":{"rendered":"Contact"},"content":{"rendered":"[vc_row css=&#8221;.vc_custom_1731058878913{padding-top: 100px !important;padding-bottom: 40px !important;}&#8221;][vc_column width=&#8221;4\/12&#8243;][vc_custom_heading text=&#8221;D\u00e9tails du contact&#8221; font_container=&#8221;tag:h5|text_align:left|color:%230070b9|line_height:27px&#8221; use_theme_fonts=&#8221;yes&#8221; css=&#8221;.vc_custom_1612457570202{margin-bottom: 0px !important;}&#8221;][vc_column_text css=&#8221;.vc_custom_1726822053183{margin-bottom: 25px !important;padding-top: 25px !important;}&#8221;]<strong>OECO d.o.o.<\/strong><br \/>\nQuartier g\u00e9n\u00e9ral: Neverke 71<br \/>\nSI-6256 Ko\u0161ana<br \/>\nE: <a href=\"mailto:info@oeco.si\">info@oeco.si<\/a><br \/>\nW: <a href=\"https:\/\/oeco.si\/fr\/\">www.oeco.si<\/a><\/p>\n<p><strong>Horaires d&#8217;ouvertures<\/strong><br \/>\nDu lundi au vendredi 08:00 \u2013 17:00<br \/>\nFerm\u00e9 le samedi et le dimanche[\/vc_column_text][\/vc_column][vc_column width=&#8221;8\/12&#8243;][vc_custom_heading text=&#8221;Contacts&#8221; font_container=&#8221;tag:h5|text_align:left|color:%230070b9|line_height:27px&#8221; use_theme_fonts=&#8221;yes&#8221; css=&#8221;.vc_custom_1612457637040{margin-bottom: 0px !important;}&#8221;][vc_row_inner][vc_column_inner width=&#8221;1\/3&#8243; css=&#8221;.vc_custom_1606167352885{padding-top: 30px !important;}&#8221;][vc_column_text css=&#8221;.vc_custom_1612457685065{margin-bottom: 0px !important;}&#8221;]<a href=\"https:\/\/www.linkedin.com\/in\/milan-sebalj\/\" target=\"_blank\" rel=\"noopener\">Milan \u0160ebalj<\/a>,<br \/>\nPDG<br \/>\nT: <a href=\"tel:+38670879481\">+386 70 87 94 81<\/a><br \/>\nE: <a href=\"mailto:milan@oeco.si\">milan@oeco.si<\/a>[\/vc_column_text][\/vc_column_inner][vc_column_inner width=&#8221;1\/3&#8243; css=&#8221;.vc_custom_1606167358171{padding-top: 30px !important;}&#8221;][vc_column_text css=&#8221;.vc_custom_1631803821751{margin-bottom: 0px !important;}&#8221;]<a href=\"https:\/\/www.linkedin.com\/in\/ana-lucia-s\u00e1nchez-ben\u00edtez-529690123\" target=\"_blank\" rel=\"noopener\">Ana Lucia Sanchez<\/a>,<br \/>\nResponsable des finances et de l&#8217;administration<br \/>\nT: <a href=\"tel:+38670879482\">+386 70 87 94 82<\/a><br \/>\nE: <a href=\"mailto:ana.lucia@oeco.si\">ana.lucia@oeco.si<\/a>[\/vc_column_text][\/vc_column_inner][vc_column_inner width=&#8221;1\/3&#8243; css=&#8221;.vc_custom_1606167363083{padding-top: 30px !important;}&#8221;][vc_column_text css=&#8221;.vc_custom_1729493885801{margin-bottom: 0px !important;}&#8221;]Sladjana Fina<br \/>\nGestion de projet et logistique<br \/>\nT: <a href=\"tel:+38664223560\">+386 64 22 35 60<\/a><br \/>\nE: <a href=\"mailto:sladjana@oeco.si\">sladjana@oeco.si<\/a>[\/vc_column_text][\/vc_column_inner][\/vc_row_inner][vc_row_inner][vc_column_inner width=&#8221;1\/3&#8243; css=&#8221;.vc_custom_1731058239452{padding-top: 30px !important;}&#8221;][vc_column_text css=&#8221;.vc_custom_1731058899671{margin-bottom: 0px !important;}&#8221;]Drago Klun<br \/>\nDirecteur technique<br \/>\nT: <a href=\"tel:+38664229929\">+386 64 22 99 29<\/a><br \/>\nE: <a href=\"mailto:drago@oeco.si\">drago@oeco.si<\/a>[\/vc_column_text][\/vc_column_inner][vc_column_inner width=&#8221;1\/3&#8243; css=&#8221;.vc_custom_1606167370643{padding-top: 30px !important;}&#8221;][vc_column_text css=&#8221;.vc_custom_1740388555030{margin-bottom: 0px !important;}&#8221;]Janez Sussa<br \/>\nChef de l&#8217;atelier d&#8217;outillage<br \/>\nE: <a href=\"mailto:janez@oeco.si\">janez@oeco.si<\/a>[\/vc_column_text][\/vc_column_inner][\/vc_row_inner][\/vc_column][\/vc_row][vc_row css=&#8221;.vc_custom_1606167011773{padding-bottom: 120px !important;}&#8221;][vc_column][vc_custom_heading text=&#8221;Envoyez une demande&#8221; font_container=&#8221;tag:h5|text_align:left|color:%230070b9|line_height:27px&#8221; use_theme_fonts=&#8221;yes&#8221; css=&#8221;.vc_custom_1612457790731{margin-bottom: 0px !important;}&#8221;][vc_column_text css=&#8221;.vc_custom_1612457804239{margin-bottom: 0px !important;padding-top: 15px !important;}&#8221;]Contactez-nous pour plus d&#8217;informations sur nos outils et d\u00e9couvrez tout ce que notre entreprise peut faire pour la v\u00f4tre![\/vc_column_text][vc_empty_space height=&#8221;30&#8243;][cms_contact_form id=&#8221;5&#8243;][\/vc_column][\/vc_row]\n","protected":false},"excerpt":{"rendered":"<p>[vc_row css=&#8221;.vc_custom_1731058878913{padding-top: 100px !important;padding-bottom: 40px !important;}&#8221;][vc_column width=&#8221;4\/12&#8243;][vc_custom_heading text=&#8221;D\u00e9tails du contact&#8221; font_container=&#8221;tag:h5|text_align:left|color:%230070b9|line_height:27px&#8221; use_theme_fonts=&#8221;yes&#8221; css=&#8221;.vc_custom_1612457570202{margin-bottom: 0px !important;}&#8221;][vc_column_text css=&#8221;.vc_custom_1726822053183{margin-bottom: 25px !important;padding-top: 25px !important;}&#8221;]OECO d.o.o. Quartier g\u00e9n\u00e9ral: Neverke 71 SI-6256 Ko\u0161ana E: info@oeco.si W: www.oeco.si Horaires d&#8217;ouvertures Du lundi au vendredi 08:00 \u2013 17:00 Ferm\u00e9 le samedi et le dimanche[\/vc_column_text][\/vc_column][vc_column width=&#8221;8\/12&#8243;][vc_custom_heading text=&#8221;Contacts&#8221; font_container=&#8221;tag:h5|text_align:left|color:%230070b9|line_height:27px&#8221; use_theme_fonts=&#8221;yes&#8221; css=&#8221;.vc_custom_1612457637040{margin-bottom: 0px !important;}&#8221;][vc_row_inner][vc_column_inner width=&#8221;1\/3&#8243; css=&#8221;.vc_custom_1606167352885{padding-top: [&hellip;]<\/p>\n","protected":false},"author":1,"featured_media":0,"parent":0,"menu_order":0,"comment_status":"closed","ping_status":"closed","template":"","meta":[],"yoast_head":"<!-- This site is optimized with the Yoast SEO plugin v16.1.1 - https:\/\/yoast.com\/wordpress\/plugins\/seo\/ -->\n<title>Contact - OECO d.o.o.<\/title>\n<meta name=\"robots\" content=\"index, follow, max-snippet:-1, max-image-preview:large, max-video-preview:-1\" \/>\n<link rel=\"canonical\" href=\"https:\/\/oeco.si\/fr\/contact\/\" \/>\n<meta property=\"og:locale\" content=\"fr_FR\" \/>\n<meta property=\"og:type\" content=\"article\" \/>\n<meta property=\"og:title\" content=\"Contact - OECO d.o.o.\" \/>\n<meta property=\"og:description\" content=\"[vc_row css=&#8221;.vc_custom_1731058878913{padding-top: 100px !important;padding-bottom: 40px !important;}&#8221;][vc_column width=&#8221;4\/12&#8243;][vc_custom_heading text=&#8221;D\u00e9tails du contact&#8221; font_container=&#8221;tag:h5|text_align:left|color:%230070b9|line_height:27px&#8221; use_theme_fonts=&#8221;yes&#8221; css=&#8221;.vc_custom_1612457570202{margin-bottom: 0px !important;}&#8221;][vc_column_text css=&#8221;.vc_custom_1726822053183{margin-bottom: 25px !important;padding-top: 25px !important;}&#8221;]OECO d.o.o. Quartier g\u00e9n\u00e9ral: Neverke 71 SI-6256 Ko\u0161ana E: info@oeco.si W: www.oeco.si Horaires d&#8217;ouvertures Du lundi au vendredi 08:00 \u2013 17:00 Ferm\u00e9 le samedi et le dimanche[\/vc_column_text][\/vc_column][vc_column width=&#8221;8\/12&#8243;][vc_custom_heading text=&#8221;Contacts&#8221; font_container=&#8221;tag:h5|text_align:left|color:%230070b9|line_height:27px&#8221; use_theme_fonts=&#8221;yes&#8221; css=&#8221;.vc_custom_1612457637040{margin-bottom: 0px !important;}&#8221;][vc_row_inner][vc_column_inner width=&#8221;1\/3&#8243; css=&#8221;.vc_custom_1606167352885{padding-top: [&hellip;]\" \/>\n<meta property=\"og:url\" content=\"https:\/\/oeco.si\/fr\/contact\/\" \/>\n<meta property=\"og:site_name\" content=\"OECO d.o.o.\" \/>\n<meta property=\"article:modified_time\" content=\"2025-02-24T09:15:56+00:00\" \/>\n<meta name=\"twitter:card\" content=\"summary_large_image\" \/>\n<meta name=\"twitter:label1\" content=\"Dur\u00e9e de lecture est.\">\n\t<meta name=\"twitter:data1\" content=\"1 minute\">\n<script type=\"application\/ld+json\" class=\"yoast-schema-graph\">{\"@context\":\"https:\/\/schema.org\",\"@graph\":[{\"@type\":\"WebSite\",\"@id\":\"https:\/\/oeco.si\/#website\",\"url\":\"https:\/\/oeco.si\/\",\"name\":\"OECO d.o.o.\",\"description\":\"Tooling solutions\",\"potentialAction\":[{\"@type\":\"SearchAction\",\"target\":\"https:\/\/oeco.si\/?s={search_term_string}\",\"query-input\":\"required name=search_term_string\"}],\"inLanguage\":\"fr-FR\"},{\"@type\":\"WebPage\",\"@id\":\"https:\/\/oeco.si\/fr\/contact\/#webpage\",\"url\":\"https:\/\/oeco.si\/fr\/contact\/\",\"name\":\"Contact - OECO d.o.o.\",\"isPartOf\":{\"@id\":\"https:\/\/oeco.si\/#website\"},\"datePublished\":\"2019-07-15T01:26:27+00:00\",\"dateModified\":\"2025-02-24T09:15:56+00:00\",\"breadcrumb\":{\"@id\":\"https:\/\/oeco.si\/fr\/contact\/#breadcrumb\"},\"inLanguage\":\"fr-FR\",\"potentialAction\":[{\"@type\":\"ReadAction\",\"target\":[\"https:\/\/oeco.si\/fr\/contact\/\"]}]},{\"@type\":\"BreadcrumbList\",\"@id\":\"https:\/\/oeco.si\/fr\/contact\/#breadcrumb\",\"itemListElement\":[{\"@type\":\"ListItem\",\"position\":1,\"item\":{\"@type\":\"WebPage\",\"@id\":\"https:\/\/oeco.si\/fr\/\",\"url\":\"https:\/\/oeco.si\/fr\/\",\"name\":\"Home\"}},{\"@type\":\"ListItem\",\"position\":2,\"item\":{\"@type\":\"WebPage\",\"@id\":\"https:\/\/oeco.si\/fr\/contact\/\",\"url\":\"https:\/\/oeco.si\/fr\/contact\/\",\"name\":\"Contact\"}}]}]}<\/script>\n<!-- \/ Yoast SEO plugin. -->","_links":{"self":[{"href":"https:\/\/oeco.si\/fr\/wp-json\/wp\/v2\/pages\/2109"}],"collection":[{"href":"https:\/\/oeco.si\/fr\/wp-json\/wp\/v2\/pages"}],"about":[{"href":"https:\/\/oeco.si\/fr\/wp-json\/wp\/v2\/types\/page"}],"author":[{"embeddable":true,"href":"https:\/\/oeco.si\/fr\/wp-json\/wp\/v2\/users\/1"}],"replies":[{"embeddable":true,"href":"https:\/\/oeco.si\/fr\/wp-json\/wp\/v2\/comments?post=2109"}],"version-history":[{"count":17,"href":"https:\/\/oeco.si\/fr\/wp-json\/wp\/v2\/pages\/2109\/revisions"}],"predecessor-version":[{"id":2667,"href":"https:\/\/oeco.si\/fr\/wp-json\/wp\/v2\/pages\/2109\/revisions\/2667"}],"wp:attachment":[{"href":"https:\/\/oeco.si\/fr\/wp-json\/wp\/v2\/media?parent=2109"}],"curies":[{"name":"wp","href":"https:\/\/api.w.org\/{rel}","templated":true}]}}