{"id":2104,"date":"2021-01-26T14:10:02","date_gmt":"2021-01-26T13:10:02","guid":{"rendered":"https:\/\/oeco.si\/quality-policy\/"},"modified":"2025-07-02T00:34:16","modified_gmt":"2025-07-01T22:34:16","slug":"politique-qualite","status":"publish","type":"page","link":"https:\/\/oeco.si\/fr\/politique-qualite\/","title":{"rendered":"Politique qualit\u00e9"},"content":{"rendered":"[vc_row css=&#8221;.vc_custom_1611667121193{padding-top: 80px !important;}&#8221; el_id=&#8221;quality_policy&#8221;][vc_column][vc_custom_heading text=&#8221;Politique qualit\u00e9 d&#8217;OECO d.o.o.&#8221; font_container=&#8221;tag:h2|text_align:left|color:%230070b9&#8243; use_theme_fonts=&#8221;yes&#8221;][vc_column_text css=&#8221;.vc_custom_1612457069881{margin-bottom: 30px !important;padding-top: 10px !important;}&#8221;]La politique qualit\u00e9 d\u2019OECO d.o.o. est bas\u00e9e sur notre vision, notre mission et notre engagement envers les principes cl\u00e9s de notre entreprise, ainsi que sur le respect de toutes les besoins des clients, exigences l\u00e9gales et autres conditions qui sont pertinentes pour le bon fonctionnement de l&#8217;entreprise.<\/p>\n<p>En tant que soci\u00e9t\u00e9 de services \u00e0 croissance rapide, nous sommes conscients de l&#8217;importance du bon fonctionnement d\u2019une entreprise, ce qui nous permet d&#8217;assurer la haute qualit\u00e9 de nos services et l\u2019enti\u00e8re satisfaction de nos clients cl\u00e9s, tout en \u00e9tant un avantage cl\u00e9 dans l&#8217;acquisition de nouveaux clients.[\/vc_column_text][vc_column_text css=&#8221;.vc_custom_1612457127639{margin-bottom: 30px !important;}&#8221;]\n<h5><span style=\"color: #0070b9; margin-bottom: 20px;\">Avec la politique qualit\u00e9, nous nous engageons:<\/span><\/h5>\n<ul>\n<li>\u00e0 proposer des processus commerciaux \u00e9tablis et contr\u00f4l\u00e9s de mani\u00e8re ad\u00e9quate au sein de l&#8217;entreprise;<\/li>\n<li>\u00e0 recruter des employ\u00e9s comp\u00e9tents et qualifi\u00e9s pour effectuer correctement leurs t\u00e2ches dans chaque processus de l&#8217;entreprise;<\/li>\n<li>\u00e0 mettre en \u0153uvre un syst\u00e8me d&#8217;\u00e9valuation des risques \u00e9tabli et des mesures identifi\u00e9es en cons\u00e9quence;<\/li>\n<li>\u00e0 poursuivre un processus confirm\u00e9 d&#8217;am\u00e9liorations continues;<\/li>\n<li>\u00e0 rester une entreprise \u00e9tablie conform\u00e9ment \u00e0 toutes les exigences l\u00e9gales.<\/li>\n<\/ul>\n[\/vc_column_text][vc_column_text]\n<h5><span style=\"color: #0070b9;\">Outre ce qui pr\u00e9c\u00e8de, la direction g\u00e9n\u00e9rale s&#8217;engage \u00e9galement:<\/span><\/h5>\n<ul>\n<li>\u00e0 s&#8217;assurer que le syst\u00e8me de gestion de la qualit\u00e9 <strong>ISO 9001:2015<\/strong> est mis en \u0153uvre, maintenu et continuellement am\u00e9lior\u00e9;<\/li>\n<li>\u00e0 mettre en \u0153uvre la politique qualit\u00e9 au sein de l&#8217;entreprise et la pr\u00e9senter \u00e0 l&#8217;ensemble des collaborateurs en cons\u00e9quence;<\/li>\n<li>\u00e0 accompagner tous les collaborateurs dans le travail qu&#8217;ils effectuent pour OECO d.o.o.;<\/li>\n<li>\u00e0 garantir des partenariats appropri\u00e9s avec les principaux fournisseurs et prestataires de services;<\/li>\n<li>\u00e0 prendre en compte les exigences et les attentes de toutes les parties prenantes et \u00e0 agir en cons\u00e9quence.<\/li>\n<\/ul>\n[\/vc_column_text][\/vc_column][\/vc_row][vc_row css=&#8221;.vc_custom_1645653615539{padding-top: 30px !important;padding-bottom: 70px !important;}&#8221;][vc_column width=&#8221;1\/2&#8243;][vc_column_text el_class=&#8221;oeco__qp_date&#8221; css=&#8221;.vc_custom_1744196232729{margin-bottom: 0px !important;}&#8221;]Le: 01.01.2025[\/vc_column_text][\/vc_column][vc_column width=&#8221;1\/2&#8243;][vc_column_text text_align=&#8221;text-right&#8221; el_class=&#8221;oeco__qp_ceo&#8221; css=&#8221;.vc_custom_1612457479562{margin-bottom: 0px !important;}&#8221;]PDG Milan \u0160ebalj[\/vc_column_text][\/vc_column][\/vc_row]\n","protected":false},"excerpt":{"rendered":"<p>[vc_row css=&#8221;.vc_custom_1611667121193{padding-top: 80px !important;}&#8221; el_id=&#8221;quality_policy&#8221;][vc_column][vc_custom_heading text=&#8221;Politique qualit\u00e9 d&#8217;OECO d.o.o.&#8221; font_container=&#8221;tag:h2|text_align:left|color:%230070b9&#8243; use_theme_fonts=&#8221;yes&#8221;][vc_column_text css=&#8221;.vc_custom_1612457069881{margin-bottom: 30px !important;padding-top: 10px !important;}&#8221;]La politique qualit\u00e9 d\u2019OECO d.o.o. est bas\u00e9e sur notre vision, notre mission et notre engagement envers les principes cl\u00e9s de notre entreprise, ainsi que sur le respect de toutes les besoins des clients, exigences l\u00e9gales et autres conditions qui sont [&hellip;]<\/p>\n","protected":false},"author":1,"featured_media":0,"parent":0,"menu_order":0,"comment_status":"closed","ping_status":"closed","template":"","meta":[],"yoast_head":"<!-- This site is optimized with the Yoast SEO plugin v16.1.1 - https:\/\/yoast.com\/wordpress\/plugins\/seo\/ -->\n<title>Politique qualit\u00e9 - OECO d.o.o.<\/title>\n<meta name=\"robots\" content=\"index, follow, max-snippet:-1, max-image-preview:large, max-video-preview:-1\" \/>\n<link rel=\"canonical\" href=\"https:\/\/oeco.si\/fr\/politique-qualite\/\" \/>\n<meta property=\"og:locale\" content=\"fr_FR\" \/>\n<meta property=\"og:type\" content=\"article\" \/>\n<meta property=\"og:title\" content=\"Politique qualit\u00e9 - OECO d.o.o.\" \/>\n<meta property=\"og:description\" content=\"[vc_row css=&#8221;.vc_custom_1611667121193{padding-top: 80px !important;}&#8221; el_id=&#8221;quality_policy&#8221;][vc_column][vc_custom_heading text=&#8221;Politique qualit\u00e9 d&#8217;OECO d.o.o.&#8221; font_container=&#8221;tag:h2|text_align:left|color:%230070b9&#8243; use_theme_fonts=&#8221;yes&#8221;][vc_column_text css=&#8221;.vc_custom_1612457069881{margin-bottom: 30px !important;padding-top: 10px !important;}&#8221;]La politique qualit\u00e9 d\u2019OECO d.o.o. est bas\u00e9e sur notre vision, notre mission et notre engagement envers les principes cl\u00e9s de notre entreprise, ainsi que sur le respect de toutes les besoins des clients, exigences l\u00e9gales et autres conditions qui sont [&hellip;]\" \/>\n<meta property=\"og:url\" content=\"https:\/\/oeco.si\/fr\/politique-qualite\/\" \/>\n<meta property=\"og:site_name\" content=\"OECO d.o.o.\" \/>\n<meta property=\"article:modified_time\" content=\"2025-07-01T22:34:16+00:00\" \/>\n<meta name=\"twitter:card\" content=\"summary_large_image\" \/>\n<meta name=\"twitter:label1\" content=\"Dur\u00e9e de lecture est.\">\n\t<meta name=\"twitter:data1\" content=\"2 minutes\">\n<script type=\"application\/ld+json\" class=\"yoast-schema-graph\">{\"@context\":\"https:\/\/schema.org\",\"@graph\":[{\"@type\":\"WebSite\",\"@id\":\"https:\/\/oeco.si\/#website\",\"url\":\"https:\/\/oeco.si\/\",\"name\":\"OECO d.o.o.\",\"description\":\"Tooling solutions\",\"potentialAction\":[{\"@type\":\"SearchAction\",\"target\":\"https:\/\/oeco.si\/?s={search_term_string}\",\"query-input\":\"required name=search_term_string\"}],\"inLanguage\":\"fr-FR\"},{\"@type\":\"WebPage\",\"@id\":\"https:\/\/oeco.si\/fr\/politique-qualite\/#webpage\",\"url\":\"https:\/\/oeco.si\/fr\/politique-qualite\/\",\"name\":\"Politique qualit\\u00e9 - OECO d.o.o.\",\"isPartOf\":{\"@id\":\"https:\/\/oeco.si\/#website\"},\"datePublished\":\"2021-01-26T13:10:02+00:00\",\"dateModified\":\"2025-07-01T22:34:16+00:00\",\"breadcrumb\":{\"@id\":\"https:\/\/oeco.si\/fr\/politique-qualite\/#breadcrumb\"},\"inLanguage\":\"fr-FR\",\"potentialAction\":[{\"@type\":\"ReadAction\",\"target\":[\"https:\/\/oeco.si\/fr\/politique-qualite\/\"]}]},{\"@type\":\"BreadcrumbList\",\"@id\":\"https:\/\/oeco.si\/fr\/politique-qualite\/#breadcrumb\",\"itemListElement\":[{\"@type\":\"ListItem\",\"position\":1,\"item\":{\"@type\":\"WebPage\",\"@id\":\"https:\/\/oeco.si\/fr\/\",\"url\":\"https:\/\/oeco.si\/fr\/\",\"name\":\"Home\"}},{\"@type\":\"ListItem\",\"position\":2,\"item\":{\"@type\":\"WebPage\",\"@id\":\"https:\/\/oeco.si\/fr\/politique-qualite\/\",\"url\":\"https:\/\/oeco.si\/fr\/politique-qualite\/\",\"name\":\"Politique qualit\\u00e9\"}}]}]}<\/script>\n<!-- \/ Yoast SEO plugin. -->","_links":{"self":[{"href":"https:\/\/oeco.si\/fr\/wp-json\/wp\/v2\/pages\/2104"}],"collection":[{"href":"https:\/\/oeco.si\/fr\/wp-json\/wp\/v2\/pages"}],"about":[{"href":"https:\/\/oeco.si\/fr\/wp-json\/wp\/v2\/types\/page"}],"author":[{"embeddable":true,"href":"https:\/\/oeco.si\/fr\/wp-json\/wp\/v2\/users\/1"}],"replies":[{"embeddable":true,"href":"https:\/\/oeco.si\/fr\/wp-json\/wp\/v2\/comments?post=2104"}],"version-history":[{"count":14,"href":"https:\/\/oeco.si\/fr\/wp-json\/wp\/v2\/pages\/2104\/revisions"}],"predecessor-version":[{"id":2675,"href":"https:\/\/oeco.si\/fr\/wp-json\/wp\/v2\/pages\/2104\/revisions\/2675"}],"wp:attachment":[{"href":"https:\/\/oeco.si\/fr\/wp-json\/wp\/v2\/media?parent=2104"}],"curies":[{"name":"wp","href":"https:\/\/api.w.org\/{rel}","templated":true}]}}