{"id":1941,"date":"2019-08-16T06:45:53","date_gmt":"2019-08-16T04:45:53","guid":{"rendered":"https:\/\/oeco.si\/services\/"},"modified":"2021-02-04T22:56:57","modified_gmt":"2021-02-04T21:56:57","slug":"dienstleistungen","status":"publish","type":"page","link":"https:\/\/oeco.si\/de\/dienstleistungen\/","title":{"rendered":"Dienstleistungen"},"content":{"rendered":"[vc_row][vc_column css=&#8221;.vc_custom_1565942381776{padding-top: 114px !important;padding-bottom: 105px !important;}&#8221;][vc_row_inner][vc_column_inner width=&#8221;1\/6&#8243; css=&#8221;.vc_custom_1565942360093{padding-top: 0px !important;}&#8221;][\/vc_column_inner][vc_column_inner width=&#8221;2\/3&#8243; css=&#8221;.vc_custom_1607002834746{padding-top: 0px !important;}&#8221;][cms_heading text=&#8221;Aus Ideen werden exzellente Werkzeuge mit kosteng\u00fcnstigen L\u00f6sungen!&#8221; sub_title=&#8221;Hohe Qualit\u00e4tsstandards, die alle Anforderungen des europ\u00e4ischen Marktes erf\u00fcllen.&#8221; margin_bottom=&#8221;31&#8243;][\/vc_column_inner][vc_column_inner width=&#8221;1\/6&#8243; css=&#8221;.vc_custom_1565942369048{padding-top: 0px !important;}&#8221;][\/vc_column_inner][\/vc_row_inner][cms_service_grid custom_source=&#8221;true&#8221; order=&#8221;ASC&#8221; col_xs=&#8221;1&#8243; col_sm=&#8221;2&#8243; col_md=&#8221;2&#8243; col_lg=&#8221;3&#8243; col_xl=&#8221;3&#8243; layout=&#8221;masonry&#8221; post_ids=&#8221;1913, 1927, 1935, 1901, 1905, 1884&#8243;][\/vc_column][\/vc_row]\n","protected":false},"excerpt":{"rendered":"<p>[vc_row][vc_column css=&#8221;.vc_custom_1565942381776{padding-top: 114px !important;padding-bottom: 105px !important;}&#8221;][vc_row_inner][vc_column_inner width=&#8221;1\/6&#8243; css=&#8221;.vc_custom_1565942360093{padding-top: 0px !important;}&#8221;][\/vc_column_inner][vc_column_inner width=&#8221;2\/3&#8243; css=&#8221;.vc_custom_1607002834746{padding-top: 0px !important;}&#8221;][cms_heading text=&#8221;Aus Ideen werden exzellente Werkzeuge mit kosteng\u00fcnstigen L\u00f6sungen!&#8221; sub_title=&#8221;Hohe Qualit\u00e4tsstandards, die alle Anforderungen des europ\u00e4ischen Marktes erf\u00fcllen.&#8221; margin_bottom=&#8221;31&#8243;][\/vc_column_inner][vc_column_inner width=&#8221;1\/6&#8243; css=&#8221;.vc_custom_1565942369048{padding-top: 0px !important;}&#8221;][\/vc_column_inner][\/vc_row_inner][cms_service_grid custom_source=&#8221;true&#8221; order=&#8221;ASC&#8221; col_xs=&#8221;1&#8243; col_sm=&#8221;2&#8243; col_md=&#8221;2&#8243; col_lg=&#8221;3&#8243; col_xl=&#8221;3&#8243; layout=&#8221;masonry&#8221; post_ids=&#8221;1913, 1927, 1935, 1901, 1905, 1884&#8243;][\/vc_column][\/vc_row]<\/p>\n","protected":false},"author":1,"featured_media":0,"parent":0,"menu_order":0,"comment_status":"closed","ping_status":"closed","template":"","meta":[],"yoast_head":"<!-- This site is optimized with the Yoast SEO plugin v16.1.1 - https:\/\/yoast.com\/wordpress\/plugins\/seo\/ -->\n<title>Dienstleistungen - OECO d.o.o.<\/title>\n<meta name=\"robots\" content=\"index, follow, max-snippet:-1, max-image-preview:large, max-video-preview:-1\" \/>\n<link rel=\"canonical\" href=\"https:\/\/oeco.si\/de\/dienstleistungen\/\" \/>\n<meta property=\"og:locale\" content=\"de_DE\" \/>\n<meta property=\"og:type\" content=\"article\" \/>\n<meta property=\"og:title\" content=\"Dienstleistungen - OECO d.o.o.\" \/>\n<meta property=\"og:description\" content=\"[vc_row][vc_column css=&#8221;.vc_custom_1565942381776{padding-top: 114px !important;padding-bottom: 105px !important;}&#8221;][vc_row_inner][vc_column_inner width=&#8221;1\/6&#8243; css=&#8221;.vc_custom_1565942360093{padding-top: 0px !important;}&#8221;][\/vc_column_inner][vc_column_inner width=&#8221;2\/3&#8243; css=&#8221;.vc_custom_1607002834746{padding-top: 0px !important;}&#8221;][cms_heading text=&#8221;Aus Ideen werden exzellente Werkzeuge mit kosteng\u00fcnstigen L\u00f6sungen!&#8221; sub_title=&#8221;Hohe Qualit\u00e4tsstandards, die alle Anforderungen des europ\u00e4ischen Marktes erf\u00fcllen.&#8221; margin_bottom=&#8221;31&#8243;][\/vc_column_inner][vc_column_inner width=&#8221;1\/6&#8243; css=&#8221;.vc_custom_1565942369048{padding-top: 0px !important;}&#8221;][\/vc_column_inner][\/vc_row_inner][cms_service_grid custom_source=&#8221;true&#8221; order=&#8221;ASC&#8221; col_xs=&#8221;1&#8243; col_sm=&#8221;2&#8243; col_md=&#8221;2&#8243; col_lg=&#8221;3&#8243; col_xl=&#8221;3&#8243; layout=&#8221;masonry&#8221; post_ids=&#8221;1913, 1927, 1935, 1901, 1905, 1884&#8243;][\/vc_column][\/vc_row]\" \/>\n<meta property=\"og:url\" content=\"https:\/\/oeco.si\/de\/dienstleistungen\/\" \/>\n<meta property=\"og:site_name\" content=\"OECO d.o.o.\" \/>\n<meta property=\"article:modified_time\" content=\"2021-02-04T21:56:57+00:00\" \/>\n<meta name=\"twitter:card\" content=\"summary_large_image\" \/>\n<meta name=\"twitter:label1\" content=\"Gesch\u00e4tzte Lesezeit\">\n\t<meta name=\"twitter:data1\" content=\"1\u00a0Minute\">\n<script type=\"application\/ld+json\" class=\"yoast-schema-graph\">{\"@context\":\"https:\/\/schema.org\",\"@graph\":[{\"@type\":\"WebSite\",\"@id\":\"https:\/\/oeco.si\/#website\",\"url\":\"https:\/\/oeco.si\/\",\"name\":\"OECO d.o.o.\",\"description\":\"Tooling solutions\",\"potentialAction\":[{\"@type\":\"SearchAction\",\"target\":\"https:\/\/oeco.si\/?s={search_term_string}\",\"query-input\":\"required name=search_term_string\"}],\"inLanguage\":\"de\"},{\"@type\":\"WebPage\",\"@id\":\"https:\/\/oeco.si\/de\/dienstleistungen\/#webpage\",\"url\":\"https:\/\/oeco.si\/de\/dienstleistungen\/\",\"name\":\"Dienstleistungen - OECO d.o.o.\",\"isPartOf\":{\"@id\":\"https:\/\/oeco.si\/#website\"},\"datePublished\":\"2019-08-16T04:45:53+00:00\",\"dateModified\":\"2021-02-04T21:56:57+00:00\",\"breadcrumb\":{\"@id\":\"https:\/\/oeco.si\/de\/dienstleistungen\/#breadcrumb\"},\"inLanguage\":\"de\",\"potentialAction\":[{\"@type\":\"ReadAction\",\"target\":[\"https:\/\/oeco.si\/de\/dienstleistungen\/\"]}]},{\"@type\":\"BreadcrumbList\",\"@id\":\"https:\/\/oeco.si\/de\/dienstleistungen\/#breadcrumb\",\"itemListElement\":[{\"@type\":\"ListItem\",\"position\":1,\"item\":{\"@type\":\"WebPage\",\"@id\":\"https:\/\/oeco.si\/de\/\",\"url\":\"https:\/\/oeco.si\/de\/\",\"name\":\"Home\"}},{\"@type\":\"ListItem\",\"position\":2,\"item\":{\"@type\":\"WebPage\",\"@id\":\"https:\/\/oeco.si\/de\/dienstleistungen\/\",\"url\":\"https:\/\/oeco.si\/de\/dienstleistungen\/\",\"name\":\"Dienstleistungen\"}}]}]}<\/script>\n<!-- \/ Yoast SEO plugin. -->","_links":{"self":[{"href":"https:\/\/oeco.si\/de\/wp-json\/wp\/v2\/pages\/1941"}],"collection":[{"href":"https:\/\/oeco.si\/de\/wp-json\/wp\/v2\/pages"}],"about":[{"href":"https:\/\/oeco.si\/de\/wp-json\/wp\/v2\/types\/page"}],"author":[{"embeddable":true,"href":"https:\/\/oeco.si\/de\/wp-json\/wp\/v2\/users\/1"}],"replies":[{"embeddable":true,"href":"https:\/\/oeco.si\/de\/wp-json\/wp\/v2\/comments?post=1941"}],"version-history":[{"count":3,"href":"https:\/\/oeco.si\/de\/wp-json\/wp\/v2\/pages\/1941\/revisions"}],"predecessor-version":[{"id":1944,"href":"https:\/\/oeco.si\/de\/wp-json\/wp\/v2\/pages\/1941\/revisions\/1944"}],"wp:attachment":[{"href":"https:\/\/oeco.si\/de\/wp-json\/wp\/v2\/media?parent=1941"}],"curies":[{"name":"wp","href":"https:\/\/api.w.org\/{rel}","templated":true}]}}