{"id":1873,"date":"2020-12-29T16:27:07","date_gmt":"2020-12-29T15:27:07","guid":{"rendered":"https:\/\/oeco.si\/tool-shop\/"},"modified":"2021-02-04T11:19:35","modified_gmt":"2021-02-04T10:19:35","slug":"werkstatt","status":"publish","type":"page","link":"https:\/\/oeco.si\/de\/werkstatt\/","title":{"rendered":"Werkstatt"},"content":{"rendered":"[vc_row][vc_column css=&#8221;.vc_custom_1604566272423{padding-top: 0px !important;}&#8221;][vc_custom_heading text=&#8221;Werkstatt&#8221; font_container=&#8221;tag:h4|text_align:left|color:%230070b9|line_height:30px&#8221; use_theme_fonts=&#8221;yes&#8221; css=&#8221;.vc_custom_1612433761603{margin-bottom: 0px !important;}&#8221;][vc_column_text css=&#8221;.vc_custom_1612433873737{margin-bottom: 0px !important;padding-top: 10px !important;padding-bottom: 25px !important;}&#8221;]Alle Werkzeuge, die aus China kommen, kommen zun\u00e4chst in unsere Werkstatt, wo wir sie reinigen und pr\u00fcfen.<br \/>\nNach der Pr\u00fcfung testen wir die Werkzeuge auf den Spritzgie\u00dfmaschinen. Bei Bedarf k\u00f6nnen wir f\u00fcr Sie eine Kleinserie fertigen.<\/p>\n<p>Alle Kundendienstleistungen werden von unserer Werkstatt erbracht, einschlie\u00dflich:<\/p>\n<ul>\n<li><strong>Werkzeugmodifikationen<\/strong><\/li>\n<li><strong>Werkzeugoptimierung<\/strong><\/li>\n<li><strong>Werkzeugreparaturen<\/strong><\/li>\n<\/ul>\n[\/vc_column_text][vc_custom_heading text=&#8221;Qualit\u00e4t vor Quantit\u00e4t&#8221; font_container=&#8221;tag:h4|text_align:left|color:%230070b9|line_height:30px&#8221; use_theme_fonts=&#8221;yes&#8221; css=&#8221;.vc_custom_1612433882601{margin-bottom: 0px !important;}&#8221;][vc_column_text css=&#8221;.vc_custom_1612433897878{padding-top: 10px !important;}&#8221;]Unsere Jahreskapazit\u00e4t betr\u00e4gt je nach Gr\u00f6\u00dfe und Komplexit\u00e4t zwischen 50 und 70 Werkzeuge. Diese Kapazit\u00e4t wird auch von der Verantwortung gegen\u00fcber unseren Kunden bestimmt, die darin besteht, gewisse Kapazit\u00e4ten f\u00fcr kontinuierliche \u00c4nderungen, die im Werkzeuggesch\u00e4ft eine Konstante sind, freizuhalten.[\/vc_column_text][vc_gallery type=&#8221;flexslider_slide&#8221; interval=&#8221;5&#8243; images=&#8221;1318,1319,1320&#8243; img_size=&#8221;full&#8221;][\/vc_column][\/vc_row]\n","protected":false},"excerpt":{"rendered":"<p>[vc_row][vc_column css=&#8221;.vc_custom_1604566272423{padding-top: 0px !important;}&#8221;][vc_custom_heading text=&#8221;Werkstatt&#8221; font_container=&#8221;tag:h4|text_align:left|color:%230070b9|line_height:30px&#8221; use_theme_fonts=&#8221;yes&#8221; css=&#8221;.vc_custom_1612433761603{margin-bottom: 0px !important;}&#8221;][vc_column_text css=&#8221;.vc_custom_1612433873737{margin-bottom: 0px !important;padding-top: 10px !important;padding-bottom: 25px !important;}&#8221;]Alle Werkzeuge, die aus China kommen, kommen zun\u00e4chst in unsere Werkstatt, wo wir sie reinigen und pr\u00fcfen. Nach der Pr\u00fcfung testen wir die Werkzeuge auf den Spritzgie\u00dfmaschinen. Bei Bedarf k\u00f6nnen wir f\u00fcr Sie eine Kleinserie fertigen. Alle Kundendienstleistungen werden [&hellip;]<\/p>\n","protected":false},"author":1,"featured_media":0,"parent":0,"menu_order":0,"comment_status":"closed","ping_status":"closed","template":"","meta":[],"yoast_head":"<!-- This site is optimized with the Yoast SEO plugin v16.1.1 - https:\/\/yoast.com\/wordpress\/plugins\/seo\/ -->\n<title>Werkstatt - OECO d.o.o.<\/title>\n<meta name=\"robots\" content=\"index, follow, max-snippet:-1, max-image-preview:large, max-video-preview:-1\" \/>\n<link rel=\"canonical\" href=\"https:\/\/oeco.si\/de\/werkstatt\/\" \/>\n<meta property=\"og:locale\" content=\"de_DE\" \/>\n<meta property=\"og:type\" content=\"article\" \/>\n<meta property=\"og:title\" content=\"Werkstatt - OECO d.o.o.\" \/>\n<meta property=\"og:description\" content=\"[vc_row][vc_column css=&#8221;.vc_custom_1604566272423{padding-top: 0px !important;}&#8221;][vc_custom_heading text=&#8221;Werkstatt&#8221; font_container=&#8221;tag:h4|text_align:left|color:%230070b9|line_height:30px&#8221; use_theme_fonts=&#8221;yes&#8221; css=&#8221;.vc_custom_1612433761603{margin-bottom: 0px !important;}&#8221;][vc_column_text css=&#8221;.vc_custom_1612433873737{margin-bottom: 0px !important;padding-top: 10px !important;padding-bottom: 25px !important;}&#8221;]Alle Werkzeuge, die aus China kommen, kommen zun\u00e4chst in unsere Werkstatt, wo wir sie reinigen und pr\u00fcfen. Nach der Pr\u00fcfung testen wir die Werkzeuge auf den Spritzgie\u00dfmaschinen. Bei Bedarf k\u00f6nnen wir f\u00fcr Sie eine Kleinserie fertigen. Alle Kundendienstleistungen werden [&hellip;]\" \/>\n<meta property=\"og:url\" content=\"https:\/\/oeco.si\/de\/werkstatt\/\" \/>\n<meta property=\"og:site_name\" content=\"OECO d.o.o.\" \/>\n<meta property=\"article:modified_time\" content=\"2021-02-04T10:19:35+00:00\" \/>\n<meta name=\"twitter:card\" content=\"summary_large_image\" \/>\n<meta name=\"twitter:label1\" content=\"Gesch\u00e4tzte Lesezeit\">\n\t<meta name=\"twitter:data1\" content=\"1\u00a0Minute\">\n<script type=\"application\/ld+json\" class=\"yoast-schema-graph\">{\"@context\":\"https:\/\/schema.org\",\"@graph\":[{\"@type\":\"WebSite\",\"@id\":\"https:\/\/oeco.si\/#website\",\"url\":\"https:\/\/oeco.si\/\",\"name\":\"OECO d.o.o.\",\"description\":\"Tooling solutions\",\"potentialAction\":[{\"@type\":\"SearchAction\",\"target\":\"https:\/\/oeco.si\/?s={search_term_string}\",\"query-input\":\"required name=search_term_string\"}],\"inLanguage\":\"de\"},{\"@type\":\"WebPage\",\"@id\":\"https:\/\/oeco.si\/de\/werkstatt\/#webpage\",\"url\":\"https:\/\/oeco.si\/de\/werkstatt\/\",\"name\":\"Werkstatt - OECO d.o.o.\",\"isPartOf\":{\"@id\":\"https:\/\/oeco.si\/#website\"},\"datePublished\":\"2020-12-29T15:27:07+00:00\",\"dateModified\":\"2021-02-04T10:19:35+00:00\",\"breadcrumb\":{\"@id\":\"https:\/\/oeco.si\/de\/werkstatt\/#breadcrumb\"},\"inLanguage\":\"de\",\"potentialAction\":[{\"@type\":\"ReadAction\",\"target\":[\"https:\/\/oeco.si\/de\/werkstatt\/\"]}]},{\"@type\":\"BreadcrumbList\",\"@id\":\"https:\/\/oeco.si\/de\/werkstatt\/#breadcrumb\",\"itemListElement\":[{\"@type\":\"ListItem\",\"position\":1,\"item\":{\"@type\":\"WebPage\",\"@id\":\"https:\/\/oeco.si\/de\/\",\"url\":\"https:\/\/oeco.si\/de\/\",\"name\":\"Home\"}},{\"@type\":\"ListItem\",\"position\":2,\"item\":{\"@type\":\"WebPage\",\"@id\":\"https:\/\/oeco.si\/de\/werkstatt\/\",\"url\":\"https:\/\/oeco.si\/de\/werkstatt\/\",\"name\":\"Werkstatt\"}}]}]}<\/script>\n<!-- \/ Yoast SEO plugin. -->","_links":{"self":[{"href":"https:\/\/oeco.si\/de\/wp-json\/wp\/v2\/pages\/1873"}],"collection":[{"href":"https:\/\/oeco.si\/de\/wp-json\/wp\/v2\/pages"}],"about":[{"href":"https:\/\/oeco.si\/de\/wp-json\/wp\/v2\/types\/page"}],"author":[{"embeddable":true,"href":"https:\/\/oeco.si\/de\/wp-json\/wp\/v2\/users\/1"}],"replies":[{"embeddable":true,"href":"https:\/\/oeco.si\/de\/wp-json\/wp\/v2\/comments?post=1873"}],"version-history":[{"count":3,"href":"https:\/\/oeco.si\/de\/wp-json\/wp\/v2\/pages\/1873\/revisions"}],"predecessor-version":[{"id":1877,"href":"https:\/\/oeco.si\/de\/wp-json\/wp\/v2\/pages\/1873\/revisions\/1877"}],"wp:attachment":[{"href":"https:\/\/oeco.si\/de\/wp-json\/wp\/v2\/media?parent=1873"}],"curies":[{"name":"wp","href":"https:\/\/api.w.org\/{rel}","templated":true}]}}