{"id":1869,"date":"2020-11-23T14:58:06","date_gmt":"2020-11-23T13:58:06","guid":{"rendered":"https:\/\/oeco.si\/references\/"},"modified":"2021-11-29T17:42:15","modified_gmt":"2021-11-29T16:42:15","slug":"referenzen","status":"publish","type":"page","link":"https:\/\/oeco.si\/de\/referenzen\/","title":{"rendered":"Referenzen"},"content":{"rendered":"[vc_row css=&#8221;.vc_custom_1607001317356{padding-bottom: 20px !important;}&#8221;][vc_column css=&#8221;.vc_custom_1604566272423{padding-top: 0px !important;}&#8221;][cms_space space_lg=&#8221;24&#8243; space_md=&#8221;24&#8243; space_sm=&#8221;24&#8243; space_xs=&#8221;0&#8243;][cms_text_block]All unsere Bem\u00fchungen sind darauf ausgerichtet, gute und langlebige Beziehungen zu unseren Kunden aufzubauen, was wir durch die ausgezeichnete Arbeit des gesamten Teams erreichen.<\/p>\n<p>Wir entwickeln Fertigungsl\u00f6sungen f\u00fcr verschiedene Branchen und M\u00e4rkte in ganz Europa. Ein Gro\u00dfteil unserer Kunden kommt aus der Automobilindustrie, so dass wir uns auf diese Branche spezialisiert haben.[\/cms_text_block][\/vc_column][\/vc_row][vc_row full_width=&#8221;stretch_row&#8221; disable_element=&#8221;yes&#8221;][vc_column css=&#8221;.vc_custom_1605562748863{padding-top: 60px !important;padding-bottom: 60px !important;}&#8221;][cms_client_carousel client_items=&#8221;%5B%7B%22client_title%22%3A%22DEWESoft%22%2C%22client_image%22%3A%22835%22%7D%2C%7B%22client_title%22%3A%22Elvez%22%2C%22client_image%22%3A%22836%22%7D%2C%7B%22client_title%22%3A%22Semet%20Global%22%2C%22client_image%22%3A%22838%22%2C%22client_link%22%3A%22url%3Ahttps%253A%252F%252Fsemet-global.com%252F%22%7D%2C%7B%22client_title%22%3A%22FWB%20Kunststofftechnik%20GmbH%22%2C%22client_image%22%3A%22837%22%7D%2C%7B%22client_title%22%3A%22ORO%20plastika%22%2C%22client_image%22%3A%22890%22%7D%2C%7B%22client_title%22%3A%22Tristone%22%2C%22client_image%22%3A%22839%22%7D%2C%7B%22client_title%22%3A%22MARSI%20group%22%2C%22client_image%22%3A%221019%22%7D%5D&#8221; col_xs=&#8221;1&#8243; col_sm=&#8221;2&#8243; col_md=&#8221;4&#8243; col_lg=&#8221;4&#8243; col_xl=&#8221;5&#8243; col_xxl=&#8221;5&#8243; loop=&#8221;true&#8221; autoplay=&#8221;true&#8221; autoplay_timeout=&#8221;4000&#8243; smart_speed=&#8221;800&#8243; cms_template=&#8221;cms_client_carousel.php&#8221; el_class=&#8221;oeco__link_disabled&#8221;][\/vc_column][\/vc_row][vc_row full_width=&#8221;stretch_row&#8221; css=&#8221;.vc_custom_1618578948915{padding-top: 40px !important;}&#8221;][vc_column width=&#8221;1\/5&#8243;][vc_single_image image=&#8221;2060&#8243; img_size=&#8221;medium&#8221; alignment=&#8221;center&#8221;][\/vc_column][vc_column width=&#8221;1\/5&#8243;][vc_single_image image=&#8221;2059&#8243; img_size=&#8221;medium&#8221; alignment=&#8221;center&#8221;][\/vc_column][vc_column width=&#8221;1\/5&#8243;][vc_single_image image=&#8221;2057&#8243; img_size=&#8221;medium&#8221; alignment=&#8221;center&#8221;][\/vc_column][vc_column width=&#8221;1\/5&#8243;][vc_single_image image=&#8221;2058&#8243; img_size=&#8221;medium&#8221; alignment=&#8221;center&#8221;][\/vc_column][vc_column width=&#8221;1\/5&#8243;][vc_single_image image=&#8221;2055&#8243; img_size=&#8221;medium&#8221; alignment=&#8221;center&#8221;][\/vc_column][\/vc_row][vc_row full_width=&#8221;stretch_row&#8221;][vc_column width=&#8221;1\/5&#8243;][vc_single_image image=&#8221;2056&#8243; img_size=&#8221;medium&#8221; alignment=&#8221;center&#8221;][\/vc_column][vc_column width=&#8221;1\/5&#8243;][vc_single_image image=&#8221;1946&#8243; img_size=&#8221;medium&#8221; alignment=&#8221;center&#8221;][\/vc_column][vc_column width=&#8221;1\/5&#8243;][vc_single_image image=&#8221;2332&#8243; img_size=&#8221;medium&#8221; alignment=&#8221;center&#8221;][\/vc_column][vc_column width=&#8221;1\/5&#8243;][vc_single_image image=&#8221;2352&#8243; img_size=&#8221;medium&#8221; alignment=&#8221;center&#8221;][\/vc_column][vc_column width=&#8221;1\/5&#8243;][vc_single_image image=&#8221;2394&#8243; img_size=&#8221;medium&#8221; alignment=&#8221;center&#8221;][\/vc_column][\/vc_row][vc_row full_width=&#8221;stretch_row&#8221;][vc_column width=&#8221;1\/5&#8243;][vc_single_image image=&#8221;2390&#8243; img_size=&#8221;medium&#8221; alignment=&#8221;center&#8221;][\/vc_column][vc_column width=&#8221;1\/5&#8243;][vc_single_image image=&#8221;2418&#8243; img_size=&#8221;medium&#8221; alignment=&#8221;center&#8221;][\/vc_column][vc_column width=&#8221;1\/5&#8243; offset=&#8221;vc_hidden-md vc_hidden-sm vc_hidden-xs&#8221;][\/vc_column][vc_column width=&#8221;1\/5&#8243; offset=&#8221;vc_hidden-md vc_hidden-sm vc_hidden-xs&#8221;][\/vc_column][vc_column width=&#8221;1\/5&#8243; offset=&#8221;vc_hidden-md vc_hidden-sm vc_hidden-xs&#8221;][\/vc_column][\/vc_row]\n","protected":false},"excerpt":{"rendered":"<p>[vc_row css=&#8221;.vc_custom_1607001317356{padding-bottom: 20px !important;}&#8221;][vc_column css=&#8221;.vc_custom_1604566272423{padding-top: 0px !important;}&#8221;][cms_space space_lg=&#8221;24&#8243; space_md=&#8221;24&#8243; space_sm=&#8221;24&#8243; space_xs=&#8221;0&#8243;][cms_text_block]All unsere Bem\u00fchungen sind darauf ausgerichtet, gute und langlebige Beziehungen zu unseren Kunden aufzubauen, was wir durch die ausgezeichnete Arbeit des gesamten Teams erreichen. Wir entwickeln Fertigungsl\u00f6sungen f\u00fcr verschiedene Branchen und M\u00e4rkte in ganz Europa. Ein Gro\u00dfteil unserer Kunden kommt aus der Automobilindustrie, so dass [&hellip;]<\/p>\n","protected":false},"author":1,"featured_media":0,"parent":0,"menu_order":0,"comment_status":"closed","ping_status":"closed","template":"","meta":[],"yoast_head":"<!-- This site is optimized with the Yoast SEO plugin v16.1.1 - https:\/\/yoast.com\/wordpress\/plugins\/seo\/ -->\n<title>Referenzen - OECO d.o.o.<\/title>\n<meta name=\"robots\" content=\"index, follow, max-snippet:-1, max-image-preview:large, max-video-preview:-1\" \/>\n<link rel=\"canonical\" href=\"https:\/\/oeco.si\/de\/referenzen\/\" \/>\n<meta property=\"og:locale\" content=\"de_DE\" \/>\n<meta property=\"og:type\" content=\"article\" \/>\n<meta property=\"og:title\" content=\"Referenzen - OECO d.o.o.\" \/>\n<meta property=\"og:description\" content=\"[vc_row css=&#8221;.vc_custom_1607001317356{padding-bottom: 20px !important;}&#8221;][vc_column css=&#8221;.vc_custom_1604566272423{padding-top: 0px !important;}&#8221;][cms_space space_lg=&#8221;24&#8243; space_md=&#8221;24&#8243; space_sm=&#8221;24&#8243; space_xs=&#8221;0&#8243;][cms_text_block]All unsere Bem\u00fchungen sind darauf ausgerichtet, gute und langlebige Beziehungen zu unseren Kunden aufzubauen, was wir durch die ausgezeichnete Arbeit des gesamten Teams erreichen. Wir entwickeln Fertigungsl\u00f6sungen f\u00fcr verschiedene Branchen und M\u00e4rkte in ganz Europa. Ein Gro\u00dfteil unserer Kunden kommt aus der Automobilindustrie, so dass [&hellip;]\" \/>\n<meta property=\"og:url\" content=\"https:\/\/oeco.si\/de\/referenzen\/\" \/>\n<meta property=\"og:site_name\" content=\"OECO d.o.o.\" \/>\n<meta property=\"article:modified_time\" content=\"2021-11-29T16:42:15+00:00\" \/>\n<meta name=\"twitter:card\" content=\"summary_large_image\" \/>\n<meta name=\"twitter:label1\" content=\"Gesch\u00e4tzte Lesezeit\">\n\t<meta name=\"twitter:data1\" content=\"1\u00a0Minute\">\n<script type=\"application\/ld+json\" class=\"yoast-schema-graph\">{\"@context\":\"https:\/\/schema.org\",\"@graph\":[{\"@type\":\"WebSite\",\"@id\":\"https:\/\/oeco.si\/#website\",\"url\":\"https:\/\/oeco.si\/\",\"name\":\"OECO d.o.o.\",\"description\":\"Tooling solutions\",\"potentialAction\":[{\"@type\":\"SearchAction\",\"target\":\"https:\/\/oeco.si\/?s={search_term_string}\",\"query-input\":\"required name=search_term_string\"}],\"inLanguage\":\"de\"},{\"@type\":\"WebPage\",\"@id\":\"https:\/\/oeco.si\/de\/referenzen\/#webpage\",\"url\":\"https:\/\/oeco.si\/de\/referenzen\/\",\"name\":\"Referenzen - OECO d.o.o.\",\"isPartOf\":{\"@id\":\"https:\/\/oeco.si\/#website\"},\"datePublished\":\"2020-11-23T13:58:06+00:00\",\"dateModified\":\"2021-11-29T16:42:15+00:00\",\"breadcrumb\":{\"@id\":\"https:\/\/oeco.si\/de\/referenzen\/#breadcrumb\"},\"inLanguage\":\"de\",\"potentialAction\":[{\"@type\":\"ReadAction\",\"target\":[\"https:\/\/oeco.si\/de\/referenzen\/\"]}]},{\"@type\":\"BreadcrumbList\",\"@id\":\"https:\/\/oeco.si\/de\/referenzen\/#breadcrumb\",\"itemListElement\":[{\"@type\":\"ListItem\",\"position\":1,\"item\":{\"@type\":\"WebPage\",\"@id\":\"https:\/\/oeco.si\/de\/\",\"url\":\"https:\/\/oeco.si\/de\/\",\"name\":\"Home\"}},{\"@type\":\"ListItem\",\"position\":2,\"item\":{\"@type\":\"WebPage\",\"@id\":\"https:\/\/oeco.si\/de\/referenzen\/\",\"url\":\"https:\/\/oeco.si\/de\/referenzen\/\",\"name\":\"Referenzen\"}}]}]}<\/script>\n<!-- \/ Yoast SEO plugin. -->","_links":{"self":[{"href":"https:\/\/oeco.si\/de\/wp-json\/wp\/v2\/pages\/1869"}],"collection":[{"href":"https:\/\/oeco.si\/de\/wp-json\/wp\/v2\/pages"}],"about":[{"href":"https:\/\/oeco.si\/de\/wp-json\/wp\/v2\/types\/page"}],"author":[{"embeddable":true,"href":"https:\/\/oeco.si\/de\/wp-json\/wp\/v2\/users\/1"}],"replies":[{"embeddable":true,"href":"https:\/\/oeco.si\/de\/wp-json\/wp\/v2\/comments?post=1869"}],"version-history":[{"count":8,"href":"https:\/\/oeco.si\/de\/wp-json\/wp\/v2\/pages\/1869\/revisions"}],"predecessor-version":[{"id":2423,"href":"https:\/\/oeco.si\/de\/wp-json\/wp\/v2\/pages\/1869\/revisions\/2423"}],"wp:attachment":[{"href":"https:\/\/oeco.si\/de\/wp-json\/wp\/v2\/media?parent=1869"}],"curies":[{"name":"wp","href":"https:\/\/api.w.org\/{rel}","templated":true}]}}