{"id":1857,"date":"2019-07-15T03:23:18","date_gmt":"2019-07-15T01:23:18","guid":{"rendered":"https:\/\/oeco.si\/about-us\/"},"modified":"2024-10-22T12:32:51","modified_gmt":"2024-10-22T10:32:51","slug":"ueber-uns","status":"publish","type":"page","link":"https:\/\/oeco.si\/de\/ueber-uns\/","title":{"rendered":"\u00dcber uns"},"content":{"rendered":"[vc_row css=&#8221;.vc_custom_1605564184081{padding-top: 114px !important;padding-bottom: 65px !important;}&#8221;][vc_column width=&#8221;1\/2&#8243; css=&#8221;.vc_custom_1604566272423{padding-top: 0px !important;}&#8221;][cms_space space_lg=&#8221;0&#8243; space_md=&#8221;0&#8243; space_sm=&#8221;0&#8243; space_xs=&#8221;0&#8243;][cms_text_block content_color=&#8221;#000000&#8243; font_weight=&#8221;fw-600&#8243; font_size=&#8221;15&#8243; line_height=&#8221;25&#8243;]Bei OECO Tooling Solutions arbeiten engagierte Fachleute, die sich auf die Herstellung und den Vertrieb von Kunststoff-Spritzgie\u00dfwerkzeugen spezialisiert haben. Wir unterscheiden uns von anderen Anbietern durch den kompletten Service von der Herstellung bis zur Wartung der Kunststoff-Spritzgie\u00dfwerkzeugen. Durch die regelm\u00e4\u00dfige Wartung gew\u00e4hrleisten wir eine lange Lebensdauer der Werkzeuge und stellen f\u00fcr viele Unternehmen eine L\u00f6sung dar, die eine kontinuierliche Unterst\u00fctzung in allen Aspekten des Spritzgie\u00dfens suchen.[\/cms_text_block][vc_empty_space height=&#8221;20&#8243;][cms_text_block]Wir arbeiten konstant mit Simulationen, um Entwicklung Ihres Produktes zu optimieren und Ihre Kunststoff-Spritzgie\u00dfwerkzeugen fehlerfrei zu fertigen. Wir erzielen so optimierte Prozesse, sinken Produktionskosten und garantieren die Langlebigkeit Ihrer Werkzeuge.[\/cms_text_block][vc_empty_space height=&#8221;15&#8243;][cms_text_block content_color=&#8221;#000000&#8243; font_weight=&#8221;fw-600&#8243;]Bei Ihrer ersten Bestellung bieten wir Ihnen individuell angepasste Zahlungsm\u00f6glichkeiten an.[\/cms_text_block][vc_empty_space height=&#8221;15&#8243;][cms_text_block]Da der Markt <strong>kurze Lieferzeiten<\/strong>, gro\u00dfe Fertigungsflexibilit\u00e4t und <strong>wettbewerbsf\u00e4hige Preise<\/strong> verlangt, bieten wir L\u00f6sungen an, die sowohl Sie als auch Ihre Endkunden \u00fcberzeugen werden. Wir beraten Sie in allen Phasen des Projekts und f\u00fchren Sie Schritt f\u00fcr Schritt durch den Prozess der Werkzeugherstellung bei unserem zertifizierten Lieferanten aus China. Mit uns an Bord sparen Sie Personalressourcen, die Sie sonst f\u00fcr das Projektmanagement ben\u00f6tigen w\u00fcrden.[\/cms_text_block][\/vc_column][vc_column width=&#8221;1\/2&#8243; cms_column_class=&#8221;rm-padding-lg&#8221; css=&#8221;.vc_custom_1604566279363{padding-top: 0px !important;padding-right: 26px !important;padding-left: 50px !important;}&#8221;][cms_space space_lg=&#8221;0&#8243; space_md=&#8221;0&#8243; space_sm=&#8221;0&#8243; space_xs=&#8221;60&#8243;][vc_single_image image=&#8221;2031&#8243; img_size=&#8221;full&#8221; alignment=&#8221;center&#8221;][vc_row_inner disable_element=&#8221;yes&#8221;][vc_column_inner][cms_video_player video_link=&#8221;url:https%3A%2F%2Fwww.youtube.com%2Fwatch%3Fv%3DSF4aHwxHtZ0|||&#8221; video_intro=&#8221;1329&#8243;][\/vc_column_inner][\/vc_row_inner][\/vc_column][\/vc_row][vc_row full_width=&#8221;stretch_row&#8221; css=&#8221;.vc_custom_1606569507080{padding-bottom: 30px !important;}&#8221;][vc_column css=&#8221;.vc_custom_1604424332627{padding-top: 0px !important;}&#8221; offset=&#8221;vc_col-lg-12 vc_col-md-12&#8243;][cms_space space_lg=&#8221;24&#8243; space_md=&#8221;24&#8243; space_sm=&#8221;24&#8243; space_xs=&#8221;24&#8243;][vc_custom_heading text=&#8221;Unser Team&#8221; font_container=&#8221;tag:h3|font_size:28px|text_align:center|color:%230070b9|line_height:35px&#8221; use_theme_fonts=&#8221;yes&#8221;][\/vc_column][\/vc_row][vc_row full_width=&#8221;stretch_row&#8221;][vc_column width=&#8221;1\/3&#8243; css=&#8221;.vc_custom_1604566259013{padding-top: 0px !important;}&#8221;][vc_column_text el_id=&#8221;oeco__blockItem&#8221;]<em>Alle meine Bem\u00fchungen sind darauf ausgerichtet, gute und dauerhafte Beziehungen zu unseren Kunden aufzubauen, was wir nur durch die ausgezeichnete Arbeit des gesamten Teams erreichen k\u00f6nnen.<\/em><\/p>\n<p><span style=\"font-size: 14px;\"><strong>&#8211; <a href=\"https:\/\/www.linkedin.com\/in\/milan-sebalj\/\" target=\"_blank\" rel=\"noopener\">Milan \u0160ebalj<\/a><\/strong>,<\/span> <span style=\"font-size: 12px; color: #646464;\">CEO<\/span>[\/vc_column_text][\/vc_column][vc_column width=&#8221;1\/3&#8243;][vc_column_text el_id=&#8221;oeco__blockItem&#8221;]<em>Der Service, den wir unseren Kunden bieten, ist entscheidend f\u00fcr den Aufbau einer Beziehung. Der beste Weg, diese Beziehung zu pflegen, ist hervorragende Arbeit. Wir bauen eine vertrauensvolle Zusammenarbeit auf, indem wir Diskretion wahren und uns an hohe ethische Standards halten.<\/em><\/p>\n<p><span style=\"font-size: 14px;\"><strong>&#8211; <a href=\"https:\/\/www.linkedin.com\/in\/ana-lucia-s\u00e1nchez-ben\u00edtez-529690123\" target=\"_blank\" rel=\"noopener\">Ana Lucia Sanchez<\/a>,<\/strong><\/span> <span style=\"font-size: 12px; color: #646464;\">Leiterin Finanzen und Verwaltung<\/span>[\/vc_column_text][\/vc_column][vc_column width=&#8221;1\/3&#8243;][vc_column_text el_id=&#8221;oeco__blockItem&#8221;]<em>Ich m\u00f6chte die Anforderungen und Bed\u00fcrfnisse unserer Kunden verstehen und ihre Erwartungen erf\u00fcllen. Ich m\u00f6chte, dass unsere Kunden mit unseren Dienstleistungen zufrieden sind und uns die Treue halten. Gemeinsam k\u00f6nnen wir mehr erreichen.<\/em><\/p>\n<p><strong>&#8211;<\/strong> <span style=\"font-size: 14px; color: #0070b9;\"><strong>Sladjana Fina,<\/strong><\/span> <span style=\"font-size: 12px; color: #646464;\">Projektleitung und Logistik<\/span>[\/vc_column_text][\/vc_column][\/vc_row][vc_row full_width=&#8221;stretch_row&#8221; css=&#8221;.vc_custom_1607082446455{padding-bottom: 50px !important;}&#8221;][vc_column width=&#8221;1\/3&#8243; css=&#8221;.vc_custom_1604566259013{padding-top: 0px !important;}&#8221;][vc_column_text el_id=&#8221;oeco__blockItem&#8221;]<em>All unsere technischen und personellen Ressourcen werden Ihnen jederzeit in vollem Umfang zur Verf\u00fcgung stehen und sich ganz der Durchf\u00fchrung Ihrer Projekte und der Erreichung unserer gemeinsamen Ziele widmen.<\/em><\/p>\n<p><span style=\"font-size: 14px;\"><strong>&#8211; <a href=\"https:\/\/www.linkedin.com\/in\/jure-vogric\/\" target=\"_blank\" rel=\"noopener\">Jure Vogri\u010d<\/a>,<\/strong><\/span> <span style=\"font-size: 12px; color: #646464;\">Projektmanager<\/span>[\/vc_column_text][\/vc_column][vc_column width=&#8221;1\/3&#8243;][vc_column_text el_id=&#8221;oeco__blockItem&#8221;]<em>Alle Werkzeuge werden aus hochwertigen Materialien und innerhalb der vereinbarten Zeit hergestellt. Wir pr\u00fcfen sie sorgf\u00e4ltig, um sicherzustellen, dass sie den Kundenanforderungen entsprechen.<\/em><\/p>\n<p><strong>&#8211;<\/strong> <span style=\"font-size: 14px; color: #0070b9;\"><strong>Marjan Franeti\u010d,<\/strong><\/span> <span style=\"font-size: 12px; color: #646464;\">Leiter Werkzeugkonstruktion<\/span>[\/vc_column_text][\/vc_column][vc_column width=&#8221;1\/3&#8243; offset=&#8221;vc_hidden-lg vc_hidden-md vc_hidden-sm vc_hidden-xs&#8221;][vc_column_text el_id=&#8221;oeco__blockItem&#8221;]<em>After 30 years of experience and more than four thousand molds I still enjoy finding solutions and helping our customers to get the best tools possible.<\/em><\/p>\n<p><span style=\"font-size: 14px;\"><strong>&#8211; Drago Klun,<\/strong><\/span> <span style=\"font-size: 12px; color: #646464;\">Tooling specialist<\/span>[\/vc_column_text][\/vc_column][\/vc_row]\n","protected":false},"excerpt":{"rendered":"<p>[vc_row css=&#8221;.vc_custom_1605564184081{padding-top: 114px !important;padding-bottom: 65px !important;}&#8221;][vc_column width=&#8221;1\/2&#8243; css=&#8221;.vc_custom_1604566272423{padding-top: 0px !important;}&#8221;][cms_space space_lg=&#8221;0&#8243; space_md=&#8221;0&#8243; space_sm=&#8221;0&#8243; space_xs=&#8221;0&#8243;][cms_text_block content_color=&#8221;#000000&#8243; font_weight=&#8221;fw-600&#8243; font_size=&#8221;15&#8243; line_height=&#8221;25&#8243;]Bei OECO Tooling Solutions arbeiten engagierte Fachleute, die sich auf die Herstellung und den Vertrieb von Kunststoff-Spritzgie\u00dfwerkzeugen spezialisiert haben. Wir unterscheiden uns von anderen Anbietern durch den kompletten Service von der Herstellung bis zur Wartung der Kunststoff-Spritzgie\u00dfwerkzeugen. Durch [&hellip;]<\/p>\n","protected":false},"author":1,"featured_media":0,"parent":0,"menu_order":0,"comment_status":"closed","ping_status":"closed","template":"","meta":[],"yoast_head":"<!-- This site is optimized with the Yoast SEO plugin v16.1.1 - https:\/\/yoast.com\/wordpress\/plugins\/seo\/ -->\n<title>\u00dcber uns - OECO d.o.o.<\/title>\n<meta name=\"robots\" content=\"index, follow, max-snippet:-1, max-image-preview:large, max-video-preview:-1\" \/>\n<link rel=\"canonical\" href=\"https:\/\/oeco.si\/de\/ueber-uns\/\" \/>\n<meta property=\"og:locale\" content=\"de_DE\" \/>\n<meta property=\"og:type\" content=\"article\" \/>\n<meta property=\"og:title\" content=\"\u00dcber uns - OECO d.o.o.\" \/>\n<meta property=\"og:description\" content=\"[vc_row css=&#8221;.vc_custom_1605564184081{padding-top: 114px !important;padding-bottom: 65px !important;}&#8221;][vc_column width=&#8221;1\/2&#8243; css=&#8221;.vc_custom_1604566272423{padding-top: 0px !important;}&#8221;][cms_space space_lg=&#8221;0&#8243; space_md=&#8221;0&#8243; space_sm=&#8221;0&#8243; space_xs=&#8221;0&#8243;][cms_text_block content_color=&#8221;#000000&#8243; font_weight=&#8221;fw-600&#8243; font_size=&#8221;15&#8243; line_height=&#8221;25&#8243;]Bei OECO Tooling Solutions arbeiten engagierte Fachleute, die sich auf die Herstellung und den Vertrieb von Kunststoff-Spritzgie\u00dfwerkzeugen spezialisiert haben. Wir unterscheiden uns von anderen Anbietern durch den kompletten Service von der Herstellung bis zur Wartung der Kunststoff-Spritzgie\u00dfwerkzeugen. Durch [&hellip;]\" \/>\n<meta property=\"og:url\" content=\"https:\/\/oeco.si\/de\/ueber-uns\/\" \/>\n<meta property=\"og:site_name\" content=\"OECO d.o.o.\" \/>\n<meta property=\"article:modified_time\" content=\"2024-10-22T10:32:51+00:00\" \/>\n<meta name=\"twitter:card\" content=\"summary_large_image\" \/>\n<meta name=\"twitter:label1\" content=\"Gesch\u00e4tzte Lesezeit\">\n\t<meta name=\"twitter:data1\" content=\"3\u00a0Minuten\">\n<script type=\"application\/ld+json\" class=\"yoast-schema-graph\">{\"@context\":\"https:\/\/schema.org\",\"@graph\":[{\"@type\":\"WebSite\",\"@id\":\"https:\/\/oeco.si\/#website\",\"url\":\"https:\/\/oeco.si\/\",\"name\":\"OECO d.o.o.\",\"description\":\"Tooling solutions\",\"potentialAction\":[{\"@type\":\"SearchAction\",\"target\":\"https:\/\/oeco.si\/?s={search_term_string}\",\"query-input\":\"required name=search_term_string\"}],\"inLanguage\":\"de\"},{\"@type\":\"WebPage\",\"@id\":\"https:\/\/oeco.si\/de\/ueber-uns\/#webpage\",\"url\":\"https:\/\/oeco.si\/de\/ueber-uns\/\",\"name\":\"\\u00dcber uns - OECO d.o.o.\",\"isPartOf\":{\"@id\":\"https:\/\/oeco.si\/#website\"},\"datePublished\":\"2019-07-15T01:23:18+00:00\",\"dateModified\":\"2024-10-22T10:32:51+00:00\",\"breadcrumb\":{\"@id\":\"https:\/\/oeco.si\/de\/ueber-uns\/#breadcrumb\"},\"inLanguage\":\"de\",\"potentialAction\":[{\"@type\":\"ReadAction\",\"target\":[\"https:\/\/oeco.si\/de\/ueber-uns\/\"]}]},{\"@type\":\"BreadcrumbList\",\"@id\":\"https:\/\/oeco.si\/de\/ueber-uns\/#breadcrumb\",\"itemListElement\":[{\"@type\":\"ListItem\",\"position\":1,\"item\":{\"@type\":\"WebPage\",\"@id\":\"https:\/\/oeco.si\/de\/\",\"url\":\"https:\/\/oeco.si\/de\/\",\"name\":\"Home\"}},{\"@type\":\"ListItem\",\"position\":2,\"item\":{\"@type\":\"WebPage\",\"@id\":\"https:\/\/oeco.si\/de\/ueber-uns\/\",\"url\":\"https:\/\/oeco.si\/de\/ueber-uns\/\",\"name\":\"\\u00dcber uns\"}}]}]}<\/script>\n<!-- \/ Yoast SEO plugin. -->","_links":{"self":[{"href":"https:\/\/oeco.si\/de\/wp-json\/wp\/v2\/pages\/1857"}],"collection":[{"href":"https:\/\/oeco.si\/de\/wp-json\/wp\/v2\/pages"}],"about":[{"href":"https:\/\/oeco.si\/de\/wp-json\/wp\/v2\/types\/page"}],"author":[{"embeddable":true,"href":"https:\/\/oeco.si\/de\/wp-json\/wp\/v2\/users\/1"}],"replies":[{"embeddable":true,"href":"https:\/\/oeco.si\/de\/wp-json\/wp\/v2\/comments?post=1857"}],"version-history":[{"count":11,"href":"https:\/\/oeco.si\/de\/wp-json\/wp\/v2\/pages\/1857\/revisions"}],"predecessor-version":[{"id":2632,"href":"https:\/\/oeco.si\/de\/wp-json\/wp\/v2\/pages\/1857\/revisions\/2632"}],"wp:attachment":[{"href":"https:\/\/oeco.si\/de\/wp-json\/wp\/v2\/media?parent=1857"}],"curies":[{"name":"wp","href":"https:\/\/api.w.org\/{rel}","templated":true}]}}