{"id":1806,"date":"2021-01-26T14:10:02","date_gmt":"2021-01-26T13:10:02","guid":{"rendered":"https:\/\/oeco.si\/quality-policy\/"},"modified":"2025-07-02T00:34:23","modified_gmt":"2025-07-01T22:34:23","slug":"die-qualitaetspolitik","status":"publish","type":"page","link":"https:\/\/oeco.si\/de\/die-qualitaetspolitik\/","title":{"rendered":"Die Qualit\u00e4tspolitik"},"content":{"rendered":"[vc_row css=&#8221;.vc_custom_1611667121193{padding-top: 80px !important;}&#8221; el_id=&#8221;quality_policy&#8221;][vc_column][vc_custom_heading text=&#8221;Die Qualit\u00e4tspolitik des Unternehmens OECO d.o.o.&#8221; font_container=&#8221;tag:h2|text_align:left|color:%230070b9&#8243; use_theme_fonts=&#8221;yes&#8221;][vc_column_text css=&#8221;.vc_custom_1744196486441{margin-bottom: 30px !important;padding-top: 10px !important;}&#8221;]Die Qualit\u00e4tspolitik des Unternehmens OECO d.o.o. basiert auf unserer Vision, Berufung und Verpflichtung zu den wichtigsten Richtlinien unseres Unternehmens und auf der Verpflichtung, Kunden-, Rechts- und alle anderen Anforderungen zu erf\u00fcllen, die f\u00fcr das ordnungsgem\u00e4\u00dfe Funktionieren des Unternehmens relevant sind.<\/p>\n<p>Als junges, schnell wachsendes Dienstleistungsunternehmen sind wir uns der Bedeutung des ordnungsgem\u00e4\u00dfen Betriebs des Unternehmens bewusst, der uns erm\u00f6glicht, die Angemessenheit unserer Dienstleistungen und die daraus resultierende Zufriedenheit unserer wichtigsten Kunden zu gew\u00e4hrleisten. Gleichzeitig ist dies unser wichtigster Vorteil beim Erwerb neuer Gesch\u00e4fte.[\/vc_column_text][vc_column_text css=&#8221;.vc_custom_1744196557252{margin-bottom: 30px !important;}&#8221;]\n<h5><span style=\"color: #0070b9; margin-bottom: 20px;\">Mit der Qualit\u00e4tspolitik verpflichten wir uns zu:<\/span><\/h5>\n<ul>\n<li>Etablierten Betriebsabl\u00e4ufen im Unternehmen, die ordnungsgem\u00e4\u00df \u00fcberwacht werden;<\/li>\n<li>Kompetentem Personal, das f\u00fcr den ordnungsgem\u00e4\u00dfen Betrieb in den einzelnen Unternehmensprozessen qualifiziert ist;<\/li>\n<li>Etabliertem Risikobewertungssystem und folglich ermittelte Ma\u00dfnahmen;<\/li>\n<li>Etabliertem System kontinuierlicher Verbesserung;<\/li>\n<li>Etablierter Betrieb des Unternehmens nach allen gesetzlichen Anforderungen.<\/li>\n<\/ul>\n[\/vc_column_text][vc_column_text]\n<h5><span style=\"color: #0070b9;\">Zus\u00e4tzlich zu den oben genannten Punkten verpflichtet sich das Top-Management:<\/span><\/h5>\n<ul>\n<li>Sich um die Implementierung, Aufrechthaltung und kontinuierliche Verbesserung des Qualit\u00e4tsmanagementsystems ISO 9001: 2015 zu k\u00fcmmern;<\/li>\n<li>Die Qualit\u00e4tspolitik im Unternehmen umzusetzen und sie gegen\u00fcber allen Mitarbeitern darzustellen;<\/li>\n<li>Alle Mitarbeiter bei ihrer Arbeit im Unternehmen OECO d.o.o. zu unterst\u00fctzen;<\/li>\n<li>Eine angemessene Partnerschaft mit den wichtigen Lieferanten \/ Dienstleistern zu gew\u00e4hrleisten;<\/li>\n<li>Anforderungen und Erwartungen aller interessierten Parteien zu erkennen und dazu Stellungnahme zu nehmen.<\/li>\n<\/ul>\n[\/vc_column_text][\/vc_column][\/vc_row][vc_row css=&#8221;.vc_custom_1645652632238{padding-top: 30px !important;padding-bottom: 70px !important;}&#8221;][vc_column width=&#8221;1\/2&#8243;][vc_column_text el_class=&#8221;oeco__qp_date&#8221; css=&#8221;.vc_custom_1744196790896{margin-bottom: 0px !important;}&#8221;]Auf: 01.01.2025[\/vc_column_text][\/vc_column][vc_column width=&#8221;1\/2&#8243;][vc_column_text text_align=&#8221;text-right&#8221; el_class=&#8221;oeco__qp_ceo&#8221; css=&#8221;.vc_custom_1612428329060{margin-bottom: 0px !important;}&#8221;]CEO: Milan \u0160ebalj[\/vc_column_text][\/vc_column][\/vc_row]\n","protected":false},"excerpt":{"rendered":"<p>[vc_row css=&#8221;.vc_custom_1611667121193{padding-top: 80px !important;}&#8221; el_id=&#8221;quality_policy&#8221;][vc_column][vc_custom_heading text=&#8221;Die Qualit\u00e4tspolitik des Unternehmens OECO d.o.o.&#8221; font_container=&#8221;tag:h2|text_align:left|color:%230070b9&#8243; use_theme_fonts=&#8221;yes&#8221;][vc_column_text css=&#8221;.vc_custom_1744196486441{margin-bottom: 30px !important;padding-top: 10px !important;}&#8221;]Die Qualit\u00e4tspolitik des Unternehmens OECO d.o.o. basiert auf unserer Vision, Berufung und Verpflichtung zu den wichtigsten Richtlinien unseres Unternehmens und auf der Verpflichtung, Kunden-, Rechts- und alle anderen Anforderungen zu erf\u00fcllen, die f\u00fcr das ordnungsgem\u00e4\u00dfe Funktionieren des Unternehmens [&hellip;]<\/p>\n","protected":false},"author":1,"featured_media":0,"parent":0,"menu_order":0,"comment_status":"closed","ping_status":"closed","template":"","meta":[],"yoast_head":"<!-- This site is optimized with the Yoast SEO plugin v16.1.1 - https:\/\/yoast.com\/wordpress\/plugins\/seo\/ -->\n<title>Die Qualit\u00e4tspolitik - OECO d.o.o.<\/title>\n<meta name=\"robots\" content=\"index, follow, max-snippet:-1, max-image-preview:large, max-video-preview:-1\" \/>\n<link rel=\"canonical\" href=\"https:\/\/oeco.si\/de\/die-qualitaetspolitik\/\" \/>\n<meta property=\"og:locale\" content=\"de_DE\" \/>\n<meta property=\"og:type\" content=\"article\" \/>\n<meta property=\"og:title\" content=\"Die Qualit\u00e4tspolitik - OECO d.o.o.\" \/>\n<meta property=\"og:description\" content=\"[vc_row css=&#8221;.vc_custom_1611667121193{padding-top: 80px !important;}&#8221; el_id=&#8221;quality_policy&#8221;][vc_column][vc_custom_heading text=&#8221;Die Qualit\u00e4tspolitik des Unternehmens OECO d.o.o.&#8221; font_container=&#8221;tag:h2|text_align:left|color:%230070b9&#8243; use_theme_fonts=&#8221;yes&#8221;][vc_column_text css=&#8221;.vc_custom_1744196486441{margin-bottom: 30px !important;padding-top: 10px !important;}&#8221;]Die Qualit\u00e4tspolitik des Unternehmens OECO d.o.o. basiert auf unserer Vision, Berufung und Verpflichtung zu den wichtigsten Richtlinien unseres Unternehmens und auf der Verpflichtung, Kunden-, Rechts- und alle anderen Anforderungen zu erf\u00fcllen, die f\u00fcr das ordnungsgem\u00e4\u00dfe Funktionieren des Unternehmens [&hellip;]\" \/>\n<meta property=\"og:url\" content=\"https:\/\/oeco.si\/de\/die-qualitaetspolitik\/\" \/>\n<meta property=\"og:site_name\" content=\"OECO d.o.o.\" \/>\n<meta property=\"article:modified_time\" content=\"2025-07-01T22:34:23+00:00\" \/>\n<meta name=\"twitter:card\" content=\"summary_large_image\" \/>\n<meta name=\"twitter:label1\" content=\"Gesch\u00e4tzte Lesezeit\">\n\t<meta name=\"twitter:data1\" content=\"2\u00a0Minuten\">\n<script type=\"application\/ld+json\" class=\"yoast-schema-graph\">{\"@context\":\"https:\/\/schema.org\",\"@graph\":[{\"@type\":\"WebSite\",\"@id\":\"https:\/\/oeco.si\/#website\",\"url\":\"https:\/\/oeco.si\/\",\"name\":\"OECO d.o.o.\",\"description\":\"Tooling solutions\",\"potentialAction\":[{\"@type\":\"SearchAction\",\"target\":\"https:\/\/oeco.si\/?s={search_term_string}\",\"query-input\":\"required name=search_term_string\"}],\"inLanguage\":\"de\"},{\"@type\":\"WebPage\",\"@id\":\"https:\/\/oeco.si\/de\/die-qualitaetspolitik\/#webpage\",\"url\":\"https:\/\/oeco.si\/de\/die-qualitaetspolitik\/\",\"name\":\"Die Qualit\\u00e4tspolitik - OECO d.o.o.\",\"isPartOf\":{\"@id\":\"https:\/\/oeco.si\/#website\"},\"datePublished\":\"2021-01-26T13:10:02+00:00\",\"dateModified\":\"2025-07-01T22:34:23+00:00\",\"breadcrumb\":{\"@id\":\"https:\/\/oeco.si\/de\/die-qualitaetspolitik\/#breadcrumb\"},\"inLanguage\":\"de\",\"potentialAction\":[{\"@type\":\"ReadAction\",\"target\":[\"https:\/\/oeco.si\/de\/die-qualitaetspolitik\/\"]}]},{\"@type\":\"BreadcrumbList\",\"@id\":\"https:\/\/oeco.si\/de\/die-qualitaetspolitik\/#breadcrumb\",\"itemListElement\":[{\"@type\":\"ListItem\",\"position\":1,\"item\":{\"@type\":\"WebPage\",\"@id\":\"https:\/\/oeco.si\/de\/\",\"url\":\"https:\/\/oeco.si\/de\/\",\"name\":\"Home\"}},{\"@type\":\"ListItem\",\"position\":2,\"item\":{\"@type\":\"WebPage\",\"@id\":\"https:\/\/oeco.si\/de\/die-qualitaetspolitik\/\",\"url\":\"https:\/\/oeco.si\/de\/die-qualitaetspolitik\/\",\"name\":\"Die Qualit\\u00e4tspolitik\"}}]}]}<\/script>\n<!-- \/ Yoast SEO plugin. -->","_links":{"self":[{"href":"https:\/\/oeco.si\/de\/wp-json\/wp\/v2\/pages\/1806"}],"collection":[{"href":"https:\/\/oeco.si\/de\/wp-json\/wp\/v2\/pages"}],"about":[{"href":"https:\/\/oeco.si\/de\/wp-json\/wp\/v2\/types\/page"}],"author":[{"embeddable":true,"href":"https:\/\/oeco.si\/de\/wp-json\/wp\/v2\/users\/1"}],"replies":[{"embeddable":true,"href":"https:\/\/oeco.si\/de\/wp-json\/wp\/v2\/comments?post=1806"}],"version-history":[{"count":15,"href":"https:\/\/oeco.si\/de\/wp-json\/wp\/v2\/pages\/1806\/revisions"}],"predecessor-version":[{"id":2677,"href":"https:\/\/oeco.si\/de\/wp-json\/wp\/v2\/pages\/1806\/revisions\/2677"}],"wp:attachment":[{"href":"https:\/\/oeco.si\/de\/wp-json\/wp\/v2\/media?parent=1806"}],"curies":[{"name":"wp","href":"https:\/\/api.w.org\/{rel}","templated":true}]}}